{"id":9951,"date":"2025-04-23T10:56:17","date_gmt":"2025-04-23T10:56:17","guid":{"rendered":"https:\/\/lornaearth.com\/?post_type=product&#038;p=9951"},"modified":"2025-10-21T09:45:56","modified_gmt":"2025-10-21T09:45:56","slug":"crema-intensa","status":"publish","type":"product","link":"https:\/\/lornaearth.com\/en\/product\/crema-intensa\/","title":{"rendered":"RICH CREAM"},"content":{"rendered":"<p>PERS Rich Cream is intensely nourishing and moisturizing. It promotes cell regeneration and helps skin repair itself deeply. Highly concentrated in peptides, allantoin and panthenol, the balm formula acts like a cosmetic bandage to nourish and boost cell renewal.<br \/>\nRich, thick texture, non-greasy, non-sticky, sensation of comfort.<\/p>\n<p>\u2713Hydrates and deeply nourishes<br \/>\n\u2713Reduces signs of aging, fine lines and wrinkles<br \/>\n\u2713Improves elasticity and plumps skin<br \/>\n\u2713Provides suppleness and comfort<br \/>\n\u2713 Combate la flacidez de los rasgos faciales<br \/>\n\u2713 Improves skin texture<\/p>\n<p>Skin is softer, visibly more beautiful and younger-looking.<\/p>\n<p>{{detalles}}<\/p>\n<p>\u00b7 Made in France<\/p>\n<p>\u00b7 95% Natural Origin. Vegan Formula.<\/p>\n<p>\u00b7 50 ml<\/p>\n<p>\u00b7 Ingredients: Aqua, Caprylic\/Capric triglyceride, Glyceryl stearate, Pentylene glycol, Hydroxystearic\/Linolenic\/Oleic polyglycerides, C10-18 triglycerides, Stearic acid, Palmitic acid, Dimethicone, Allantoin, Lauroyl lysine, Parfum, Panthenol, Potassium hydroxide, Propylene glycol, Helianthus annuus seed oil, Glycine soja oil, Disodium phosphate, Tocopherol, Sodium phosphate, Caprylyl glycol, Beta-sitosterol, Squalene, Acetyl hexapeptide-8, Bixa orellana seed oil, Alpha-Isomethyl ionone, Citronellol, Eugenol, Geraniol, Limonene, Linalool, Isoeugenyl acetate, Linalyl acetate, Pinene, Citrus aurantium bergamia peel oil , Dimethyl phenethyl acetate , Juniperus virginiana oil , Tetramethyl acetyloctahydronaphthalenes , Trimethylcyclopentenyl methylisopentenol<\/p>\n<p>{{\/detalles}}<\/p>\n<p>{{instrucciones}}<\/p>\n<p>Using the applicator, squeeze a generous dab of Rich Cream into the palm of your hands.<\/p>\n<ol>\n<li>Start by breathing in the product to prepare your senses for application.<\/li>\n<li>\u00b7 Then apply the cream, gently smoothing over your chin and the cheekbone area with upward strokes. Continue from cheeks to ears.<\/li>\n<li>Continue by alternating hands to smooth the cream onto the forehead, then back down onto the lymph node chain.<\/li>\n<li>Finish with the oval of the face, neck and d\u00e9collet\u00e9, using gentle, upward movements.<\/li>\n<\/ol>\n<p>{{\/instrucciones}}<\/p>","protected":false},"excerpt":{"rendered":"<p>PERS Rich Cream es intensamente nutritiva e hidratante. Promueve la regeneraci\u00f3n celular y ayuda a la piel a repararse en profundidad. Altamente concentrada en p\u00e9ptidos, alanto\u00edna y pantenol, su f\u00f3rmula en b\u00e1lsamo act\u00faa como un vendaje cosm\u00e9tico que nutre y estimula la renovaci\u00f3n celular. Textura rica y espesa, no grasa, no pegajosa, con una sensaci\u00f3n<a class=\"more-link\" href=\"https:\/\/lornaearth.com\/en\/product\/crema-intensa\/\">Read more  &#10230;<\/a><\/p>","protected":false},"featured_media":9952,"template":"","meta":{"om_disable_all_campaigns":false,"_monsterinsights_skip_tracking":false,"_monsterinsights_sitenote_active":false,"_monsterinsights_sitenote_note":"","_monsterinsights_sitenote_category":0,"_uf_show_specific_survey":0,"_uf_disable_surveys":false},"product_brand":[],"product_cat":[70],"product_tag":[],"class_list":{"0":"post-9951","1":"product","2":"type-product","3":"status-publish","4":"has-post-thumbnail","6":"product_cat-autocuidado","8":"first","9":"instock","10":"taxable","11":"shipping-taxable","12":"purchasable","13":"product-type-simple"},"_links":{"self":[{"href":"https:\/\/lornaearth.com\/en\/wp-json\/wp\/v2\/product\/9951","targetHints":{"allow":["GET"]}}],"collection":[{"href":"https:\/\/lornaearth.com\/en\/wp-json\/wp\/v2\/product"}],"about":[{"href":"https:\/\/lornaearth.com\/en\/wp-json\/wp\/v2\/types\/product"}],"wp:featuredmedia":[{"embeddable":true,"href":"https:\/\/lornaearth.com\/en\/wp-json\/wp\/v2\/media\/9952"}],"wp:attachment":[{"href":"https:\/\/lornaearth.com\/en\/wp-json\/wp\/v2\/media?parent=9951"}],"wp:term":[{"taxonomy":"product_brand","embeddable":true,"href":"https:\/\/lornaearth.com\/en\/wp-json\/wp\/v2\/product_brand?post=9951"},{"taxonomy":"product_cat","embeddable":true,"href":"https:\/\/lornaearth.com\/en\/wp-json\/wp\/v2\/product_cat?post=9951"},{"taxonomy":"product_tag","embeddable":true,"href":"https:\/\/lornaearth.com\/en\/wp-json\/wp\/v2\/product_tag?post=9951"}],"curies":[{"name":"wp","href":"https:\/\/api.w.org\/{rel}","templated":true}]}}