{"id":9948,"date":"2025-04-23T10:45:07","date_gmt":"2025-04-23T10:45:07","guid":{"rendered":"https:\/\/lornaearth.com\/?post_type=product&#038;p=9948"},"modified":"2025-10-22T09:09:08","modified_gmt":"2025-10-22T09:09:08","slug":"crema-ligera","status":"publish","type":"product","link":"https:\/\/lornaearth.com\/en\/product\/crema-ligera\/","title":{"rendered":"LIGHT CREAM"},"content":{"rendered":"<p class=\"p1\">Moisturize and nourish skin on a daily basis. Formulated with multi-molecular weight hyaluronic acid, it durably rehydrates the epidermis and reconstitutes the hydrolipidic barrier for healthier, more resilient skin day after day.\nA light, refreshing and intensely moisturizing emulsion that penetrates quickly.<\/p>\n<p class=\"p1\">\u2713 Moisturizes and nourishes daily<\/p>\n<p class=\"p1\">\u2713 Reduces signs of aging, fine lines and wrinkles<\/p>\n<p class=\"p1\">\u2713 Improves elasticity and plumps skin<\/p>\n<p class=\"p1\">\u2713 Brings suppleness and comfort<\/p>\n<p class=\"p1\">\u2713 Fights sagging facial features<\/p>\n<p class=\"p1\">\u2713 Improves skin texture<\/p>\n<p>Skin is plumped, visibly more beautiful and younger-looking.<\/p>\n<p>{{detalles}}<\/p>\n<p>\u00b7 Made in France<\/p>\n<p>\u00b7 97% Natural Origin. Vegan Formula.<\/p>\n<p>\u00b7 50 ml<\/p>\n<p>\u00b7 Ingredientes: Aqua (Water), Decyl cocoate, Caprylic\/Capric triglyceride, Glycerin, Pentylene glycol, Arachidyl alcohol, Cetearyl alcohol, Silica, Behenyl alcohol, Allantoin, Panthenol, Oleic\/Linoleic\/Linolenic polyglycerides, Microcrystalline cellulose, Parfum (Fragrance), Arachidyl glucoside, Cetyl alcohol, Xanthan gum, Sodium benzoate, Hydrolyzed hyaluronic acid, Citric acid, Cellulose gum, Sodium hyaluronate, Glycine soja (Soybean) oil, Disodium acetyl glucosamine phosphate, Tocopherol, Beta-sitosterol, Squalene, Alpha-Isomethyl Ionone, Citronellol, Eugenol, Geraniol, Limonene, Linalool<\/p>\n<p>{{\/detalles}}<\/p>\n<p>{{instrucciones}}<\/p>\n<p>Start by breathing in the product to prepare your senses for application.<\/p>\n<ol>\n<li>Aplica la crema alisando suavemente hacia arriba sobre la barbilla y la zona del pecho. Contin\u00faa desde las mejillas hacia las orejas.<\/li>\n<li>Sigue alternando las manos para extender el la crema sobre la frente y luego desl\u00edzalas hacia abajo a lo largo de la cadena de ganglios linf\u00e1ticos.<\/li>\n<li>Finish with the oval of the face, neck and d\u00e9collet\u00e9, using gentle, upward movements.<\/li>\n<\/ol>\n<p>{{\/instrucciones}}<\/p>","protected":false},"excerpt":{"rendered":"<p>Hidrata y nutre la piel a diario. Formulada con \u00e1cido hialur\u00f3nico de 2 tallas moleculares para una piel m\u00e1s sana y resiliente d\u00eda tras d\u00eda. Una emulsi\u00f3n ligera, refrescante e intensamente hidratante que penetra r\u00e1pidamente. \u2713 Hidrata a diario. \u2713 Mitiga los signos de edad, las arrugas y las l\u00edneas finas \u2713 Mejora la elasticidad<a class=\"more-link\" href=\"https:\/\/lornaearth.com\/en\/product\/crema-ligera\/\">Read more  &#10230;<\/a><\/p>","protected":false},"featured_media":9949,"template":"","meta":{"om_disable_all_campaigns":false,"_monsterinsights_skip_tracking":false,"_monsterinsights_sitenote_active":false,"_monsterinsights_sitenote_note":"","_monsterinsights_sitenote_category":0,"_uf_show_specific_survey":0,"_uf_disable_surveys":false},"product_brand":[],"product_cat":[70],"product_tag":[],"class_list":{"0":"post-9948","1":"product","2":"type-product","3":"status-publish","4":"has-post-thumbnail","6":"product_cat-autocuidado","8":"first","9":"instock","10":"taxable","11":"shipping-taxable","12":"purchasable","13":"product-type-simple"},"_links":{"self":[{"href":"https:\/\/lornaearth.com\/en\/wp-json\/wp\/v2\/product\/9948","targetHints":{"allow":["GET"]}}],"collection":[{"href":"https:\/\/lornaearth.com\/en\/wp-json\/wp\/v2\/product"}],"about":[{"href":"https:\/\/lornaearth.com\/en\/wp-json\/wp\/v2\/types\/product"}],"wp:featuredmedia":[{"embeddable":true,"href":"https:\/\/lornaearth.com\/en\/wp-json\/wp\/v2\/media\/9949"}],"wp:attachment":[{"href":"https:\/\/lornaearth.com\/en\/wp-json\/wp\/v2\/media?parent=9948"}],"wp:term":[{"taxonomy":"product_brand","embeddable":true,"href":"https:\/\/lornaearth.com\/en\/wp-json\/wp\/v2\/product_brand?post=9948"},{"taxonomy":"product_cat","embeddable":true,"href":"https:\/\/lornaearth.com\/en\/wp-json\/wp\/v2\/product_cat?post=9948"},{"taxonomy":"product_tag","embeddable":true,"href":"https:\/\/lornaearth.com\/en\/wp-json\/wp\/v2\/product_tag?post=9948"}],"curies":[{"name":"wp","href":"https:\/\/api.w.org\/{rel}","templated":true}]}}