{"id":9942,"date":"2025-04-23T09:43:49","date_gmt":"2025-04-23T09:43:49","guid":{"rendered":"https:\/\/lornaearth.com\/?post_type=product&#038;p=9942"},"modified":"2025-12-23T11:54:17","modified_gmt":"2025-12-23T11:54:17","slug":"proteccion-solar-spf-50","status":"publish","type":"product","link":"https:\/\/lornaearth.com\/en\/product\/proteccion-solar-spf-50\/","title":{"rendered":"SPF 50+ PROTECTION GEL"},"content":{"rendered":"<p>SPF50+ PA++++ Sun Protection Gel PERS offers broad-spectrum protection against UVA and UVB rays, combined with vitamin E to protect skin against premature aging, blemishes and the development of skin diseases. Transparent texture leaves no white traces, non-sticky, easy to apply, matte finish. Shake tube for a few moments before use.<\/p>\n<p class=\"p1\">\u2713 Very high UVA protection PA++++, UVB 50+<\/p>\n<p class=\"p1\">\u2713 Fights blemishes and hyperpigmentation<\/p>\n<p class=\"p1\">\u2713 Attenuates signs of aging<\/p>\n<p class=\"p1\">\u2713 Invisible, light texture, no white traces<\/p>\n<p class=\"p1\">\u2713 Non-comedogenic, matte, velvety finish<\/p>\n<p class=\"p1\">\u2713 Ideal as a make-up base, or over foundation if reapplied during the day.<\/p>\n<p>{{detalles}}<\/p>\n<p>\u00b7 Made in France<\/p>\n<p>\u00b7 40 ml<\/p>\n<p>\u00b7 Broad-spectrum protection UVA\/UVB + Vitamin E<\/p>\n<p>\u00b7 Ingredients: Isododecane, Decyl cocoate, Diethylamino hydroxybenzoyl hexyl benzoate, Silica, Isopropyl lauroyl sarcosinate, Caprylic\/Capric triglyceride, Dimethicone\/bis-isobutyl PPG-20 crosspolymer, Ethylhexyl triazone, Bis-ethylhexyloxyphenol methoxyphenyl triazine, Diethylhexyl butamido triazone, Cetyl alcohol, Ethylhexyl methoxycrylene, Silica dimethyl silylate [nano], Tocopheryl acetate, Parfum, Alpha-Isomethyl ionone, Citronellol, Eugenol, Geraniol, Limonene, Linalool, Isoeugenyl acetate, Linalyl acetate, Pinene, Citrus aurantium bergamia peel oil , Dimethyl phenethyl acetate , Juniperus virginiana oil , Tetramethyl acetyloctahydronaphthalenes , Trimethylcyclopentenyl methylisopentenol<\/p>\n<p>{{\/detalles}}<\/p>\n<p>{{instrucciones}}<\/p>\n<p class=\"\" data-start=\"0\" data-end=\"89\">Take a generous dab of the Sun Protection SPF50 PA++++ and warm it between your hands.<\/p>\n<ol>\n<li>\u00a0Start by breathing in the product to prepare your senses for application.<\/li>\n<li>\u00a0Then apply the gel gently smoothing over your chin and the cheekbone area with upward strokes. Continue from cheeks to ears.<\/li>\n<li>Despu\u00e9s, con las manos alternadas, extiende la crema sobre la frente y luego hacia abajo, siguiendo la cadena de ganglios linf\u00e1ticos.<\/li>\n<li>Follow with alternating hands to smooth the cream onto the forehead, then back down onto the lymph node chain.<\/li>\n<li>Finish with the oval of the face, neck and neckline, using gentle, upward strokes.<\/li>\n<\/ol>\n<p>{{\/instrucciones}}<\/p>","protected":false},"excerpt":{"rendered":"<p>Ofrece una protecci\u00f3n de amplio espectro contra los rayos UVA y los UVB, combinada con la vitamina E. Textura transparente, no deja ning\u00fan rastro blanco, no pega, se aplica f\u00e1cilmente, acabado mate. Agitar el tubo unos segundos antes de su uso. \u2713 Alt\u00edsima protecci\u00f3n UVA PA++++, UVB 50+ \u2713 Lucha contra las manchas y la<a class=\"more-link\" href=\"https:\/\/lornaearth.com\/en\/product\/proteccion-solar-spf-50\/\">Read more  &#10230;<\/a><\/p>","protected":false},"featured_media":9943,"template":"","meta":{"om_disable_all_campaigns":false,"_monsterinsights_skip_tracking":false,"_monsterinsights_sitenote_active":false,"_monsterinsights_sitenote_note":"","_monsterinsights_sitenote_category":0,"_uf_show_specific_survey":0,"_uf_disable_surveys":false},"product_brand":[],"product_cat":[70],"product_tag":[],"class_list":{"0":"post-9942","1":"product","2":"type-product","3":"status-publish","4":"has-post-thumbnail","6":"product_cat-autocuidado","8":"first","9":"instock","10":"taxable","11":"shipping-taxable","12":"purchasable","13":"product-type-simple"},"_links":{"self":[{"href":"https:\/\/lornaearth.com\/en\/wp-json\/wp\/v2\/product\/9942","targetHints":{"allow":["GET"]}}],"collection":[{"href":"https:\/\/lornaearth.com\/en\/wp-json\/wp\/v2\/product"}],"about":[{"href":"https:\/\/lornaearth.com\/en\/wp-json\/wp\/v2\/types\/product"}],"wp:featuredmedia":[{"embeddable":true,"href":"https:\/\/lornaearth.com\/en\/wp-json\/wp\/v2\/media\/9943"}],"wp:attachment":[{"href":"https:\/\/lornaearth.com\/en\/wp-json\/wp\/v2\/media?parent=9942"}],"wp:term":[{"taxonomy":"product_brand","embeddable":true,"href":"https:\/\/lornaearth.com\/en\/wp-json\/wp\/v2\/product_brand?post=9942"},{"taxonomy":"product_cat","embeddable":true,"href":"https:\/\/lornaearth.com\/en\/wp-json\/wp\/v2\/product_cat?post=9942"},{"taxonomy":"product_tag","embeddable":true,"href":"https:\/\/lornaearth.com\/en\/wp-json\/wp\/v2\/product_tag?post=9942"}],"curies":[{"name":"wp","href":"https:\/\/api.w.org\/{rel}","templated":true}]}}