{"id":9650,"date":"2023-12-20T09:02:30","date_gmt":"2023-12-20T09:02:30","guid":{"rendered":"https:\/\/lornaearth.com\/?post_type=product&#038;p=9650"},"modified":"2023-12-20T17:23:40","modified_gmt":"2023-12-20T17:23:40","slug":"tarjeta-regalo","status":"publish","type":"product","link":"https:\/\/lornaearth.com\/en\/product\/tarjeta-regalo\/","title":{"rendered":"GIFT CARD"},"content":{"rendered":"<p>Surprise someone with the perfect last-minute gift or give them the freedom to pick their favourite LORNA EARTH product with our Gift Cards.<\/p>\n<p>Once purchased, the Gift Cards will be promptly delivered to your inbox, making it easy for you to share with the recipient. If you would like a customized gift card amount, please contact admin@lorna.earth<\/p>\n<p>{{detalles}}<\/p>\n<p><span class=\"fontstyle0\">LORNA EARTH Gift Card<br \/>\n\u00b7 Made in Spain<\/span><\/p>\n<p>{{\/detalles}}<\/p>\n<p>{{mima_tu_prenda}}<\/p>\n<p><span class=\"fontstyle0\">Learn an environmentally friendly way to\ntake care of your clothes <a href=\"https:\/\/lornaearth.com\/en\/lorna-laundry-guide\/\">here.<\/a><\/span><\/p>\n<p>{{\/mima_tu_prenda}}<\/p>","protected":false},"excerpt":{"rendered":"<p>Sorprende a alguien con el regalo perfecto y dale la libertad de elegir su producto favorito de LORNA EARTH con nuestra Tarjeta Regalo. Una vez comprada, la tarjeta regalo se enviar\u00e1 por correo electr\u00f3nico y contendr\u00e1 un c\u00f3digo necesario para canjearla en la caja. Si desea un importe de tarjeta regalo personalizado, p\u00f3ngase en contacto<a class=\"more-link\" href=\"https:\/\/lornaearth.com\/en\/product\/tarjeta-regalo\/\">Read more  &#10230;<\/a><\/p>","protected":false},"featured_media":9655,"template":"","meta":{"om_disable_all_campaigns":false,"_monsterinsights_skip_tracking":false,"_monsterinsights_sitenote_active":false,"_monsterinsights_sitenote_note":"","_monsterinsights_sitenote_category":0,"_uf_show_specific_survey":0,"_uf_disable_surveys":false},"product_brand":[],"product_cat":[69,70,25],"product_tag":[],"class_list":{"0":"post-9650","1":"product","2":"type-product","3":"status-publish","4":"has-post-thumbnail","6":"product_cat-accesorios","7":"product_cat-autocuidado","8":"product_cat-colecciones","10":"first","11":"instock","12":"taxable","13":"shipping-taxable","14":"purchasable","15":"product-type-variable"},"_links":{"self":[{"href":"https:\/\/lornaearth.com\/en\/wp-json\/wp\/v2\/product\/9650","targetHints":{"allow":["GET"]}}],"collection":[{"href":"https:\/\/lornaearth.com\/en\/wp-json\/wp\/v2\/product"}],"about":[{"href":"https:\/\/lornaearth.com\/en\/wp-json\/wp\/v2\/types\/product"}],"wp:featuredmedia":[{"embeddable":true,"href":"https:\/\/lornaearth.com\/en\/wp-json\/wp\/v2\/media\/9655"}],"wp:attachment":[{"href":"https:\/\/lornaearth.com\/en\/wp-json\/wp\/v2\/media?parent=9650"}],"wp:term":[{"taxonomy":"product_brand","embeddable":true,"href":"https:\/\/lornaearth.com\/en\/wp-json\/wp\/v2\/product_brand?post=9650"},{"taxonomy":"product_cat","embeddable":true,"href":"https:\/\/lornaearth.com\/en\/wp-json\/wp\/v2\/product_cat?post=9650"},{"taxonomy":"product_tag","embeddable":true,"href":"https:\/\/lornaearth.com\/en\/wp-json\/wp\/v2\/product_tag?post=9650"}],"curies":[{"name":"wp","href":"https:\/\/api.w.org\/{rel}","templated":true}]}}