{"id":7585,"date":"2023-06-08T15:29:24","date_gmt":"2023-06-08T15:29:24","guid":{"rendered":"https:\/\/lornaearth.com\/?post_type=product&#038;p=7585"},"modified":"2026-01-04T12:48:42","modified_gmt":"2026-01-04T12:48:42","slug":"vela-seven-oaks","status":"publish","type":"product","link":"https:\/\/lornaearth.com\/en\/product\/vela-seven-oaks\/","title":{"rendered":"SEVEN OAKS CANDLE"},"content":{"rendered":"<p><span class=\"fontstyle0\">Connect with the sensations of the earth and autumn while journaling moment, having a delicious read, a yoga practice or any other cosy moment.<br \/>\nInspired by the autumnal strolls along city of Dublin. Its scent takes you to those neighbourhoods surrounded by Victorian houses where it smells of oak firewood from the fireplaces.\nCafes that give off a hot chocolate and freshly made sponge cakes aroma. <\/span><span class=\"fontstyle0\">Autumn scents with woody, orange and sweet touches. Tip: during meditation you can focus your attention on the flame for deeper concentration.<\/span><\/p>\n<p>{{detalles}}<\/p>\n<p>\u00b7 Made in Spain with vegetable waxes<\/p>\n<p>\u00b7 Aromatics notes: wood, clove &amp; orange<\/p>\n<p>\u00b7 Lasts 30 hours<\/p>\n<p>\u00b7 Wax Weight: 180gr<\/p>\n<p>{{\/detalles}}<\/p>\n<p>{{instrucciones}}<\/p>\n<p>\u00b7 Let it burn for 2 hours the first time so that the top melts and burns evenly<\/p>\n<p>\u00b7 Regularly cut the wick with a wick trimmer (ideal length 3 to 5 mm)<\/p>\n<p>\u00b7 Correctly re-center the wick in the wax after each use, so that it is consumed evenly<\/p>\n<p>\u00b7 Never leave burning candles unattended. Use the candles at your own risk. Always keep candles\nout of the reach of children and pets<\/p>\n<p>\u00b7 When it is finished, clean the container and give it a new use to put flowers, pencils, brushes or\neven as a flowerpot<\/p>\n<p>{{\/instrucciones}}<\/p>","protected":false},"excerpt":{"rendered":"<p>Conecta con las sensaciones de la tierra y el oto\u00f1o mientras disfrutas de tu momento journaling, de una lectura deliciosa, tu pr\u00e1ctica de yoga o cualquier otro instante que quieras transformar en cosy. Inspirada en los paseos oto\u00f1ales por la ciudad de Dubl\u00edn. Su aroma te transporta a los barrios de casas victorianas donde huele<a class=\"more-link\" href=\"https:\/\/lornaearth.com\/en\/product\/vela-seven-oaks\/\">Read more  &#10230;<\/a><\/p>","protected":false},"featured_media":7587,"template":"","meta":{"om_disable_all_campaigns":false,"_monsterinsights_skip_tracking":false,"_monsterinsights_sitenote_active":false,"_monsterinsights_sitenote_note":"","_monsterinsights_sitenote_category":0,"_uf_show_specific_survey":0,"_uf_disable_surveys":false},"product_brand":[],"product_cat":[90,103],"product_tag":[],"class_list":{"0":"post-7585","1":"product","2":"type-product","3":"status-publish","4":"has-post-thumbnail","6":"product_cat-cuidado-facial","7":"product_cat-under-50","9":"first","10":"instock","11":"sale","12":"taxable","13":"shipping-taxable","14":"purchasable","15":"product-type-simple"},"_links":{"self":[{"href":"https:\/\/lornaearth.com\/en\/wp-json\/wp\/v2\/product\/7585","targetHints":{"allow":["GET"]}}],"collection":[{"href":"https:\/\/lornaearth.com\/en\/wp-json\/wp\/v2\/product"}],"about":[{"href":"https:\/\/lornaearth.com\/en\/wp-json\/wp\/v2\/types\/product"}],"wp:featuredmedia":[{"embeddable":true,"href":"https:\/\/lornaearth.com\/en\/wp-json\/wp\/v2\/media\/7587"}],"wp:attachment":[{"href":"https:\/\/lornaearth.com\/en\/wp-json\/wp\/v2\/media?parent=7585"}],"wp:term":[{"taxonomy":"product_brand","embeddable":true,"href":"https:\/\/lornaearth.com\/en\/wp-json\/wp\/v2\/product_brand?post=7585"},{"taxonomy":"product_cat","embeddable":true,"href":"https:\/\/lornaearth.com\/en\/wp-json\/wp\/v2\/product_cat?post=7585"},{"taxonomy":"product_tag","embeddable":true,"href":"https:\/\/lornaearth.com\/en\/wp-json\/wp\/v2\/product_tag?post=7585"}],"curies":[{"name":"wp","href":"https:\/\/api.w.org\/{rel}","templated":true}]}}