{"id":7579,"date":"2023-06-08T15:20:39","date_gmt":"2023-06-08T15:20:39","guid":{"rendered":"https:\/\/lornaearth.com\/?post_type=product&#038;p=7579"},"modified":"2025-12-09T11:31:18","modified_gmt":"2025-12-09T11:31:18","slug":"cross-panuelo-de-cupro","status":"publish","type":"product","link":"https:\/\/lornaearth.com\/en\/product\/cross-panuelo-de-cupro\/","title":{"rendered":"CROSS CUPRO SCARF"},"content":{"rendered":"<p><span class=\"fontstyle0\">A versatile accessory that elevates your everyday life. <\/span><\/p>\n<p><span class=\"fontstyle0\">It will accompany you tied to your bag, in your hair, wrapped around your neck or just as you imagine. <\/span><\/p>\n<p>A conscious design that makes you feel free with a pleasant silky touch.<\/p>\n<p>{{detalles}}<\/p>\n<p><span class=\"fontstyle0\">\u00b7 Material: 100% Cupro \u2013 Cupro is a organic recycled cotton fabric with a silk-like feel<br \/>\n\u00b7 Colour: beige and dark old pink butterfly pattern<br \/>\n\u00b7 Dimensions: 62\u00d762 (cm)<br \/>\n\u00b7 Made in Spain<\/span><\/p>\n<p>{{\/detalles}}<\/p>\n<p>{{mima_tu_prenda}}<\/p>\n<p><span class=\"fontstyle0\">Hand wash cold, do not bleach, low iron, do not dry clean. <\/span><\/p>\n<p><span class=\"fontstyle0\">Do not use fabric softener or tumble dry. <\/span><\/p>\n<p><span class=\"fontstyle0\">Learn an environmentally friendly way to\ntake care of your clothes <a href=\"https:\/\/lornaearth.com\/en\/lorna-laundry-guide\/\">here.<\/a><\/span><\/p>\n<p>{{\/mima_tu_prenda}}<\/p>","protected":false},"excerpt":{"rendered":"<p>Un accesorio vers\u00e1til que eleva tu d\u00eda a d\u00eda. Te acompa\u00f1ar\u00e1 atado a tu bolso, en el cabello, envuelto en tu cuello o tal y como imagines. Un dise\u00f1o consciente que te hace sentir libre con un gustoso tacto sedoso. {{detalles}} \u00b7 Tejido: 100% Cupro (tejido ecol\u00f3gico de algod\u00f3n reciclado con tacto similar a la<a class=\"more-link\" href=\"https:\/\/lornaearth.com\/en\/product\/cross-panuelo-de-cupro\/\">Read more  &#10230;<\/a><\/p>","protected":false},"featured_media":10150,"template":"","meta":{"om_disable_all_campaigns":false,"_monsterinsights_skip_tracking":false,"_monsterinsights_sitenote_active":false,"_monsterinsights_sitenote_note":"","_monsterinsights_sitenote_category":0,"_uf_show_specific_survey":0,"_uf_disable_surveys":false},"product_brand":[],"product_cat":[69,85,100,103],"product_tag":[],"class_list":{"0":"post-7579","1":"product","2":"type-product","3":"status-publish","4":"has-post-thumbnail","6":"product_cat-accesorios","7":"product_cat-panuelos","8":"product_cat-rebajas","9":"product_cat-under-50","11":"first","12":"instock","13":"sale","14":"taxable","15":"shipping-taxable","16":"purchasable","17":"product-type-simple"},"_links":{"self":[{"href":"https:\/\/lornaearth.com\/en\/wp-json\/wp\/v2\/product\/7579","targetHints":{"allow":["GET"]}}],"collection":[{"href":"https:\/\/lornaearth.com\/en\/wp-json\/wp\/v2\/product"}],"about":[{"href":"https:\/\/lornaearth.com\/en\/wp-json\/wp\/v2\/types\/product"}],"wp:featuredmedia":[{"embeddable":true,"href":"https:\/\/lornaearth.com\/en\/wp-json\/wp\/v2\/media\/10150"}],"wp:attachment":[{"href":"https:\/\/lornaearth.com\/en\/wp-json\/wp\/v2\/media?parent=7579"}],"wp:term":[{"taxonomy":"product_brand","embeddable":true,"href":"https:\/\/lornaearth.com\/en\/wp-json\/wp\/v2\/product_brand?post=7579"},{"taxonomy":"product_cat","embeddable":true,"href":"https:\/\/lornaearth.com\/en\/wp-json\/wp\/v2\/product_cat?post=7579"},{"taxonomy":"product_tag","embeddable":true,"href":"https:\/\/lornaearth.com\/en\/wp-json\/wp\/v2\/product_tag?post=7579"}],"curies":[{"name":"wp","href":"https:\/\/api.w.org\/{rel}","templated":true}]}}