{"id":7573,"date":"2023-06-08T15:14:16","date_gmt":"2023-06-08T15:14:16","guid":{"rendered":"https:\/\/lornaearth.com\/?post_type=product&#038;p=7573"},"modified":"2026-03-14T15:50:45","modified_gmt":"2026-03-14T15:50:45","slug":"intentions-bolso-tote-cuero-de-cactus","status":"publish","type":"product","link":"https:\/\/lornaearth.com\/en\/product\/intentions-bolso-tote-cuero-de-cactus\/","title":{"rendered":"INTENTIONS VEGAN TOTE BAG"},"content":{"rendered":"<p><span class=\"fontstyle0\">Carry your intentions always with you. Versatility made into a bag. Big, soft and light. <\/span><\/p>\n<p><span class=\"fontstyle0\">The ideal companion to go with you to work, yoga, getaways\u2026 <\/span><\/p>\n<p><span class=\"fontstyle0\">Prepared to treasure your everyday essentials. This is the ideal bag if you are always on the go. <\/span><\/p>\n<p><span class=\"fontstyle0\">Made with sustainable materials.<\/span><\/p>\n<p>{{detalles}}<\/p>\n<p><span class=\"fontstyle0\">Rectangular tote bag style bag. It has an inside pocket and a magnetic closure.<br \/>\n\u00b7 Material: 100% organic cotton<br \/>\n\u00b7 Handles: 100% Cactus alternative to leather<br \/>\n\u00b7 Dimensions: 43x36x13 cm<br \/>\n\u00b7 Handle length: 56 cm<br \/>\n\u00b7 Colour: Beige and black<br \/>\n\u00b7 Made in Barcelona (Spain)<\/span><\/p>\n<p>{{\/detalles}}<\/p>\n<p>{{mima_tu_prenda}}<\/p>\n<p><span class=\"fontstyle0\">Do not machine wash. <\/span><\/p>\n<p><span class=\"fontstyle0\">If stained, hand wash it with clean water and neutral soap and let it air dry .<\/span><\/p>\n<p><span class=\"fontstyle0\">We recommend using a soft, dry brush to remove dust.<\/span><\/p>\n<p>{{\/mima_tu_prenda}}<\/p>","protected":false},"excerpt":{"rendered":"<p>Lleva tus intenciones siempre contigo. La versatilidad hecha bolso. Grande,suave y ligero. El compa\u00f1ero ideal para ir contigo al trabajo, a yoga, a viajes de fin de semana\u2026 Preparado para atesorar tus esenciales del d\u00eda a d\u00eda. Ideal si eres una persona que siempre est\u00e1 \u201con the go\u201d. Confeccionado con materiales sostenibles. {{detalles}} Bolso rectangular<a class=\"more-link\" href=\"https:\/\/lornaearth.com\/en\/product\/intentions-bolso-tote-cuero-de-cactus\/\">Read more  &#10230;<\/a><\/p>","protected":false},"featured_media":7574,"template":"","meta":{"om_disable_all_campaigns":false,"_monsterinsights_skip_tracking":false,"_monsterinsights_sitenote_active":false,"_monsterinsights_sitenote_note":"","_monsterinsights_sitenote_category":0,"_uf_show_specific_survey":0,"_uf_disable_surveys":false},"product_brand":[],"product_cat":[69,84,100,104],"product_tag":[],"class_list":{"0":"post-7573","1":"product","2":"type-product","3":"status-publish","4":"has-post-thumbnail","6":"product_cat-accesorios","7":"product_cat-bolsos","8":"product_cat-rebajas","9":"product_cat-under-100","11":"first","12":"instock","13":"sale","14":"taxable","15":"shipping-taxable","16":"purchasable","17":"product-type-simple"},"_links":{"self":[{"href":"https:\/\/lornaearth.com\/en\/wp-json\/wp\/v2\/product\/7573","targetHints":{"allow":["GET"]}}],"collection":[{"href":"https:\/\/lornaearth.com\/en\/wp-json\/wp\/v2\/product"}],"about":[{"href":"https:\/\/lornaearth.com\/en\/wp-json\/wp\/v2\/types\/product"}],"wp:featuredmedia":[{"embeddable":true,"href":"https:\/\/lornaearth.com\/en\/wp-json\/wp\/v2\/media\/7574"}],"wp:attachment":[{"href":"https:\/\/lornaearth.com\/en\/wp-json\/wp\/v2\/media?parent=7573"}],"wp:term":[{"taxonomy":"product_brand","embeddable":true,"href":"https:\/\/lornaearth.com\/en\/wp-json\/wp\/v2\/product_brand?post=7573"},{"taxonomy":"product_cat","embeddable":true,"href":"https:\/\/lornaearth.com\/en\/wp-json\/wp\/v2\/product_cat?post=7573"},{"taxonomy":"product_tag","embeddable":true,"href":"https:\/\/lornaearth.com\/en\/wp-json\/wp\/v2\/product_tag?post=7573"}],"curies":[{"name":"wp","href":"https:\/\/api.w.org\/{rel}","templated":true}]}}