{"id":7566,"date":"2023-06-08T14:55:57","date_gmt":"2023-06-08T14:55:57","guid":{"rendered":"https:\/\/lornaearth.com\/?post_type=product&#038;p=7566"},"modified":"2026-03-14T15:47:17","modified_gmt":"2026-03-14T15:47:17","slug":"luachanna-bolso-cuero-de-cactus","status":"publish","type":"product","link":"https:\/\/lornaearth.com\/en\/product\/luachanna-bolso-cuero-de-cactus\/","title":{"rendered":"LUACHANNA VEGAN LEATHER BAG"},"content":{"rendered":"<p><span class=\"fontstyle0\">Always carry your values and life philosophy with you.<\/span><span class=\"fontstyle0\">The accessory that elevates your look and\ncommunicates who you are. <\/span><\/p>\n<p><span class=\"fontstyle0\">Timeless, practical and elegant design for those days that you need to carry with you a little more than usual.<\/span><\/p>\n<p>{{detalles}}<\/p>\n<p><span class=\"fontstyle0\">Rectangular shopper style bag with asymmetric seam cuts.<br \/>\nIt has an exterior triangular pocket on the front and interior pockets.<br \/>\nMaterial: outer 100% Cactus alternative to leather, lining 100% cotton<br \/>\nDimensions: 38x34x12 (cm)<br \/>\nHandle length: 55cm<br \/>\nColour: Black<br \/>\nMade in Barcelona (Spain)<\/span><\/p>\n<p>{{\/detalles}}<\/p>\n<p>{{mima_tu_prenda}}<\/p>\n<p><span class=\"fontstyle0\">Clean it with a cotton cloth dipped in water.<\/span><\/p>\n<p>{{\/mima_tu_prenda}}<\/p>","protected":false},"excerpt":{"rendered":"<p>Lleva tus valores y filosof\u00eda de vida siempre contigo. Enam\u00f3rate del accesorio que eleva tu look y comunica lo que eres. Dise\u00f1o atemporal, pr\u00e1ctico y elegante &#8211; Para los d\u00edas en los que necesitas llevar contigo un poco m\u00e1s de lo habitual. {{detalles}} Bolso rectangular estilo Shopper. Cortes de costura asim\u00e9tricos. Bolsillo triangular exterior en<a class=\"more-link\" href=\"https:\/\/lornaearth.com\/en\/product\/luachanna-bolso-cuero-de-cactus\/\">Read more  &#10230;<\/a><\/p>","protected":false},"featured_media":7567,"template":"","meta":{"om_disable_all_campaigns":false,"_monsterinsights_skip_tracking":false,"_monsterinsights_sitenote_active":false,"_monsterinsights_sitenote_note":"","_monsterinsights_sitenote_category":0,"_uf_show_specific_survey":0,"_uf_disable_surveys":false},"product_brand":[],"product_cat":[69,84,100,105],"product_tag":[],"class_list":{"0":"post-7566","1":"product","2":"type-product","3":"status-publish","4":"has-post-thumbnail","6":"product_cat-accesorios","7":"product_cat-bolsos","8":"product_cat-rebajas","9":"product_cat-under-200","11":"first","12":"instock","13":"sale","14":"taxable","15":"shipping-taxable","16":"purchasable","17":"product-type-simple"},"_links":{"self":[{"href":"https:\/\/lornaearth.com\/en\/wp-json\/wp\/v2\/product\/7566","targetHints":{"allow":["GET"]}}],"collection":[{"href":"https:\/\/lornaearth.com\/en\/wp-json\/wp\/v2\/product"}],"about":[{"href":"https:\/\/lornaearth.com\/en\/wp-json\/wp\/v2\/types\/product"}],"wp:featuredmedia":[{"embeddable":true,"href":"https:\/\/lornaearth.com\/en\/wp-json\/wp\/v2\/media\/7567"}],"wp:attachment":[{"href":"https:\/\/lornaearth.com\/en\/wp-json\/wp\/v2\/media?parent=7566"}],"wp:term":[{"taxonomy":"product_brand","embeddable":true,"href":"https:\/\/lornaearth.com\/en\/wp-json\/wp\/v2\/product_brand?post=7566"},{"taxonomy":"product_cat","embeddable":true,"href":"https:\/\/lornaearth.com\/en\/wp-json\/wp\/v2\/product_cat?post=7566"},{"taxonomy":"product_tag","embeddable":true,"href":"https:\/\/lornaearth.com\/en\/wp-json\/wp\/v2\/product_tag?post=7566"}],"curies":[{"name":"wp","href":"https:\/\/api.w.org\/{rel}","templated":true}]}}