{"id":7559,"date":"2023-06-07T18:29:15","date_gmt":"2023-06-07T18:29:15","guid":{"rendered":"https:\/\/lornaearth.com\/?post_type=product&#038;p=7559"},"modified":"2025-07-31T16:06:02","modified_gmt":"2025-07-31T16:06:02","slug":"daffodil-bermuda-cuero-algodon-organico","status":"publish","type":"product","link":"https:\/\/lornaearth.com\/en\/product\/daffodil-bermuda-cuero-algodon-organico\/","title":{"rendered":"DAFFODIL SHORTS"},"content":{"rendered":"<p><span class=\"fontstyle0\">Dazzle in the Daffodil trousers, which epitomises the definition of contemporary chic for Lorna Earth - modern, special and sustainable. <\/span><\/p>\n<p><span class=\"fontstyle0\">Made of an innovative leather-like material that is made of 100% organic cotton with water-based coating that gives that texture. <\/span><\/p>\n<p><span class=\"fontstyle0\">It has a very soft touch to the skin.<\/span><\/p>\n<p>{{detalles}}<\/p>\n<p><span class=\"fontstyle0\">Shorts with wide legs, straight pockets on both sides.<br \/>\nMaterial: 100% Organic cotton<br \/>\nColour: brown<br \/>\nMade in Spain<\/span><\/p>\n<p>{{\/detalles}}<\/p>\n<p>{{mima_tu_prenda}}<\/p>\n<p><span class=\"fontstyle0\"> Hand wash cold. do not bleach, do not iron, do not dry clean. <\/span><span class=\"fontstyle0\">Is not recommended to use fabric softener. <\/span><\/p>\n<p><span class=\"fontstyle0\">Learn an environmentally friendly way to\ntake care of your clothes <a href=\"https:\/\/lornaearth.com\/en\/lorna-laundry-guide\/\">here.<\/a><\/span><\/p>\n<p>{{\/mima_tu_prenda}}<\/p>","protected":false},"excerpt":{"rendered":"<p>Deslumbra con el pantal\u00f3n Daffodil, que sintetiza la definici\u00f3n de lo contempor\u00e1neamente chic &#8211; Moderno, especial y sostenible. Hecho de un innovador material similar al cuero que est\u00e1 hecho de algod\u00f3n 100% org\u00e1nico con un recubrimiento a base de agua que le da esa textura. Tiene un tacto muy suave a la piel. {{detalles}} Pantal\u00f3n<a class=\"more-link\" href=\"https:\/\/lornaearth.com\/en\/product\/daffodil-bermuda-cuero-algodon-organico\/\">Read more  &#10230;<\/a><\/p>","protected":false},"featured_media":10149,"template":"","meta":{"om_disable_all_campaigns":false,"_monsterinsights_skip_tracking":false,"_monsterinsights_sitenote_active":false,"_monsterinsights_sitenote_note":"","_monsterinsights_sitenote_category":0,"_uf_show_specific_survey":0,"_uf_disable_surveys":false},"product_brand":[],"product_cat":[25,72,100],"product_tag":[],"class_list":{"0":"post-7559","1":"product","2":"type-product","3":"status-publish","4":"has-post-thumbnail","6":"product_cat-colecciones","7":"product_cat-pantalones-faldas","8":"product_cat-rebajas","10":"first","11":"instock","12":"sale","13":"taxable","14":"shipping-taxable","15":"purchasable","16":"product-type-variable"},"_links":{"self":[{"href":"https:\/\/lornaearth.com\/en\/wp-json\/wp\/v2\/product\/7559","targetHints":{"allow":["GET"]}}],"collection":[{"href":"https:\/\/lornaearth.com\/en\/wp-json\/wp\/v2\/product"}],"about":[{"href":"https:\/\/lornaearth.com\/en\/wp-json\/wp\/v2\/types\/product"}],"wp:featuredmedia":[{"embeddable":true,"href":"https:\/\/lornaearth.com\/en\/wp-json\/wp\/v2\/media\/10149"}],"wp:attachment":[{"href":"https:\/\/lornaearth.com\/en\/wp-json\/wp\/v2\/media?parent=7559"}],"wp:term":[{"taxonomy":"product_brand","embeddable":true,"href":"https:\/\/lornaearth.com\/en\/wp-json\/wp\/v2\/product_brand?post=7559"},{"taxonomy":"product_cat","embeddable":true,"href":"https:\/\/lornaearth.com\/en\/wp-json\/wp\/v2\/product_cat?post=7559"},{"taxonomy":"product_tag","embeddable":true,"href":"https:\/\/lornaearth.com\/en\/wp-json\/wp\/v2\/product_tag?post=7559"}],"curies":[{"name":"wp","href":"https:\/\/api.w.org\/{rel}","templated":true}]}}