{"id":7552,"date":"2023-06-07T16:26:24","date_gmt":"2023-06-07T16:26:24","guid":{"rendered":"https:\/\/lornaearth.com\/?post_type=product&#038;p=7552"},"modified":"2025-10-19T11:24:40","modified_gmt":"2025-10-19T11:24:40","slug":"ennis-top-algodon-organico","status":"publish","type":"product","link":"https:\/\/lornaearth.com\/en\/product\/ennis-top-algodon-organico\/","title":{"rendered":"ENNIS TOP"},"content":{"rendered":"<p><span class=\"fontstyle0\">Get inspired by wearing Ennis. Incorporate a chic and elegant touch to your looks effortlessly.<\/span><\/p>\n<p><span class=\"fontstyle0\"> Ideal to create looks with lower volumes. <\/span><\/p>\n<p><span class=\"fontstyle0\">Inspired by the volatile energy of butterflies and the luscious colours of<br \/>\nIrish cities.<\/span><\/p>\n<p>{{detalles}}<\/p>\n<p><span class=\"fontstyle0\">Fitted organic cotton knit top with long sleeves and a round neckline.<br \/>\n\u00b7 Material: 100% organic cotton<br \/>\n\u00b7 Color: estampado beige\/gris<br \/>\n\u00b7 Made in Spain<\/span><\/p>\n<p>{{\/detalles}}<\/p>\n<p>{{mima_tu_prenda}}<\/p>\n<p><span class=\"fontstyle0\"> Machine wash at maximum 30 degrees, do not bleach, iron at medium temperature, do not dry clean. <\/span><\/p>\n<p><span class=\"fontstyle0\">It is not recommended to use fabric softener or tumble dry. <\/span><\/p>\n<p><span class=\"fontstyle0\">Learn an environmentally friendly way to\ntake care of your clothes <a href=\"https:\/\/lornaearth.com\/en\/lorna-laundry-guide\/\">here.<\/a><\/span><\/p>\n<p>{{\/mima_tu_prenda}}<\/p>","protected":false},"excerpt":{"rendered":"<p>Insp\u00edrate llevando Ennis. Incorpora un toque chic y elegante a tus looks sin esfuerzo. Ideal para crear looks con vol\u00famenes inferiores y sentirlo como una segunda piel. Inspirado en la energ\u00eda vol\u00e1til de las mariposas y los exquisitos colores de las ciudades irlandesas. {{detalles}} Top de punto algod\u00f3n org\u00e1nico ajustado con mangas largas y cuello<a class=\"more-link\" href=\"https:\/\/lornaearth.com\/en\/product\/ennis-top-algodon-organico\/\">Read more  &#10230;<\/a><\/p>","protected":false},"featured_media":7557,"template":"","meta":{"om_disable_all_campaigns":false,"_monsterinsights_skip_tracking":false,"_monsterinsights_sitenote_active":false,"_monsterinsights_sitenote_note":"","_monsterinsights_sitenote_category":0,"_uf_show_specific_survey":0,"_uf_disable_surveys":false},"product_brand":[],"product_cat":[25,26],"product_tag":[],"class_list":{"0":"post-7552","1":"product","2":"type-product","3":"status-publish","4":"has-post-thumbnail","6":"product_cat-colecciones","7":"product_cat-tops","9":"first","10":"instock","11":"sale","12":"taxable","13":"shipping-taxable","14":"purchasable","15":"product-type-variable"},"_links":{"self":[{"href":"https:\/\/lornaearth.com\/en\/wp-json\/wp\/v2\/product\/7552","targetHints":{"allow":["GET"]}}],"collection":[{"href":"https:\/\/lornaearth.com\/en\/wp-json\/wp\/v2\/product"}],"about":[{"href":"https:\/\/lornaearth.com\/en\/wp-json\/wp\/v2\/types\/product"}],"wp:featuredmedia":[{"embeddable":true,"href":"https:\/\/lornaearth.com\/en\/wp-json\/wp\/v2\/media\/7557"}],"wp:attachment":[{"href":"https:\/\/lornaearth.com\/en\/wp-json\/wp\/v2\/media?parent=7552"}],"wp:term":[{"taxonomy":"product_brand","embeddable":true,"href":"https:\/\/lornaearth.com\/en\/wp-json\/wp\/v2\/product_brand?post=7552"},{"taxonomy":"product_cat","embeddable":true,"href":"https:\/\/lornaearth.com\/en\/wp-json\/wp\/v2\/product_cat?post=7552"},{"taxonomy":"product_tag","embeddable":true,"href":"https:\/\/lornaearth.com\/en\/wp-json\/wp\/v2\/product_tag?post=7552"}],"curies":[{"name":"wp","href":"https:\/\/api.w.org\/{rel}","templated":true}]}}