{"id":7533,"date":"2023-06-07T15:43:46","date_gmt":"2023-06-07T15:43:46","guid":{"rendered":"https:\/\/lornaearth.com\/?post_type=product&#038;p=7533"},"modified":"2026-02-05T16:14:20","modified_gmt":"2026-02-05T16:14:20","slug":"avoca-vestido-algodon-organico","status":"publish","type":"product","link":"https:\/\/lornaearth.com\/en\/product\/avoca-vestido-algodon-organico\/","title":{"rendered":"AVOCA DRESS"},"content":{"rendered":"<p><span class=\"fontstyle0\">Feel unique in this dress, perfect to be the memorable guest. \u00a0<\/span><span class=\"fontstyle0\">Femenino y especial por la mezcla de tejidos que aporta versatilidad en su uso<\/span><span class=\"fontstyle0\">.<\/span><\/p>\n<p>{{detalles}}<\/p>\n<p><span class=\"fontstyle0\">Asymmetric dress with puffed sleeves. Midi length.<br \/>\nMaterial: 100% Organic cotton<br \/>\nColour: dark old pink and beige\/black print<br \/>\nMade in Spain<\/span><\/p>\n<p>{{\/detalles}}<\/p>\n<p>{{mima_tu_prenda}}<\/p>\n<p><span class=\"fontstyle0\">\u00a0Hand wash cold, do not bleach, low iron, do not dry clean. Do not use fabric softener or tumble dry. Learn an environmentally friendly way to take care of your clothes <a href=\"https:\/\/lornaearth.com\/en\/lorna-laundry-guide\/\">here.<\/a><\/span><\/p>\n<p>{{\/mima_tu_prenda}}<\/p>","protected":false},"excerpt":{"rendered":"<p>Si\u00e9ntete \u00fanica con este vestido, ideal para ser la invitada memorable. \u00a0Femenino y especial por la mezcla de tejidos que aporta versatilidad en su uso. {{detalles}} Vestido asim\u00e9trico con manga abullonada. Largo midi. Tejido: 100% algod\u00f3n org\u00e1nico certificado Color: rosa empolvado y estampado beige\/negro Hecho en Espa\u00f1a {{\/detalles}} {{mima_tu_prenda}} \u00a0Lavado a mano en fr\u00edo, no<a class=\"more-link\" href=\"https:\/\/lornaearth.com\/en\/product\/avoca-vestido-algodon-organico\/\">Read more  &#10230;<\/a><\/p>","protected":false},"featured_media":7537,"template":"","meta":{"om_disable_all_campaigns":false,"_monsterinsights_skip_tracking":false,"_monsterinsights_sitenote_active":false,"_monsterinsights_sitenote_note":"","_monsterinsights_sitenote_category":0,"_uf_show_specific_survey":0,"_uf_disable_surveys":false},"product_brand":[],"product_cat":[25,100,82],"product_tag":[],"class_list":{"0":"post-7533","1":"product","2":"type-product","3":"status-publish","4":"has-post-thumbnail","6":"product_cat-colecciones","7":"product_cat-rebajas","8":"product_cat-vestidos","10":"first","11":"instock","12":"sale","13":"taxable","14":"shipping-taxable","15":"purchasable","16":"product-type-variable"},"_links":{"self":[{"href":"https:\/\/lornaearth.com\/en\/wp-json\/wp\/v2\/product\/7533","targetHints":{"allow":["GET"]}}],"collection":[{"href":"https:\/\/lornaearth.com\/en\/wp-json\/wp\/v2\/product"}],"about":[{"href":"https:\/\/lornaearth.com\/en\/wp-json\/wp\/v2\/types\/product"}],"wp:featuredmedia":[{"embeddable":true,"href":"https:\/\/lornaearth.com\/en\/wp-json\/wp\/v2\/media\/7537"}],"wp:attachment":[{"href":"https:\/\/lornaearth.com\/en\/wp-json\/wp\/v2\/media?parent=7533"}],"wp:term":[{"taxonomy":"product_brand","embeddable":true,"href":"https:\/\/lornaearth.com\/en\/wp-json\/wp\/v2\/product_brand?post=7533"},{"taxonomy":"product_cat","embeddable":true,"href":"https:\/\/lornaearth.com\/en\/wp-json\/wp\/v2\/product_cat?post=7533"},{"taxonomy":"product_tag","embeddable":true,"href":"https:\/\/lornaearth.com\/en\/wp-json\/wp\/v2\/product_tag?post=7533"}],"curies":[{"name":"wp","href":"https:\/\/api.w.org\/{rel}","templated":true}]}}