{"id":11476,"date":"2026-04-19T11:49:15","date_gmt":"2026-04-19T11:49:15","guid":{"rendered":"https:\/\/lornaearth.com\/?post_type=product&#038;p=11476"},"modified":"2026-04-19T11:57:57","modified_gmt":"2026-04-19T11:57:57","slug":"felah-top-aqua","status":"publish","type":"product","link":"https:\/\/lornaearth.com\/en\/product\/felah-top-aqua\/","title":{"rendered":"FELAH TOP AQUA"},"content":{"rendered":"<p>Esta blusa est\u00e1 confeccionada en 100% Tencel y presenta hombros ca\u00eddos y corte asim\u00e9trico con cierre de lazo en el trasero, aportando un toque rom\u00e1ntico a tu look.<\/p>\n<p>{{detalles}}<\/p>\n<p><span class=\"fontstyle0\">Top de punto algod\u00f3n org\u00e1nico ajustado con mangas largas.<br \/>\n\u00b7 Tejido: 100% Tencel<br \/>\n\u00b7 Color: verde menta<br \/>\n\u00b7 Made in Spain<\/span><\/p>\n<p>{{\/detalles}}<\/p>\n<p>{{mima_tu_prenda}}<\/p>\n<p><span class=\"fontstyle0\"> Machine wash at maximum 30 degrees, do not bleach, iron at medium temperature, do not dry clean. <\/span><\/p>\n<p><span class=\"fontstyle0\">It is not recommended to use fabric softener or tumble dry. <\/span><\/p>\n<p><span class=\"fontstyle0\">Learn an environmentally friendly way to\ntake care of your clothes <a href=\"https:\/\/lornaearth.com\/en\/lorna-laundry-guide\/\">here.<\/a><\/span><\/p>\n<p>{{\/mima_tu_prenda}}<\/p>","protected":false},"excerpt":{"rendered":"<p>Esta blusa est\u00e1 confeccionada en 100% Tencel y presenta hombros ca\u00eddos y corte asim\u00e9trico con cierre de lazo en el trasero, aportando un toque rom\u00e1ntico a tu look. {{detalles}} Top de punto algod\u00f3n org\u00e1nico ajustado con mangas largas. \u00b7 Tejido: 100% Tencel \u00b7 Color: verde menta \u00b7 Hecho en Espa\u00f1a {{\/detalles}} {{mima_tu_prenda}} Lavado a m\u00e1quina<a class=\"more-link\" href=\"https:\/\/lornaearth.com\/en\/product\/felah-top-aqua\/\">Read more  &#10230;<\/a><\/p>","protected":false},"featured_media":11480,"template":"","meta":{"om_disable_all_campaigns":false,"_monsterinsights_skip_tracking":false,"_monsterinsights_sitenote_active":false,"_monsterinsights_sitenote_note":"","_monsterinsights_sitenote_category":0,"_uf_show_specific_survey":0,"_uf_disable_surveys":false},"product_brand":[],"product_cat":[25,26],"product_tag":[],"class_list":{"0":"post-11476","1":"product","2":"type-product","3":"status-publish","4":"has-post-thumbnail","6":"product_cat-colecciones","7":"product_cat-tops","9":"first","10":"instock","11":"taxable","12":"shipping-taxable","13":"purchasable","14":"product-type-variable"},"_links":{"self":[{"href":"https:\/\/lornaearth.com\/en\/wp-json\/wp\/v2\/product\/11476","targetHints":{"allow":["GET"]}}],"collection":[{"href":"https:\/\/lornaearth.com\/en\/wp-json\/wp\/v2\/product"}],"about":[{"href":"https:\/\/lornaearth.com\/en\/wp-json\/wp\/v2\/types\/product"}],"wp:featuredmedia":[{"embeddable":true,"href":"https:\/\/lornaearth.com\/en\/wp-json\/wp\/v2\/media\/11480"}],"wp:attachment":[{"href":"https:\/\/lornaearth.com\/en\/wp-json\/wp\/v2\/media?parent=11476"}],"wp:term":[{"taxonomy":"product_brand","embeddable":true,"href":"https:\/\/lornaearth.com\/en\/wp-json\/wp\/v2\/product_brand?post=11476"},{"taxonomy":"product_cat","embeddable":true,"href":"https:\/\/lornaearth.com\/en\/wp-json\/wp\/v2\/product_cat?post=11476"},{"taxonomy":"product_tag","embeddable":true,"href":"https:\/\/lornaearth.com\/en\/wp-json\/wp\/v2\/product_tag?post=11476"}],"curies":[{"name":"wp","href":"https:\/\/api.w.org\/{rel}","templated":true}]}}