{"id":11383,"date":"2026-04-09T11:02:22","date_gmt":"2026-04-09T11:02:22","guid":{"rendered":"https:\/\/lornaearth.com\/?post_type=product&#038;p=11383"},"modified":"2026-04-09T11:05:27","modified_gmt":"2026-04-09T11:05:27","slug":"gaia-vestido-tunica-turquesa","status":"publish","type":"product","link":"https:\/\/lornaearth.com\/en\/product\/gaia-vestido-tunica-turquesa\/","title":{"rendered":"GAIA VESTIDO T\u00daNICA TURQUESA"},"content":{"rendered":"<p data-start=\"90\" data-end=\"395\">Cautivador vestido en tuquesa desprende una sofisticaci\u00f3n atemporal con su exclusiva ilustraci\u00f3n impresa de manera impecable sobre Cupro. Su corte vers\u00e1til lo convierte en una pieza de talla \u00fanica, adapt\u00e1ndose con elegancia a diferentes siluetas.<\/p>\n<p data-start=\"90\" data-end=\"395\">\n<p>{{detalles}}<\/p>\n<p><span class=\"fontstyle0\">Material: 100% Cupro<br \/>\n\u00b7 Colour: turquoise, yellow<br \/>\nMade in Spain<\/span><\/p>\n<p>{{\/detalles}}<\/p>\n<p>{{mima_tu_prenda}}<\/p>\n<p><span class=\"fontstyle0\"> Hand wash cold. do not bleach, do not iron, do not dry clean. <\/span><span class=\"fontstyle0\">Is not recommended to use fabric softener. <\/span><\/p>\n<p><span class=\"fontstyle0\">Learn an environmentally friendly way to\ntake care of your clothes <a href=\"https:\/\/lornaearth.com\/en\/lorna-laundry-guide\/\">here.<\/a><\/span><\/p>\n<p>{{\/mima_tu_prenda}}<\/p>","protected":false},"excerpt":{"rendered":"<p>Cautivador vestido en tuquesa desprende una sofisticaci\u00f3n atemporal con su exclusiva ilustraci\u00f3n impresa de manera impecable sobre Cupro. Su corte vers\u00e1til lo convierte en una pieza de talla \u00fanica, adapt\u00e1ndose con elegancia a diferentes siluetas. {{detalles}} Tejido: 100% Cupro Color: turquesa, amarillo Hecho en Espa\u00f1a {{\/detalles}} {{mima_tu_prenda}} Lavado a mano con agua fr\u00eda, no blanquear,<a class=\"more-link\" href=\"https:\/\/lornaearth.com\/en\/product\/gaia-vestido-tunica-turquesa\/\">Read more  &#10230;<\/a><\/p>","protected":false},"featured_media":11384,"template":"","meta":{"om_disable_all_campaigns":false,"_monsterinsights_skip_tracking":false,"_monsterinsights_sitenote_active":false,"_monsterinsights_sitenote_note":"","_monsterinsights_sitenote_category":0,"_uf_show_specific_survey":0,"_uf_disable_surveys":false},"product_brand":[],"product_cat":[25,82],"product_tag":[],"class_list":{"0":"post-11383","1":"product","2":"type-product","3":"status-publish","4":"has-post-thumbnail","6":"product_cat-colecciones","7":"product_cat-vestidos","9":"first","10":"instock","11":"taxable","12":"shipping-taxable","13":"purchasable","14":"product-type-simple"},"_links":{"self":[{"href":"https:\/\/lornaearth.com\/en\/wp-json\/wp\/v2\/product\/11383","targetHints":{"allow":["GET"]}}],"collection":[{"href":"https:\/\/lornaearth.com\/en\/wp-json\/wp\/v2\/product"}],"about":[{"href":"https:\/\/lornaearth.com\/en\/wp-json\/wp\/v2\/types\/product"}],"wp:featuredmedia":[{"embeddable":true,"href":"https:\/\/lornaearth.com\/en\/wp-json\/wp\/v2\/media\/11384"}],"wp:attachment":[{"href":"https:\/\/lornaearth.com\/en\/wp-json\/wp\/v2\/media?parent=11383"}],"wp:term":[{"taxonomy":"product_brand","embeddable":true,"href":"https:\/\/lornaearth.com\/en\/wp-json\/wp\/v2\/product_brand?post=11383"},{"taxonomy":"product_cat","embeddable":true,"href":"https:\/\/lornaearth.com\/en\/wp-json\/wp\/v2\/product_cat?post=11383"},{"taxonomy":"product_tag","embeddable":true,"href":"https:\/\/lornaearth.com\/en\/wp-json\/wp\/v2\/product_tag?post=11383"}],"curies":[{"name":"wp","href":"https:\/\/api.w.org\/{rel}","templated":true}]}}