{"id":11364,"date":"2026-04-07T17:07:55","date_gmt":"2026-04-07T17:07:55","guid":{"rendered":"https:\/\/lornaearth.com\/?post_type=product&#038;p=11364"},"modified":"2026-04-07T17:17:17","modified_gmt":"2026-04-07T17:17:17","slug":"solea-falda","status":"publish","type":"product","link":"https:\/\/lornaearth.com\/en\/product\/solea-falda\/","title":{"rendered":"SOLE\u00c1 FALDA"},"content":{"rendered":"<p><span class=\"fontstyle0\">Deslumbra con la falda Sole\u00e1, que sintetiza la definici\u00f3n de lo contempor\u00e1neamente chic &#8211; Moderno, especial y sostenible. <\/span><\/p>\n<p>{{detalles}}<\/p>\n<p><span class=\"fontstyle0\">Tejido: 100% algodon org\u00e1nico<br \/>\nColor: negro, blanco<br \/>\nMade in Spain<\/span><\/p>\n<p>{{\/detalles}}<\/p>\n<p>{{mima_tu_prenda}}<\/p>\n<p><span class=\"fontstyle0\"> Hand wash cold. do not bleach, do not iron, do not dry clean. <\/span><span class=\"fontstyle0\">Is not recommended to use fabric softener. <\/span><\/p>\n<p><span class=\"fontstyle0\">Learn an environmentally friendly way to\ntake care of your clothes <a href=\"https:\/\/lornaearth.com\/en\/lorna-laundry-guide\/\">here.<\/a><\/span><\/p>\n<p>{{\/mima_tu_prenda}}<\/p>","protected":false},"excerpt":{"rendered":"<p>Deslumbra con la falda Sole\u00e1, que sintetiza la definici\u00f3n de lo contempor\u00e1neamente chic &#8211; Moderno, especial y sostenible. {{detalles}} Tejido: 100% algodon org\u00e1nico Color: negro, blanco Hecho en Espa\u00f1a {{\/detalles}} {{mima_tu_prenda}} Lavado a mano con agua fr\u00eda, no blanquear, no planchar, no limpiar en seco. No es recomendable utilizar suavizante. Aprende a cuidar de tus<a class=\"more-link\" href=\"https:\/\/lornaearth.com\/en\/product\/solea-falda\/\">Read more  &#10230;<\/a><\/p>","protected":false},"featured_media":11368,"template":"","meta":{"om_disable_all_campaigns":false,"_monsterinsights_skip_tracking":false,"_monsterinsights_sitenote_active":false,"_monsterinsights_sitenote_note":"","_monsterinsights_sitenote_category":0,"_uf_show_specific_survey":0,"_uf_disable_surveys":false},"product_brand":[],"product_cat":[25,72],"product_tag":[],"class_list":{"0":"post-11364","1":"product","2":"type-product","3":"status-publish","4":"has-post-thumbnail","6":"product_cat-colecciones","7":"product_cat-pantalones-faldas","9":"first","10":"instock","11":"taxable","12":"shipping-taxable","13":"purchasable","14":"product-type-variable"},"_links":{"self":[{"href":"https:\/\/lornaearth.com\/en\/wp-json\/wp\/v2\/product\/11364","targetHints":{"allow":["GET"]}}],"collection":[{"href":"https:\/\/lornaearth.com\/en\/wp-json\/wp\/v2\/product"}],"about":[{"href":"https:\/\/lornaearth.com\/en\/wp-json\/wp\/v2\/types\/product"}],"wp:featuredmedia":[{"embeddable":true,"href":"https:\/\/lornaearth.com\/en\/wp-json\/wp\/v2\/media\/11368"}],"wp:attachment":[{"href":"https:\/\/lornaearth.com\/en\/wp-json\/wp\/v2\/media?parent=11364"}],"wp:term":[{"taxonomy":"product_brand","embeddable":true,"href":"https:\/\/lornaearth.com\/en\/wp-json\/wp\/v2\/product_brand?post=11364"},{"taxonomy":"product_cat","embeddable":true,"href":"https:\/\/lornaearth.com\/en\/wp-json\/wp\/v2\/product_cat?post=11364"},{"taxonomy":"product_tag","embeddable":true,"href":"https:\/\/lornaearth.com\/en\/wp-json\/wp\/v2\/product_tag?post=11364"}],"curies":[{"name":"wp","href":"https:\/\/api.w.org\/{rel}","templated":true}]}}