{"id":11331,"date":"2026-03-25T12:58:06","date_gmt":"2026-03-25T12:58:06","guid":{"rendered":"https:\/\/lornaearth.com\/?post_type=product&#038;p=11331"},"modified":"2026-03-25T13:01:01","modified_gmt":"2026-03-25T13:01:01","slug":"qalb-blusa-amarillo","status":"publish","type":"product","link":"https:\/\/lornaearth.com\/en\/product\/qalb-blusa-amarillo\/","title":{"rendered":"QALB BLUSA AMARILLO"},"content":{"rendered":"<p>Relaxed yet elegant.<\/p>\n<p>Esta blusa est\u00e1 confeccionada en 100% Algod\u00f3n Org\u00e1nico y presenta hombros ca\u00eddos y lazos en el cuello que permiten m\u00faltiples formas de estilismo. Sus mangas amplias y el sutil bajo en pico realzan la silueta fluida, mientras que la abertura en forma de V en el escote aporta el toque final perfecto.<\/p>\n<p>{{detalles}}<\/p>\n<p><span class=\"fontstyle0\">Material: 100% organic cotton<br \/>\nColor: amarillo mantequilla, marr\u00f3n chocolate<br \/>\nMade in Spain<\/span><\/p>\n<p>{{\/detalles}}<\/p>\n<p>{{mima_tu_prenda}}<\/p>\n<p><span class=\"fontstyle0\">Machine wash at maximum 30 degrees, do not bleach, iron at medium temperature, do not dry clean. <\/span><\/p>\n<p><span class=\"fontstyle0\">It is not recommended to use fabric softener or tumble dry. <\/span><\/p>\n<p><span class=\"fontstyle0\">Learn an environmentally friendly way to\ntake care of your clothes <a href=\"https:\/\/lornaearth.com\/en\/lorna-laundry-guide\/\">here.<\/a><\/span><\/p>\n<p>{{\/mima_tu_prenda}}<\/p>","protected":false},"excerpt":{"rendered":"<p>Relajada pero elegante. Esta blusa est\u00e1 confeccionada en 100% Algod\u00f3n Org\u00e1nico y presenta hombros ca\u00eddos y lazos en el cuello que permiten m\u00faltiples formas de estilismo. Sus mangas amplias y el sutil bajo en pico realzan la silueta fluida, mientras que la abertura en forma de V en el escote aporta el toque final perfecto.<a class=\"more-link\" href=\"https:\/\/lornaearth.com\/en\/product\/qalb-blusa-amarillo\/\">Read more  &#10230;<\/a><\/p>","protected":false},"featured_media":11332,"template":"","meta":{"om_disable_all_campaigns":false,"_monsterinsights_skip_tracking":false,"_monsterinsights_sitenote_active":false,"_monsterinsights_sitenote_note":"","_monsterinsights_sitenote_category":0,"_uf_show_specific_survey":0,"_uf_disable_surveys":false},"product_brand":[],"product_cat":[25,26],"product_tag":[],"class_list":{"0":"post-11331","1":"product","2":"type-product","3":"status-publish","4":"has-post-thumbnail","6":"product_cat-colecciones","7":"product_cat-tops","9":"first","10":"instock","11":"taxable","12":"shipping-taxable","13":"purchasable","14":"product-type-simple"},"_links":{"self":[{"href":"https:\/\/lornaearth.com\/en\/wp-json\/wp\/v2\/product\/11331","targetHints":{"allow":["GET"]}}],"collection":[{"href":"https:\/\/lornaearth.com\/en\/wp-json\/wp\/v2\/product"}],"about":[{"href":"https:\/\/lornaearth.com\/en\/wp-json\/wp\/v2\/types\/product"}],"wp:featuredmedia":[{"embeddable":true,"href":"https:\/\/lornaearth.com\/en\/wp-json\/wp\/v2\/media\/11332"}],"wp:attachment":[{"href":"https:\/\/lornaearth.com\/en\/wp-json\/wp\/v2\/media?parent=11331"}],"wp:term":[{"taxonomy":"product_brand","embeddable":true,"href":"https:\/\/lornaearth.com\/en\/wp-json\/wp\/v2\/product_brand?post=11331"},{"taxonomy":"product_cat","embeddable":true,"href":"https:\/\/lornaearth.com\/en\/wp-json\/wp\/v2\/product_cat?post=11331"},{"taxonomy":"product_tag","embeddable":true,"href":"https:\/\/lornaearth.com\/en\/wp-json\/wp\/v2\/product_tag?post=11331"}],"curies":[{"name":"wp","href":"https:\/\/api.w.org\/{rel}","templated":true}]}}