{"id":11325,"date":"2026-03-25T12:14:06","date_gmt":"2026-03-25T12:14:06","guid":{"rendered":"https:\/\/lornaearth.com\/?post_type=product&#038;p=11325"},"modified":"2026-03-25T12:16:19","modified_gmt":"2026-03-25T12:16:19","slug":"duende-top","status":"publish","type":"product","link":"https:\/\/lornaearth.com\/en\/product\/duende-top\/","title":{"rendered":"DUENDE TOP"},"content":{"rendered":"<p><span class=\"fontstyle0\">Incorpora un toque chic y elegante a tus looks sin esfuerzo.<\/span><\/p>\n<p><span class=\"fontstyle0\"> Ideal to create looks with lower volumes. <\/span><\/p>\n<p>{{detalles}}<\/p>\n<p><span class=\"fontstyle0\">Top de punto algod\u00f3n org\u00e1nico ajustado con mangas largas.<br \/>\n\u00b7 Material: 100% organic cotton<br \/>\n\u00b7 Color: naranja<br \/>\n\u00b7 Made in Spain<\/span><\/p>\n<p>{{\/detalles}}<\/p>\n<p>{{mima_tu_prenda}}<\/p>\n<p><span class=\"fontstyle0\"> Machine wash at maximum 30 degrees, do not bleach, iron at medium temperature, do not dry clean. <\/span><\/p>\n<p><span class=\"fontstyle0\">It is not recommended to use fabric softener or tumble dry. <\/span><\/p>\n<p><span class=\"fontstyle0\">Learn an environmentally friendly way to\ntake care of your clothes <a href=\"https:\/\/lornaearth.com\/en\/lorna-laundry-guide\/\">here.<\/a><\/span><\/p>\n<p>{{\/mima_tu_prenda}}<\/p>","protected":false},"excerpt":{"rendered":"<p>Incorpora un toque chic y elegante a tus looks sin esfuerzo. Ideal para crear looks con vol\u00famenes inferiores y sentirlo como una segunda piel. {{detalles}} Top de punto algod\u00f3n org\u00e1nico ajustado con mangas largas. \u00b7 Tejido: 100% algod\u00f3n org\u00e1nico \u00b7 Color: naranja \u00b7 Hecho en Espa\u00f1a {{\/detalles}} {{mima_tu_prenda}} Lavado a m\u00e1quina a m\u00e1ximo 30 grados,<a class=\"more-link\" href=\"https:\/\/lornaearth.com\/en\/product\/duende-top\/\">Read more  &#10230;<\/a><\/p>","protected":false},"featured_media":11329,"template":"","meta":{"om_disable_all_campaigns":false,"_monsterinsights_skip_tracking":false,"_monsterinsights_sitenote_active":false,"_monsterinsights_sitenote_note":"","_monsterinsights_sitenote_category":0,"_uf_show_specific_survey":0,"_uf_disable_surveys":false},"product_brand":[],"product_cat":[25,26],"product_tag":[],"class_list":{"0":"post-11325","1":"product","2":"type-product","3":"status-publish","4":"has-post-thumbnail","6":"product_cat-colecciones","7":"product_cat-tops","9":"first","10":"instock","11":"taxable","12":"shipping-taxable","13":"purchasable","14":"product-type-variable"},"_links":{"self":[{"href":"https:\/\/lornaearth.com\/en\/wp-json\/wp\/v2\/product\/11325","targetHints":{"allow":["GET"]}}],"collection":[{"href":"https:\/\/lornaearth.com\/en\/wp-json\/wp\/v2\/product"}],"about":[{"href":"https:\/\/lornaearth.com\/en\/wp-json\/wp\/v2\/types\/product"}],"wp:featuredmedia":[{"embeddable":true,"href":"https:\/\/lornaearth.com\/en\/wp-json\/wp\/v2\/media\/11329"}],"wp:attachment":[{"href":"https:\/\/lornaearth.com\/en\/wp-json\/wp\/v2\/media?parent=11325"}],"wp:term":[{"taxonomy":"product_brand","embeddable":true,"href":"https:\/\/lornaearth.com\/en\/wp-json\/wp\/v2\/product_brand?post=11325"},{"taxonomy":"product_cat","embeddable":true,"href":"https:\/\/lornaearth.com\/en\/wp-json\/wp\/v2\/product_cat?post=11325"},{"taxonomy":"product_tag","embeddable":true,"href":"https:\/\/lornaearth.com\/en\/wp-json\/wp\/v2\/product_tag?post=11325"}],"curies":[{"name":"wp","href":"https:\/\/api.w.org\/{rel}","templated":true}]}}