{"id":11221,"date":"2026-03-04T10:36:07","date_gmt":"2026-03-04T10:36:07","guid":{"rendered":"https:\/\/lornaearth.com\/?post_type=product&#038;p=11221"},"modified":"2026-03-12T11:45:12","modified_gmt":"2026-03-12T11:45:12","slug":"palmas-pantalones-rayas","status":"publish","type":"product","link":"https:\/\/lornaearth.com\/en\/product\/palmas-pantalones-rayas\/","title":{"rendered":"PALMAS BARREL STRIPES TROUSERS"},"content":{"rendered":"<p><span class=\"fontstyle0\">Los pantalones Palmas sintetizan la definici\u00f3n de lo contempor\u00e1neamente chic &#8211; Moderno, especial y sostenible.<\/span><\/p>\n<p class=\"p1\">Relaxed, wide-leg silhouette crafted from 100% organic cotton. It features an elasticated waistband for a comfortable and flattering fit, along with vertical raspberry-toned stripes that elongate the silhouette. Lightweight, breathable, and versatile, it\u2019s designed for everyday wear with a natural and conscious approach.<\/p>\n<p>{{detalles}}<\/p>\n<p><span class=\"fontstyle0\">Pantal\u00f3n largo de pernera ancha, cinturilla el\u00e1stica.<br \/>\nMaterial: 100% Organic cotton<br \/>\nColour: fuchsia, rust<br \/>\nMade in Spain<\/span><\/p>\n<p>{{\/detalles}}<\/p>\n<p>{{mima_tu_prenda}}<\/p>\n<p><span class=\"fontstyle0\"> Hand wash cold. do not bleach, do not iron, do not dry clean. <\/span><span class=\"fontstyle0\">Is not recommended to use fabric softener. <\/span><\/p>\n<p><span class=\"fontstyle0\">Learn an environmentally friendly way to\ntake care of your clothes <a href=\"https:\/\/lornaearth.com\/en\/lorna-laundry-guide\/\">here.<\/a><\/span><\/p>\n<p>{{\/mima_tu_prenda}}<\/p>","protected":false},"excerpt":{"rendered":"<p>Los pantalones Palmas sintetizan la definici\u00f3n de lo contempor\u00e1neamente chic &#8211; Moderno, especial y sostenible. Corte relajado y amplio confeccionado en 100% algod\u00f3n org\u00e1nico. Presenta cintura el\u00e1stica para un ajuste c\u00f3modo y favorecedor, y un dise\u00f1o de rayas verticales en tono frambuesa que estiliza la silueta. Ligero, transpirable y vers\u00e1til, es una prenda pensada para<a class=\"more-link\" href=\"https:\/\/lornaearth.com\/en\/product\/palmas-pantalones-rayas\/\">Read more  &#10230;<\/a><\/p>","protected":false},"featured_media":11225,"template":"","meta":{"om_disable_all_campaigns":false,"_monsterinsights_skip_tracking":false,"_monsterinsights_sitenote_active":false,"_monsterinsights_sitenote_note":"","_monsterinsights_sitenote_category":0,"_uf_show_specific_survey":0,"_uf_disable_surveys":false},"product_brand":[],"product_cat":[25,72],"product_tag":[],"class_list":{"0":"post-11221","1":"product","2":"type-product","3":"status-publish","4":"has-post-thumbnail","6":"product_cat-colecciones","7":"product_cat-pantalones-faldas","9":"first","10":"instock","11":"taxable","12":"shipping-taxable","13":"purchasable","14":"product-type-variable"},"_links":{"self":[{"href":"https:\/\/lornaearth.com\/en\/wp-json\/wp\/v2\/product\/11221","targetHints":{"allow":["GET"]}}],"collection":[{"href":"https:\/\/lornaearth.com\/en\/wp-json\/wp\/v2\/product"}],"about":[{"href":"https:\/\/lornaearth.com\/en\/wp-json\/wp\/v2\/types\/product"}],"wp:featuredmedia":[{"embeddable":true,"href":"https:\/\/lornaearth.com\/en\/wp-json\/wp\/v2\/media\/11225"}],"wp:attachment":[{"href":"https:\/\/lornaearth.com\/en\/wp-json\/wp\/v2\/media?parent=11221"}],"wp:term":[{"taxonomy":"product_brand","embeddable":true,"href":"https:\/\/lornaearth.com\/en\/wp-json\/wp\/v2\/product_brand?post=11221"},{"taxonomy":"product_cat","embeddable":true,"href":"https:\/\/lornaearth.com\/en\/wp-json\/wp\/v2\/product_cat?post=11221"},{"taxonomy":"product_tag","embeddable":true,"href":"https:\/\/lornaearth.com\/en\/wp-json\/wp\/v2\/product_tag?post=11221"}],"curies":[{"name":"wp","href":"https:\/\/api.w.org\/{rel}","templated":true}]}}