{"id":11217,"date":"2026-03-04T10:24:46","date_gmt":"2026-03-04T10:24:46","guid":{"rendered":"https:\/\/lornaearth.com\/?post_type=product&#038;p=11217"},"modified":"2026-03-04T10:30:37","modified_gmt":"2026-03-04T10:30:37","slug":"compas-blusa-rayas","status":"publish","type":"product","link":"https:\/\/lornaearth.com\/en\/product\/compas-blusa-rayas\/","title":{"rendered":"COMP\u00c1S BLUSA RAYAS"},"content":{"rendered":"<p>Relaxed yet elegant.<\/p>\n<p>This striped blouse is crafted from 100% organic cotton and features dropped shoulders and long ties that allow for multiple styling options. Its voluminous sleeves and subtle asymmetrical hem enhance the fluid silhouette, while the V-shaped neckline adds the perfect finishing touch.<\/p>\n<p>{{detalles}}<\/p>\n<p><span class=\"fontstyle0\">Material: 100% organic cotton<br \/>\nColour: fuchsia, rust<br \/>\nMade in Spain<\/span><\/p>\n<p>{{\/detalles}}<\/p>\n<p>{{mima_tu_prenda}}<\/p>\n<p><span class=\"fontstyle0\">Machine wash at maximum 30 degrees, do not bleach, iron at medium temperature, do not dry clean. <\/span><\/p>\n<p><span class=\"fontstyle0\">It is not recommended to use fabric softener or tumble dry. <\/span><\/p>\n<p><span class=\"fontstyle0\">Learn an environmentally friendly way to\ntake care of your clothes <a href=\"https:\/\/lornaearth.com\/en\/lorna-laundry-guide\/\">here.<\/a><\/span><\/p>\n<p>{{\/mima_tu_prenda}}<\/p>","protected":false},"excerpt":{"rendered":"<p>Relajada pero elegante. Esta blusa de rayas est\u00e1 confeccionada en 100% Algod\u00f3n Org\u00e1nico y presenta hombros ca\u00eddos y largos lazos que permiten m\u00faltiples formas de estilismo. Sus mangas amplias y el sutil bajo asim\u00e9trico realzan la silueta fluida, mientras que la abertura en forma de V en el escote aporta el toque final perfecto. {{detalles}}<a class=\"more-link\" href=\"https:\/\/lornaearth.com\/en\/product\/compas-blusa-rayas\/\">Read more  &#10230;<\/a><\/p>","protected":false},"featured_media":11218,"template":"","meta":{"om_disable_all_campaigns":false,"_monsterinsights_skip_tracking":false,"_monsterinsights_sitenote_active":false,"_monsterinsights_sitenote_note":"","_monsterinsights_sitenote_category":0,"_uf_show_specific_survey":0,"_uf_disable_surveys":false},"product_brand":[],"product_cat":[25,26],"product_tag":[],"class_list":{"0":"post-11217","1":"product","2":"type-product","3":"status-publish","4":"has-post-thumbnail","6":"product_cat-colecciones","7":"product_cat-tops","9":"first","10":"instock","11":"taxable","12":"shipping-taxable","13":"purchasable","14":"product-type-simple"},"_links":{"self":[{"href":"https:\/\/lornaearth.com\/en\/wp-json\/wp\/v2\/product\/11217","targetHints":{"allow":["GET"]}}],"collection":[{"href":"https:\/\/lornaearth.com\/en\/wp-json\/wp\/v2\/product"}],"about":[{"href":"https:\/\/lornaearth.com\/en\/wp-json\/wp\/v2\/types\/product"}],"wp:featuredmedia":[{"embeddable":true,"href":"https:\/\/lornaearth.com\/en\/wp-json\/wp\/v2\/media\/11218"}],"wp:attachment":[{"href":"https:\/\/lornaearth.com\/en\/wp-json\/wp\/v2\/media?parent=11217"}],"wp:term":[{"taxonomy":"product_brand","embeddable":true,"href":"https:\/\/lornaearth.com\/en\/wp-json\/wp\/v2\/product_brand?post=11217"},{"taxonomy":"product_cat","embeddable":true,"href":"https:\/\/lornaearth.com\/en\/wp-json\/wp\/v2\/product_cat?post=11217"},{"taxonomy":"product_tag","embeddable":true,"href":"https:\/\/lornaearth.com\/en\/wp-json\/wp\/v2\/product_tag?post=11217"}],"curies":[{"name":"wp","href":"https:\/\/api.w.org\/{rel}","templated":true}]}}