{"id":11084,"date":"2026-01-13T17:19:20","date_gmt":"2026-01-13T17:19:20","guid":{"rendered":"https:\/\/lornaearth.com\/?post_type=product&#038;p=11084"},"modified":"2026-03-25T13:04:54","modified_gmt":"2026-03-25T13:04:54","slug":"orchid-set-blusa-pantalon","status":"publish","type":"product","link":"https:\/\/lornaearth.com\/en\/product\/orchid-set-blusa-pantalon\/","title":{"rendered":"ORCHID SET (BLOUSE + TROUSERS)"},"content":{"rendered":"<p><span class=\"fontstyle0\">Our Orchid set (blouse and trousers) \u2013 modern, unique and sustainable. <\/span><\/p>\n<p>Oversized, one-size blouse. Skirt with an elastic waistband available in sizes S, M and L.<\/p>\n<p>{{detalles}}<\/p>\n<p><span class=\"fontstyle0\">Material: 100% organic cotton<br \/>\nColor: chocolate con detalles en crema<br \/>\nMade in Spain<\/span><\/p>\n<p>{{\/detalles}}<\/p>\n<p>{{mima_tu_prenda}}<\/p>\n<p><span class=\"fontstyle0\"> Hand wash cold. do not bleach, do not iron, do not dry clean. <\/span><span class=\"fontstyle0\">Is not recommended to use fabric softener. <\/span><\/p>\n<p><span class=\"fontstyle0\">Learn an environmentally friendly way to\ntake care of your clothes <a href=\"https:\/\/lornaearth.com\/en\/lorna-laundry-guide\/\">here.<\/a><\/span><\/p>\n<p>{{\/mima_tu_prenda}}<\/p>","protected":false},"excerpt":{"rendered":"<p>Nuestro conjunto Orchid (blusa y pantal\u00f3n) \u00a0&#8211; Moderno, especial y sostenible. Blusa amplia de talla \u00fanica. Falda con cinturilla el\u00e1stica disponible en tallas S, M y L. {{detalles}} Tejido: 100% algod\u00f3n org\u00e1nico Color: chocolate con detalles en crema Hecho en Espa\u00f1a {{\/detalles}} {{mima_tu_prenda}} Lavado a mano con agua fr\u00eda, no blanquear, no planchar, no limpiar<a class=\"more-link\" href=\"https:\/\/lornaearth.com\/en\/product\/orchid-set-blusa-pantalon\/\">Read more  &#10230;<\/a><\/p>","protected":false},"featured_media":11091,"template":"","meta":{"om_disable_all_campaigns":false,"_monsterinsights_skip_tracking":false,"_monsterinsights_sitenote_active":false,"_monsterinsights_sitenote_note":"","_monsterinsights_sitenote_category":0,"_uf_show_specific_survey":0,"_uf_disable_surveys":false},"product_brand":[],"product_cat":[25,110,105],"product_tag":[],"class_list":{"0":"post-11084","1":"product","2":"type-product","3":"status-publish","4":"has-post-thumbnail","6":"product_cat-colecciones","7":"product_cat-sets","8":"product_cat-under-200","10":"first","11":"instock","12":"sale","13":"taxable","14":"shipping-taxable","15":"purchasable","16":"product-type-variable"},"_links":{"self":[{"href":"https:\/\/lornaearth.com\/en\/wp-json\/wp\/v2\/product\/11084","targetHints":{"allow":["GET"]}}],"collection":[{"href":"https:\/\/lornaearth.com\/en\/wp-json\/wp\/v2\/product"}],"about":[{"href":"https:\/\/lornaearth.com\/en\/wp-json\/wp\/v2\/types\/product"}],"wp:featuredmedia":[{"embeddable":true,"href":"https:\/\/lornaearth.com\/en\/wp-json\/wp\/v2\/media\/11091"}],"wp:attachment":[{"href":"https:\/\/lornaearth.com\/en\/wp-json\/wp\/v2\/media?parent=11084"}],"wp:term":[{"taxonomy":"product_brand","embeddable":true,"href":"https:\/\/lornaearth.com\/en\/wp-json\/wp\/v2\/product_brand?post=11084"},{"taxonomy":"product_cat","embeddable":true,"href":"https:\/\/lornaearth.com\/en\/wp-json\/wp\/v2\/product_cat?post=11084"},{"taxonomy":"product_tag","embeddable":true,"href":"https:\/\/lornaearth.com\/en\/wp-json\/wp\/v2\/product_tag?post=11084"}],"curies":[{"name":"wp","href":"https:\/\/api.w.org\/{rel}","templated":true}]}}