{"id":11055,"date":"2025-12-29T16:44:52","date_gmt":"2025-12-29T16:44:52","guid":{"rendered":"https:\/\/lornaearth.com\/?post_type=product&#038;p=11055"},"modified":"2026-03-18T17:43:54","modified_gmt":"2026-03-18T17:43:54","slug":"funda-cojin-naranja","status":"publish","type":"product","link":"https:\/\/lornaearth.com\/en\/product\/funda-cojin-naranja\/","title":{"rendered":"CUSHION COVER STRIPES ORANGE"},"content":{"rendered":"<p>The perfect cushion to bring a contemporary and unique touch to your home. Its design features bold, wide<span class=\"Apple-converted-space\">\u00a0 <\/span>stripes in blue-ish grey and olive green, finished with our signature orange motif. Crafted from 100% organic cotton, designed and made in Spain.<\/p>\n<p>Does not include filling.<\/p>\n<p>Size: 40 x 60 cm<\/p>\n<p>{{detalles}}<\/p>\n<p>\u00b7 Material: 100% organic cotton<\/p>\n<p>\u00b7 Made in Spain<\/p>\n<p>{{\/detalles}}<\/p>\n<p>{{instrucciones}}<\/p>\n<p>&nbsp;<\/p>\n<p>{{\/instrucciones}}<\/p>","protected":false},"excerpt":{"rendered":"<p>El coj\u00edn perfecto para aportar un toque contempor\u00e1neo y \u00fanico a tu hogar. Su dise\u00f1o juega con rayas\u00a0 gruesas en gris y verde, acompa\u00f1adas de nuestra naranja caracter\u00edstica. Confeccionado en 100% algod\u00f3n org\u00e1nico, dise\u00f1ado y fabricado en Espa\u00f1a. No incluye relleno. Medidas: 40 \u00d7 60 cm. {{detalles}} \u00b7 Tejido: 100% algod\u00f3n org\u00e1nico \u00b7 Hecho en<a class=\"more-link\" href=\"https:\/\/lornaearth.com\/en\/product\/funda-cojin-naranja\/\">Read more  &#10230;<\/a><\/p>","protected":false},"featured_media":11056,"template":"","meta":{"om_disable_all_campaigns":false,"_monsterinsights_skip_tracking":false,"_monsterinsights_sitenote_active":false,"_monsterinsights_sitenote_note":"","_monsterinsights_sitenote_category":0,"_uf_show_specific_survey":0,"_uf_disable_surveys":false},"product_brand":[],"product_cat":[109,90,101],"product_tag":[],"class_list":{"0":"post-11055","1":"product","2":"type-product","3":"status-publish","4":"has-post-thumbnail","6":"product_cat-cojines","7":"product_cat-cuidado-facial","8":"product_cat-ilustraciones","10":"first","11":"onbackorder","12":"taxable","13":"shipping-taxable","14":"purchasable","15":"product-type-simple"},"_links":{"self":[{"href":"https:\/\/lornaearth.com\/en\/wp-json\/wp\/v2\/product\/11055","targetHints":{"allow":["GET"]}}],"collection":[{"href":"https:\/\/lornaearth.com\/en\/wp-json\/wp\/v2\/product"}],"about":[{"href":"https:\/\/lornaearth.com\/en\/wp-json\/wp\/v2\/types\/product"}],"wp:featuredmedia":[{"embeddable":true,"href":"https:\/\/lornaearth.com\/en\/wp-json\/wp\/v2\/media\/11056"}],"wp:attachment":[{"href":"https:\/\/lornaearth.com\/en\/wp-json\/wp\/v2\/media?parent=11055"}],"wp:term":[{"taxonomy":"product_brand","embeddable":true,"href":"https:\/\/lornaearth.com\/en\/wp-json\/wp\/v2\/product_brand?post=11055"},{"taxonomy":"product_cat","embeddable":true,"href":"https:\/\/lornaearth.com\/en\/wp-json\/wp\/v2\/product_cat?post=11055"},{"taxonomy":"product_tag","embeddable":true,"href":"https:\/\/lornaearth.com\/en\/wp-json\/wp\/v2\/product_tag?post=11055"}],"curies":[{"name":"wp","href":"https:\/\/api.w.org\/{rel}","templated":true}]}}