{"id":11022,"date":"2025-12-23T12:09:50","date_gmt":"2025-12-23T12:09:50","guid":{"rendered":"https:\/\/lornaearth.com\/?post_type=product&#038;p=11022"},"modified":"2025-12-23T16:36:21","modified_gmt":"2025-12-23T16:36:21","slug":"set-jabon-corporal","status":"publish","type":"product","link":"https:\/\/lornaearth.com\/en\/product\/set-jabon-corporal\/","title":{"rendered":"AJEN BODY WASH SET"},"content":{"rendered":"<p class=\"p1\">Ajen's body wash is a sustainable shower gel formulated with a <span class=\"s1\">98% natural origin ingredients<\/span>, enriched with cucumber extract that provides vitamins, minerals, and antioxidants for a soothing, refreshing, and revitalizing sensation on the skin. It is designed for an eco-friendly shower routine, in recyclable and refillable packaging.<\/p>\n<p class=\"p1\"><b>Available Scents:<\/b><b><\/b><\/p>\n<p class=\"p2\">\u2022 <span class=\"s1\"><b>Citruspeper:<\/b><\/span> citrusy and energizing <span class=\"s1\"><b>scent<\/b><\/span> with notes of lemon, mandarin, and bergamot combined with spicy ginger, black pepper, and sage, leaving a fresh and uplifting scent.<span class=\"Apple-converted-space\">\u00a0 <\/span><\/p>\n<p class=\"p2\">\u2022 <span class=\"s1\"><b>Wilderloof:<\/b><\/span> A woody, subtle, and relaxing <span class=\"s1\"><b>scent<\/b><\/span> with notes of cedarwood, clove, amber, and coriander, offering a more balanced and fresh olfactory experience.<\/p>\n<p>{{detalles}}<\/p>\n<p>\u00b7 Made in The Netherlands<\/p>\n<p>\u00b7 98% de ingredientes de origen natural. F\u00f3rmula vegana.<\/p>\n<p>\u00b7 450 ml<\/p>\n<p>{{\/detalles}}<\/p>\n<p>{{instrucciones}}<\/p>\n<p>{{\/instrucciones}}<\/p>","protected":false},"excerpt":{"rendered":"<p>El jab\u00f3n corporal de Ajen Care es un gel de ducha sostenible formulado con un 98 % de ingredientes naturales, enriquecido con extracto de pepino que aporta vitaminas, minerales y antioxidantes para una sensaci\u00f3n calmante, refrescante y revitalizante en la piel. Est\u00e1 dise\u00f1ado para una rutina de ducha respetuosa con el medio ambiente, en envases<a class=\"more-link\" href=\"https:\/\/lornaearth.com\/en\/product\/set-jabon-corporal\/\">Read more  &#10230;<\/a><\/p>","protected":false},"featured_media":11025,"template":"","meta":{"om_disable_all_campaigns":false,"_monsterinsights_skip_tracking":false,"_monsterinsights_sitenote_active":false,"_monsterinsights_sitenote_note":"","_monsterinsights_sitenote_category":0,"_uf_show_specific_survey":0,"_uf_disable_surveys":false},"product_brand":[],"product_cat":[70,103],"product_tag":[],"class_list":{"0":"post-11022","1":"product","2":"type-product","3":"status-publish","4":"has-post-thumbnail","6":"product_cat-autocuidado","7":"product_cat-under-50","9":"first","10":"instock","11":"taxable","12":"shipping-taxable","13":"purchasable","14":"product-type-variable"},"_links":{"self":[{"href":"https:\/\/lornaearth.com\/en\/wp-json\/wp\/v2\/product\/11022","targetHints":{"allow":["GET"]}}],"collection":[{"href":"https:\/\/lornaearth.com\/en\/wp-json\/wp\/v2\/product"}],"about":[{"href":"https:\/\/lornaearth.com\/en\/wp-json\/wp\/v2\/types\/product"}],"wp:featuredmedia":[{"embeddable":true,"href":"https:\/\/lornaearth.com\/en\/wp-json\/wp\/v2\/media\/11025"}],"wp:attachment":[{"href":"https:\/\/lornaearth.com\/en\/wp-json\/wp\/v2\/media?parent=11022"}],"wp:term":[{"taxonomy":"product_brand","embeddable":true,"href":"https:\/\/lornaearth.com\/en\/wp-json\/wp\/v2\/product_brand?post=11022"},{"taxonomy":"product_cat","embeddable":true,"href":"https:\/\/lornaearth.com\/en\/wp-json\/wp\/v2\/product_cat?post=11022"},{"taxonomy":"product_tag","embeddable":true,"href":"https:\/\/lornaearth.com\/en\/wp-json\/wp\/v2\/product_tag?post=11022"}],"curies":[{"name":"wp","href":"https:\/\/api.w.org\/{rel}","templated":true}]}}