{"id":10996,"date":"2025-12-12T18:09:23","date_gmt":"2025-12-12T18:09:23","guid":{"rendered":"https:\/\/lornaearth.com\/?post_type=product&#038;p=10996"},"modified":"2025-12-12T18:15:27","modified_gmt":"2025-12-12T18:15:27","slug":"roll-on-antiestres","status":"publish","type":"product","link":"https:\/\/lornaearth.com\/en\/product\/roll-on-antiestres\/","title":{"rendered":"PEACEFUL MIND ROLL-ON"},"content":{"rendered":"<p class=\"p1\"><span class=\"s1\">Peaceful Mind<\/span> is a roll-on infused with calming essential oils that helps alleviate stress, ease accumulated tension, and restore inner peace.<\/p>\n<p class=\"p1\">Designed to soothe anxious minds, it\u2019s perfect for moments of relaxation, meditation, or whenever you need a moment of calm in your busy day.<\/p>\n<p>{{detalles}}<\/p>\n<p>\u00b7 Made in France<\/p>\n<p>\u00b7 100% Natural Origin<\/p>\n<p>\u00b7 10 ml<\/p>\n<p>{{\/detalles}}<\/p>\n<p>{{instrucciones}}<\/p>\n<p class=\"p1\"><b>Aplica sobre las sienes, la parte posterior de las orejas, el cuello, las mu\u00f1ecas y el plexo solar. Inhala y d\u00e9jate revitalizar. Puede usarse hasta 4 veces al d\u00eda.<\/b><b><\/b><\/p>\n<p class=\"p1\"><b>Ideal antes de un momento de relajaci\u00f3n o meditaci\u00f3n.<\/b><\/p>\n<p>{{\/instrucciones}}<\/p>","protected":false},"excerpt":{"rendered":"<p>Peaceful Mind es un roll-on infusionado con aceites esenciales calmantes que ayuda a aliviar el estr\u00e9s, reducir la tensi\u00f3n acumulada y restaurar la paz interior. Dise\u00f1ado para calmar la mente ansiosa, es perfecto para momentos de relajaci\u00f3n, meditaci\u00f3n o siempre que necesites un instante de tranquilidad en tu d\u00eda ajetreado. {{detalles}} \u00b7 Hecho en Francia<a class=\"more-link\" href=\"https:\/\/lornaearth.com\/en\/product\/roll-on-antiestres\/\">Read more  &#10230;<\/a><\/p>","protected":false},"featured_media":10997,"template":"","meta":{"om_disable_all_campaigns":false,"_monsterinsights_skip_tracking":false,"_monsterinsights_sitenote_active":false,"_monsterinsights_sitenote_note":"","_monsterinsights_sitenote_category":0,"_uf_show_specific_survey":0,"_uf_disable_surveys":false},"product_brand":[],"product_cat":[70,103],"product_tag":[],"class_list":{"0":"post-10996","1":"product","2":"type-product","3":"status-publish","4":"has-post-thumbnail","6":"product_cat-autocuidado","7":"product_cat-under-50","9":"first","10":"instock","11":"taxable","12":"shipping-taxable","13":"purchasable","14":"product-type-simple"},"_links":{"self":[{"href":"https:\/\/lornaearth.com\/en\/wp-json\/wp\/v2\/product\/10996","targetHints":{"allow":["GET"]}}],"collection":[{"href":"https:\/\/lornaearth.com\/en\/wp-json\/wp\/v2\/product"}],"about":[{"href":"https:\/\/lornaearth.com\/en\/wp-json\/wp\/v2\/types\/product"}],"wp:featuredmedia":[{"embeddable":true,"href":"https:\/\/lornaearth.com\/en\/wp-json\/wp\/v2\/media\/10997"}],"wp:attachment":[{"href":"https:\/\/lornaearth.com\/en\/wp-json\/wp\/v2\/media?parent=10996"}],"wp:term":[{"taxonomy":"product_brand","embeddable":true,"href":"https:\/\/lornaearth.com\/en\/wp-json\/wp\/v2\/product_brand?post=10996"},{"taxonomy":"product_cat","embeddable":true,"href":"https:\/\/lornaearth.com\/en\/wp-json\/wp\/v2\/product_cat?post=10996"},{"taxonomy":"product_tag","embeddable":true,"href":"https:\/\/lornaearth.com\/en\/wp-json\/wp\/v2\/product_tag?post=10996"}],"curies":[{"name":"wp","href":"https:\/\/api.w.org\/{rel}","templated":true}]}}