{"id":10994,"date":"2025-12-12T18:00:57","date_gmt":"2025-12-12T18:00:57","guid":{"rendered":"https:\/\/lornaearth.com\/?post_type=product&#038;p=10994"},"modified":"2026-03-15T11:18:41","modified_gmt":"2026-03-15T11:18:41","slug":"desinfectante-manos-relajante","status":"publish","type":"product","link":"https:\/\/lornaearth.com\/en\/product\/desinfectante-manos-relajante\/","title":{"rendered":"HANDS CLEANER"},"content":{"rendered":"<p class=\"p1\">Un spray natural para manos elaborado con aceites esenciales org\u00e1nicos de lavanda y lavand\u00edn, combinados con alcohol natural. Desinfecta tus manos mientras las hidrata y las envuelve en una sensaci\u00f3n de frescura.<\/p>\n<p class=\"p1\">Proporciona calma, serenidad y energ\u00eda positiva gracias a sus aromas relajantes. \u00a1Respira profundamente y deja que la suavidad de la lavanda te reconforte!<\/p>\n<p>{{detalles}}<\/p>\n<p>\u00b7 Made in France<\/p>\n<p>\u00b7 100% Natural Origin<\/p>\n<p>\u00b7 30 ml<\/p>\n<p>{{\/detalles}}<\/p>\n<p>{{instrucciones}}<\/p>\n<h3 class=\"utilisation__text\"><span style=\"font-weight: normal;\">Spray onto hands and rub until fully absorbed. Inhale deeply to enjoy the calming benefits of lavender essential oil.<\/p>\n<p>Versatile, this spray can also be used on small everyday surfaces: phone, mouse, keys, or door handles.<\/span><\/h3>\n<p>{{\/instrucciones}}<\/p>","protected":false},"excerpt":{"rendered":"<p>Un spray natural para manos elaborado con aceites esenciales org\u00e1nicos de lavanda y lavand\u00edn, combinados con alcohol natural. Desinfecta tus manos mientras las hidrata y las envuelve en una sensaci\u00f3n de frescura. Proporciona calma, serenidad y energ\u00eda positiva gracias a sus aromas relajantes. \u00a1Respira profundamente y deja que la suavidad de la lavanda te reconforte!<a class=\"more-link\" href=\"https:\/\/lornaearth.com\/en\/product\/desinfectante-manos-relajante\/\">Read more  &#10230;<\/a><\/p>","protected":false},"featured_media":10995,"template":"","meta":{"om_disable_all_campaigns":false,"_monsterinsights_skip_tracking":false,"_monsterinsights_sitenote_active":false,"_monsterinsights_sitenote_note":"","_monsterinsights_sitenote_category":0,"_uf_show_specific_survey":0,"_uf_disable_surveys":false},"product_brand":[],"product_cat":[70,103],"product_tag":[],"class_list":{"0":"post-10994","1":"product","2":"type-product","3":"status-publish","4":"has-post-thumbnail","6":"product_cat-autocuidado","7":"product_cat-under-50","9":"first","10":"instock","11":"taxable","12":"shipping-taxable","13":"purchasable","14":"product-type-simple"},"_links":{"self":[{"href":"https:\/\/lornaearth.com\/en\/wp-json\/wp\/v2\/product\/10994","targetHints":{"allow":["GET"]}}],"collection":[{"href":"https:\/\/lornaearth.com\/en\/wp-json\/wp\/v2\/product"}],"about":[{"href":"https:\/\/lornaearth.com\/en\/wp-json\/wp\/v2\/types\/product"}],"wp:featuredmedia":[{"embeddable":true,"href":"https:\/\/lornaearth.com\/en\/wp-json\/wp\/v2\/media\/10995"}],"wp:attachment":[{"href":"https:\/\/lornaearth.com\/en\/wp-json\/wp\/v2\/media?parent=10994"}],"wp:term":[{"taxonomy":"product_brand","embeddable":true,"href":"https:\/\/lornaearth.com\/en\/wp-json\/wp\/v2\/product_brand?post=10994"},{"taxonomy":"product_cat","embeddable":true,"href":"https:\/\/lornaearth.com\/en\/wp-json\/wp\/v2\/product_cat?post=10994"},{"taxonomy":"product_tag","embeddable":true,"href":"https:\/\/lornaearth.com\/en\/wp-json\/wp\/v2\/product_tag?post=10994"}],"curies":[{"name":"wp","href":"https:\/\/api.w.org\/{rel}","templated":true}]}}