{"id":10989,"date":"2025-12-12T17:41:41","date_gmt":"2025-12-12T17:41:41","guid":{"rendered":"https:\/\/lornaearth.com\/?post_type=product&#038;p=10989"},"modified":"2026-03-15T11:17:43","modified_gmt":"2026-03-15T11:17:43","slug":"spray-dreamy-pillow","status":"publish","type":"product","link":"https:\/\/lornaearth.com\/en\/product\/spray-dreamy-pillow\/","title":{"rendered":"DREAMY PILLOW SPRAY"},"content":{"rendered":"<p class=\"p1\">A natural sleep spray designed to elevate your bedtime routine into a soothing and calming experience. Made with organic essential oils and Neroli floral water, Dreamy Pillow encourages relaxation, eases the mind, and prepares the body for fast and deep sleep.<\/p>\n<p class=\"p1\">Perfect for tackling sleep disorders and creating a restful atmosphere for the night.<\/p>\n<p>{{detalles}}<\/p>\n<p>\u00b7 Made in France<\/p>\n<p>\u00b7 100% Natural Origin<\/p>\n<p>\u00b7 50 ml<\/p>\n<p>{{\/detalles}}<\/p>\n<p>{{instrucciones}}<\/p>\n<p class=\"p1\">Antes de acostarte, roc\u00eda Dreamy Pillow sobre la almohada, la ropa de cama o directamente en el aire alrededor de tu espacio para dormir. Respira profundamente para disfrutar de los efectos calmantes de los aceites esenciales.<\/p>\n<p>{{\/instrucciones}}<\/p>","protected":false},"excerpt":{"rendered":"<p>Un spray natural para dormir dise\u00f1ado para transformar tu rutina nocturna en una experiencia calmante y relajante. Elaborado con aceites esenciales org\u00e1nicos y agua floral de neroli, Dreamy Pillow favorece la relajaci\u00f3n, despeja la mente y prepara el cuerpo para un sue\u00f1o profundo y r\u00e1pido. Perfecto para combatir trastornos del sue\u00f1o y crear una atm\u00f3sfera<a class=\"more-link\" href=\"https:\/\/lornaearth.com\/en\/product\/spray-dreamy-pillow\/\">Read more  &#10230;<\/a><\/p>","protected":false},"featured_media":10990,"template":"","meta":{"om_disable_all_campaigns":false,"_monsterinsights_skip_tracking":false,"_monsterinsights_sitenote_active":false,"_monsterinsights_sitenote_note":"","_monsterinsights_sitenote_category":0,"_uf_show_specific_survey":0,"_uf_disable_surveys":false},"product_brand":[],"product_cat":[70,103],"product_tag":[],"class_list":{"0":"post-10989","1":"product","2":"type-product","3":"status-publish","4":"has-post-thumbnail","6":"product_cat-autocuidado","7":"product_cat-under-50","9":"first","10":"outofstock","11":"taxable","12":"shipping-taxable","13":"purchasable","14":"product-type-simple"},"_links":{"self":[{"href":"https:\/\/lornaearth.com\/en\/wp-json\/wp\/v2\/product\/10989","targetHints":{"allow":["GET"]}}],"collection":[{"href":"https:\/\/lornaearth.com\/en\/wp-json\/wp\/v2\/product"}],"about":[{"href":"https:\/\/lornaearth.com\/en\/wp-json\/wp\/v2\/types\/product"}],"wp:featuredmedia":[{"embeddable":true,"href":"https:\/\/lornaearth.com\/en\/wp-json\/wp\/v2\/media\/10990"}],"wp:attachment":[{"href":"https:\/\/lornaearth.com\/en\/wp-json\/wp\/v2\/media?parent=10989"}],"wp:term":[{"taxonomy":"product_brand","embeddable":true,"href":"https:\/\/lornaearth.com\/en\/wp-json\/wp\/v2\/product_brand?post=10989"},{"taxonomy":"product_cat","embeddable":true,"href":"https:\/\/lornaearth.com\/en\/wp-json\/wp\/v2\/product_cat?post=10989"},{"taxonomy":"product_tag","embeddable":true,"href":"https:\/\/lornaearth.com\/en\/wp-json\/wp\/v2\/product_tag?post=10989"}],"curies":[{"name":"wp","href":"https:\/\/api.w.org\/{rel}","templated":true}]}}