{"id":10895,"date":"2025-12-06T17:20:07","date_gmt":"2025-12-06T17:20:07","guid":{"rendered":"https:\/\/lornaearth.com\/?post_type=product&#038;p=10895"},"modified":"2026-01-04T12:41:27","modified_gmt":"2026-01-04T12:41:27","slug":"caelum-falda-gris","status":"publish","type":"product","link":"https:\/\/lornaearth.com\/en\/product\/caelum-falda-gris\/","title":{"rendered":"CAELUM SKIRT GREY"},"content":{"rendered":"<p>Caelum \u2014 a contemporary, sustainable piece with a unique silhouette.<br data-start=\"199\" data-end=\"202\" \/>Crafted from the softest organic cotton, it features a V-shaped design that enhances the figure and adds a distinctive touch.<br data-start=\"333\" data-end=\"336\" \/>Finished with an elastic waistband and tie for a comfortable, feminine fit.<\/p>\n<p>{{detalles}}<\/p>\n<p><span class=\"fontstyle0\">Fabric: 100% Organic cotton<br \/>\nColor: gris<br \/>\nMade in Spain<\/span><\/p>\n<p>{{\/detalles}}<\/p>\n<p>{{mima_tu_prenda}}<\/p>\n<p><span class=\"fontstyle0\"> Hand wash cold. do not bleach, do not iron, do not dry clean. <\/span><span class=\"fontstyle0\">Is not recommended to use fabric softener. <\/span><\/p>\n<p><span class=\"fontstyle0\">Learn an environmentally friendly way to\ntake care of your clothes <a href=\"https:\/\/lornaearth.com\/en\/lorna-laundry-guide\/\">here.<\/a><\/span><\/p>\n<p>{{\/mima_tu_prenda}}<\/p>","protected":false},"excerpt":{"rendered":"<p>Caelum, una pieza contempor\u00e1nea y sostenible con una silueta \u00fanica.Confeccionada en el algod\u00f3n org\u00e1nico m\u00e1s suave, presenta un dise\u00f1o en forma de V que realza la figura y aporta un toque distintivo.Incluye cinturilla el\u00e1stica con lazo para un ajuste c\u00f3modo y femenino. {{detalles}} Tejido: 100% Algod\u00f3n org\u00e1nico Color: gris Hecho en Espa\u00f1a {{\/detalles}} {{mima_tu_prenda}} Lavado<a class=\"more-link\" href=\"https:\/\/lornaearth.com\/en\/product\/caelum-falda-gris\/\">Read more  &#10230;<\/a><\/p>","protected":false},"featured_media":10901,"template":"","meta":{"om_disable_all_campaigns":false,"_monsterinsights_skip_tracking":false,"_monsterinsights_sitenote_active":false,"_monsterinsights_sitenote_note":"","_monsterinsights_sitenote_category":0,"_uf_show_specific_survey":0,"_uf_disable_surveys":false},"product_brand":[],"product_cat":[25,72],"product_tag":[],"class_list":{"0":"post-10895","1":"product","2":"type-product","3":"status-publish","4":"has-post-thumbnail","6":"product_cat-colecciones","7":"product_cat-pantalones-faldas","9":"first","10":"instock","11":"sale","12":"taxable","13":"shipping-taxable","14":"purchasable","15":"product-type-variable"},"_links":{"self":[{"href":"https:\/\/lornaearth.com\/en\/wp-json\/wp\/v2\/product\/10895","targetHints":{"allow":["GET"]}}],"collection":[{"href":"https:\/\/lornaearth.com\/en\/wp-json\/wp\/v2\/product"}],"about":[{"href":"https:\/\/lornaearth.com\/en\/wp-json\/wp\/v2\/types\/product"}],"wp:featuredmedia":[{"embeddable":true,"href":"https:\/\/lornaearth.com\/en\/wp-json\/wp\/v2\/media\/10901"}],"wp:attachment":[{"href":"https:\/\/lornaearth.com\/en\/wp-json\/wp\/v2\/media?parent=10895"}],"wp:term":[{"taxonomy":"product_brand","embeddable":true,"href":"https:\/\/lornaearth.com\/en\/wp-json\/wp\/v2\/product_brand?post=10895"},{"taxonomy":"product_cat","embeddable":true,"href":"https:\/\/lornaearth.com\/en\/wp-json\/wp\/v2\/product_cat?post=10895"},{"taxonomy":"product_tag","embeddable":true,"href":"https:\/\/lornaearth.com\/en\/wp-json\/wp\/v2\/product_tag?post=10895"}],"curies":[{"name":"wp","href":"https:\/\/api.w.org\/{rel}","templated":true}]}}