{"id":10790,"date":"2025-11-27T16:11:59","date_gmt":"2025-11-27T16:11:59","guid":{"rendered":"https:\/\/lornaearth.com\/?post_type=product&#038;p=10790"},"modified":"2026-03-10T11:33:47","modified_gmt":"2026-03-10T11:33:47","slug":"funda-cojin-haven","status":"publish","type":"product","link":"https:\/\/lornaearth.com\/en\/product\/funda-cojin-haven\/","title":{"rendered":"HAVEN BROWN CUSHION COVER"},"content":{"rendered":"<p>The perfect cushion to bring a contemporary and distinctive touch to your home. Its design features the large-scale flower from our Autumn\u2013Winter collection\u2019s print. Crafted from 100% organic cotton, and designed and made in Spain.<\/p>\n<p>Does not include filling.<\/p>\n<p>Size: 50 x 50 cm<\/p>\n<p>{{detalles}}<\/p>\n<p>\u00b7 Material: 100% organic cotton<\/p>\n<p>\u00b7 Made in Spain<\/p>\n<p>{{\/detalles}}<\/p>\n<p>{{instrucciones}}<\/p>\n<p>&nbsp;<\/p>\n<p>{{\/instrucciones}}<\/p>","protected":false},"excerpt":{"rendered":"<p>El coj\u00edn perfecto para aportar un toque contempor\u00e1neo y \u00fanico a tu hogar. Su dise\u00f1o incorpora la flor del estampado de nuestra colecci\u00f3n Oto\u00f1o-Invierno en gran escala. Confeccionado en 100% algod\u00f3n org\u00e1nico, dise\u00f1ado y fabricado en Espa\u00f1a. No incluye relleno. Medidas: 50 \u00d7 50 cm {{detalles}} \u00b7 Tejido: 100% algod\u00f3n org\u00e1nico \u00b7 Hecho en Espa\u00f1a<a class=\"more-link\" href=\"https:\/\/lornaearth.com\/en\/product\/funda-cojin-haven\/\">Read more  &#10230;<\/a><\/p>","protected":false},"featured_media":10794,"template":"","meta":{"om_disable_all_campaigns":false,"_monsterinsights_skip_tracking":false,"_monsterinsights_sitenote_active":false,"_monsterinsights_sitenote_note":"","_monsterinsights_sitenote_category":0,"_uf_show_specific_survey":0,"_uf_disable_surveys":false},"product_brand":[],"product_cat":[109,90,101],"product_tag":[],"class_list":{"0":"post-10790","1":"product","2":"type-product","3":"status-publish","4":"has-post-thumbnail","6":"product_cat-cojines","7":"product_cat-cuidado-facial","8":"product_cat-ilustraciones","10":"first","11":"instock","12":"taxable","13":"shipping-taxable","14":"purchasable","15":"product-type-simple"},"_links":{"self":[{"href":"https:\/\/lornaearth.com\/en\/wp-json\/wp\/v2\/product\/10790","targetHints":{"allow":["GET"]}}],"collection":[{"href":"https:\/\/lornaearth.com\/en\/wp-json\/wp\/v2\/product"}],"about":[{"href":"https:\/\/lornaearth.com\/en\/wp-json\/wp\/v2\/types\/product"}],"wp:featuredmedia":[{"embeddable":true,"href":"https:\/\/lornaearth.com\/en\/wp-json\/wp\/v2\/media\/10794"}],"wp:attachment":[{"href":"https:\/\/lornaearth.com\/en\/wp-json\/wp\/v2\/media?parent=10790"}],"wp:term":[{"taxonomy":"product_brand","embeddable":true,"href":"https:\/\/lornaearth.com\/en\/wp-json\/wp\/v2\/product_brand?post=10790"},{"taxonomy":"product_cat","embeddable":true,"href":"https:\/\/lornaearth.com\/en\/wp-json\/wp\/v2\/product_cat?post=10790"},{"taxonomy":"product_tag","embeddable":true,"href":"https:\/\/lornaearth.com\/en\/wp-json\/wp\/v2\/product_tag?post=10790"}],"curies":[{"name":"wp","href":"https:\/\/api.w.org\/{rel}","templated":true}]}}