{"id":10501,"date":"2025-10-24T09:15:58","date_gmt":"2025-10-24T09:15:58","guid":{"rendered":"https:\/\/lornaearth.com\/?post_type=product&#038;p=10501"},"modified":"2026-01-23T10:59:23","modified_gmt":"2026-01-23T10:59:23","slug":"eos-dress-red","status":"publish","type":"product","link":"https:\/\/lornaearth.com\/en\/product\/eos-dress-red\/","title":{"rendered":"EOS DRESS RED"},"content":{"rendered":"<p data-start=\"90\" data-end=\"395\">This captivating red dress exudes timeless sophistication. Its versatile cut makes it a one-size piece, elegantly adapting to different silhouettes.<br data-start=\"266\" data-end=\"269\" \/>It features an extra-long tie that allows for multiple ways of tying it, adding personality and offering different ways to wear it.<\/p>\n<p data-start=\"397\" data-end=\"531\">A design that blends classic glamour with a modern sensibility, making it ideal for both gala events and intimate gatherings.<\/p>\n<p>{{detalles}}<\/p>\n<p><span class=\"fontstyle0\">Fabric: 100% tencel<br \/>\nColor: Rojo<br \/>\nMade in Spain<\/span><\/p>\n<p>{{\/detalles}}<\/p>\n<p>{{mima_tu_prenda}}<\/p>\n<p><span class=\"fontstyle0\"> Hand wash cold. do not bleach, do not iron, do not dry clean. <\/span><span class=\"fontstyle0\">Is not recommended to use fabric softener. <\/span><\/p>\n<p><span class=\"fontstyle0\">Learn an environmentally friendly way to\ntake care of your clothes <a href=\"https:\/\/lornaearth.com\/en\/lorna-laundry-guide\/\">here.<\/a><\/span><\/p>\n<p>{{\/mima_tu_prenda}}<\/p>","protected":false},"excerpt":{"rendered":"<p>Este cautivador vestido rojo desprende una sofisticaci\u00f3n atemporal. Su corte vers\u00e1til lo convierte en una pieza de talla \u00fanica, adapt\u00e1ndose con elegancia a diferentes siluetas.Incluye un lazo extralargo que permite m\u00faltiples formas de anudarlo, aportando personalidad y distintas maneras de llevarlo. Un dise\u00f1o que combina el glamour cl\u00e1sico con una sensibilidad moderna, ideal tanto para<a class=\"more-link\" href=\"https:\/\/lornaearth.com\/en\/product\/eos-dress-red\/\">Read more  &#10230;<\/a><\/p>","protected":false},"featured_media":10507,"template":"","meta":{"om_disable_all_campaigns":false,"_monsterinsights_skip_tracking":false,"_monsterinsights_sitenote_active":false,"_monsterinsights_sitenote_note":"","_monsterinsights_sitenote_category":0,"_uf_show_specific_survey":0,"_uf_disable_surveys":false},"product_brand":[],"product_cat":[25,82],"product_tag":[],"class_list":{"0":"post-10501","1":"product","2":"type-product","3":"status-publish","4":"has-post-thumbnail","6":"product_cat-colecciones","7":"product_cat-vestidos","9":"first","10":"instock","11":"taxable","12":"shipping-taxable","13":"purchasable","14":"product-type-simple"},"_links":{"self":[{"href":"https:\/\/lornaearth.com\/en\/wp-json\/wp\/v2\/product\/10501","targetHints":{"allow":["GET"]}}],"collection":[{"href":"https:\/\/lornaearth.com\/en\/wp-json\/wp\/v2\/product"}],"about":[{"href":"https:\/\/lornaearth.com\/en\/wp-json\/wp\/v2\/types\/product"}],"wp:featuredmedia":[{"embeddable":true,"href":"https:\/\/lornaearth.com\/en\/wp-json\/wp\/v2\/media\/10507"}],"wp:attachment":[{"href":"https:\/\/lornaearth.com\/en\/wp-json\/wp\/v2\/media?parent=10501"}],"wp:term":[{"taxonomy":"product_brand","embeddable":true,"href":"https:\/\/lornaearth.com\/en\/wp-json\/wp\/v2\/product_brand?post=10501"},{"taxonomy":"product_cat","embeddable":true,"href":"https:\/\/lornaearth.com\/en\/wp-json\/wp\/v2\/product_cat?post=10501"},{"taxonomy":"product_tag","embeddable":true,"href":"https:\/\/lornaearth.com\/en\/wp-json\/wp\/v2\/product_tag?post=10501"}],"curies":[{"name":"wp","href":"https:\/\/api.w.org\/{rel}","templated":true}]}}