{"id":10383,"date":"2025-10-18T16:07:26","date_gmt":"2025-10-18T16:07:26","guid":{"rendered":"https:\/\/lornaearth.com\/?post_type=product&#038;p=10383"},"modified":"2026-01-18T12:54:45","modified_gmt":"2026-01-18T12:54:45","slug":"zora-vestido-crema","status":"publish","type":"product","link":"https:\/\/lornaearth.com\/en\/product\/zora-vestido-crema\/","title":{"rendered":"ZORA VESTIDO CREMA"},"content":{"rendered":"<p>Este cautivador vestido de noche desprende un aura de sofisticaci\u00f3n atemporal. Su dise\u00f1o combina el glamour cl\u00e1sico con una sensibilidad moderna, con una silueta que te envuelve con gracia. La opci\u00f3n ideal tanto para veladas, eventos de gala como para reuniones \u00edntimas.<\/p>\n<p>{{detalles}}<\/p>\n<p><span class=\"fontstyle0\">Fabric: 100% tencel<br \/>\nColor: Blanco roto<br \/>\nMade in Spain<\/span><\/p>\n<p>{{\/detalles}}<\/p>\n<p>{{mima_tu_prenda}}<\/p>\n<p><span class=\"fontstyle0\"> Hand wash cold. do not bleach, do not iron, do not dry clean. <\/span><span class=\"fontstyle0\">Is not recommended to use fabric softener. <\/span><\/p>\n<p><span class=\"fontstyle0\">Learn an environmentally friendly way to\ntake care of your clothes <a href=\"https:\/\/lornaearth.com\/en\/lorna-laundry-guide\/\">here.<\/a><\/span><\/p>\n<p>{{\/mima_tu_prenda}}<\/p>","protected":false},"excerpt":{"rendered":"<p>Este cautivador vestido de noche desprende un aura de sofisticaci\u00f3n atemporal. Su dise\u00f1o combina el glamour cl\u00e1sico con una sensibilidad moderna, con una silueta que te envuelve con gracia. La opci\u00f3n ideal tanto para veladas, eventos de gala como para reuniones \u00edntimas. {{detalles}} Tejido: 100% Tencel Color: Blanco roto Hecho en Espa\u00f1a {{\/detalles}} {{mima_tu_prenda}} Lavado<a class=\"more-link\" href=\"https:\/\/lornaearth.com\/en\/product\/zora-vestido-crema\/\">Read more  &#10230;<\/a><\/p>","protected":false},"featured_media":10387,"template":"","meta":{"om_disable_all_campaigns":false,"_monsterinsights_skip_tracking":false,"_monsterinsights_sitenote_active":false,"_monsterinsights_sitenote_note":"","_monsterinsights_sitenote_category":0,"_uf_show_specific_survey":0,"_uf_disable_surveys":false},"product_brand":[],"product_cat":[25,82],"product_tag":[],"class_list":{"0":"post-10383","1":"product","2":"type-product","3":"status-publish","4":"has-post-thumbnail","6":"product_cat-colecciones","7":"product_cat-vestidos","9":"first","10":"instock","11":"taxable","12":"shipping-taxable","13":"purchasable","14":"product-type-variable"},"_links":{"self":[{"href":"https:\/\/lornaearth.com\/en\/wp-json\/wp\/v2\/product\/10383","targetHints":{"allow":["GET"]}}],"collection":[{"href":"https:\/\/lornaearth.com\/en\/wp-json\/wp\/v2\/product"}],"about":[{"href":"https:\/\/lornaearth.com\/en\/wp-json\/wp\/v2\/types\/product"}],"wp:featuredmedia":[{"embeddable":true,"href":"https:\/\/lornaearth.com\/en\/wp-json\/wp\/v2\/media\/10387"}],"wp:attachment":[{"href":"https:\/\/lornaearth.com\/en\/wp-json\/wp\/v2\/media?parent=10383"}],"wp:term":[{"taxonomy":"product_brand","embeddable":true,"href":"https:\/\/lornaearth.com\/en\/wp-json\/wp\/v2\/product_brand?post=10383"},{"taxonomy":"product_cat","embeddable":true,"href":"https:\/\/lornaearth.com\/en\/wp-json\/wp\/v2\/product_cat?post=10383"},{"taxonomy":"product_tag","embeddable":true,"href":"https:\/\/lornaearth.com\/en\/wp-json\/wp\/v2\/product_tag?post=10383"}],"curies":[{"name":"wp","href":"https:\/\/api.w.org\/{rel}","templated":true}]}}