{"id":10131,"date":"2025-06-20T10:47:52","date_gmt":"2025-06-20T10:47:52","guid":{"rendered":"https:\/\/lornaearth.com\/?post_type=product&#038;p=10131"},"modified":"2025-07-29T11:49:36","modified_gmt":"2025-07-29T11:49:36","slug":"selma-bolso-turquesa","status":"publish","type":"product","link":"https:\/\/lornaearth.com\/en\/product\/selma-bolso-turquesa\/","title":{"rendered":"SELMA BOLSO TURQUESA"},"content":{"rendered":"<p>SELMA - Crafted with intention, adding shine day or night. Finished with metal studs and interior pocket.This bag comes with a cotton bag to store it or to put it inside, if you prefer your daily essentials to remain secret!<\/p>\n<p>{{detalles}}<\/p>\n<p>Bolso de rejilla negro con bolsillo interior<\/p>\n<p><span class=\"fontstyle0\">Material: 100% Organic Cotton<br \/>\nColor: Amarillo, turquesa.<br \/>\nMade in Spain<\/span><\/p>\n<p>{{\/detalles}}<\/p>\n<p>{{mima_tu_prenda}}<\/p>\n<p>Do not wash.<\/p>\n<p>Learn an environmentally friendly way to\ntake care of your clothes <a href=\"https:\/\/lornaearth.com\/en\/lorna-laundry-guide\/\">here.<\/a><\/p>\n<p>{{\/mima_tu_prenda}}<\/p>","protected":false},"excerpt":{"rendered":"<p>SELMA &#8211; Elaborado con intenci\u00f3n, a\u00f1adiendo brillo a tu look de d\u00eda o de noche. Acabado con tachuelas met\u00e1licas y bolsillo interior. Este bolso contiene una bolsa de algod\u00f3n para guardarlo o para introducirlo en su interior, si prefieres que tus esenciales diarios sigan siendo secretos! {{detalles}} Bolso de rejilla negro con bolsillo interior Material:<a class=\"more-link\" href=\"https:\/\/lornaearth.com\/en\/product\/selma-bolso-turquesa\/\">Read more  &#10230;<\/a><\/p>","protected":false},"featured_media":10132,"template":"","meta":{"om_disable_all_campaigns":false,"_monsterinsights_skip_tracking":false,"_monsterinsights_sitenote_active":false,"_monsterinsights_sitenote_note":"","_monsterinsights_sitenote_category":0,"_uf_show_specific_survey":0,"_uf_disable_surveys":false},"product_brand":[],"product_cat":[69,84,100],"product_tag":[],"class_list":{"0":"post-10131","1":"product","2":"type-product","3":"status-publish","4":"has-post-thumbnail","6":"product_cat-accesorios","7":"product_cat-bolsos","8":"product_cat-rebajas","10":"first","11":"instock","12":"sale","13":"taxable","14":"shipping-taxable","15":"purchasable","16":"product-type-simple"},"_links":{"self":[{"href":"https:\/\/lornaearth.com\/en\/wp-json\/wp\/v2\/product\/10131","targetHints":{"allow":["GET"]}}],"collection":[{"href":"https:\/\/lornaearth.com\/en\/wp-json\/wp\/v2\/product"}],"about":[{"href":"https:\/\/lornaearth.com\/en\/wp-json\/wp\/v2\/types\/product"}],"wp:featuredmedia":[{"embeddable":true,"href":"https:\/\/lornaearth.com\/en\/wp-json\/wp\/v2\/media\/10132"}],"wp:attachment":[{"href":"https:\/\/lornaearth.com\/en\/wp-json\/wp\/v2\/media?parent=10131"}],"wp:term":[{"taxonomy":"product_brand","embeddable":true,"href":"https:\/\/lornaearth.com\/en\/wp-json\/wp\/v2\/product_brand?post=10131"},{"taxonomy":"product_cat","embeddable":true,"href":"https:\/\/lornaearth.com\/en\/wp-json\/wp\/v2\/product_cat?post=10131"},{"taxonomy":"product_tag","embeddable":true,"href":"https:\/\/lornaearth.com\/en\/wp-json\/wp\/v2\/product_tag?post=10131"}],"curies":[{"name":"wp","href":"https:\/\/api.w.org\/{rel}","templated":true}]}}