{"id":8354,"date":"2023-06-26T14:08:24","date_gmt":"2023-06-26T14:08:24","guid":{"rendered":"https:\/\/lornaearth.com\/?page_id=8354"},"modified":"2023-06-29T20:03:18","modified_gmt":"2023-06-29T20:03:18","slug":"envios-y-devoluciones","status":"publish","type":"page","link":"https:\/\/lornaearth.com\/en\/envios-y-devoluciones\/","title":{"rendered":"Envios y Devoluciones"},"content":{"rendered":"<div data-elementor-type=\"wp-page\" data-elementor-id=\"8354\" class=\"elementor elementor-8354\">\n\t\t\t\t\t\t<section class=\"elementor-section elementor-top-section elementor-element elementor-element-2621c50 elementor-section-full_width elementor-section-stretched elementor-section-height-default elementor-section-height-default\" data-id=\"2621c50\" data-element_type=\"section\" data-settings=\"{&quot;stretch_section&quot;:&quot;section-stretched&quot;}\">\n\t\t\t\t\t\t<div class=\"elementor-container elementor-column-gap-default\">\n\t\t\t\t\t<div class=\"elementor-column elementor-col-100 elementor-top-column elementor-element elementor-element-e75b18d\" data-id=\"e75b18d\" data-element_type=\"column\">\n\t\t\t<div class=\"elementor-widget-wrap elementor-element-populated\">\n\t\t\t\t\t\t<div class=\"elementor-element elementor-element-aa0dba1 elementor-widget elementor-widget-heading\" data-id=\"aa0dba1\" data-element_type=\"widget\" data-widget_type=\"heading.default\">\n\t\t\t\t<div class=\"elementor-widget-container\">\n\t\t\t\t\t<h2 class=\"elementor-heading-title elementor-size-default\">Purchase Terms<\/h3>\t\t\t\t<\/div>\n\t\t\t\t<\/div>\n\t\t\t\t<div class=\"elementor-element elementor-element-8060708 elementor-widget-divider--view-line elementor-widget elementor-widget-divider\" data-id=\"8060708\" data-element_type=\"widget\" data-widget_type=\"divider.default\">\n\t\t\t\t<div class=\"elementor-widget-container\">\n\t\t\t\t\t\t\t<div class=\"elementor-divider\">\n\t\t\t<span class=\"elementor-divider-separator\">\n\t\t\t\t\t\t<\/span>\n\t\t<\/div>\n\t\t\t\t\t\t<\/div>\n\t\t\t\t<\/div>\n\t\t\t\t\t<\/div>\n\t\t<\/div>\n\t\t\t\t\t<\/div>\n\t\t<\/section>\n\t\t\t\t<section class=\"elementor-section elementor-top-section elementor-element elementor-element-84e23a7 elementor-section-full_width elementor-section-stretched slg-static-page-content elementor-section-height-default elementor-section-height-default\" data-id=\"84e23a7\" data-element_type=\"section\" data-settings=\"{&quot;stretch_section&quot;:&quot;section-stretched&quot;}\">\n\t\t\t\t\t\t<div class=\"elementor-container elementor-column-gap-default\">\n\t\t\t\t\t<div class=\"elementor-column elementor-col-100 elementor-top-column elementor-element elementor-element-fa4f07b\" data-id=\"fa4f07b\" data-element_type=\"column\">\n\t\t\t<div class=\"elementor-widget-wrap elementor-element-populated\">\n\t\t\t\t\t\t<div class=\"elementor-element elementor-element-8992a0c elementor-widget elementor-widget-heading\" data-id=\"8992a0c\" data-element_type=\"widget\" data-widget_type=\"heading.default\">\n\t\t\t\t<div class=\"elementor-widget-container\">\n\t\t\t\t\t<h3 class=\"elementor-heading-title elementor-size-default\">PAYMENT<\/h3>\t\t\t\t<\/div>\n\t\t\t\t<\/div>\n\t\t\t\t<div class=\"elementor-element elementor-element-02b8c3c elementor-widget elementor-widget-text-editor\" data-id=\"02b8c3c\" data-element_type=\"widget\" data-widget_type=\"text-editor.default\">\n\t\t\t\t<div class=\"elementor-widget-container\">\n\t\t\t\t\t\t\t\t\t<p><u>Payments accepted on lorna.earth<\/u><\/p><p>At lorna.earth we have the following means of payment: Credit or debit card (Visa, Visa electron, Mastercard), American Express, Discover and Apple Pay.<\/p><p>Secure payment by credit card. The data is transmitted in SSL encrypted form. For payment with Visa and Mastercard, only Ces (Secure Electronic Commerce). After verifying that the card is attached to the CES system, the system will contact the bank that issued it so that the buyer can authorize the purchase. When the bank confirms the authenticity, the card will be charged. Otherwise, the order will be canceled.<\/p>\t\t\t\t\t\t\t\t<\/div>\n\t\t\t\t<\/div>\n\t\t\t\t<div class=\"elementor-element elementor-element-6871fd1 elementor-widget elementor-widget-heading\" data-id=\"6871fd1\" data-element_type=\"widget\" data-widget_type=\"heading.default\">\n\t\t\t\t<div class=\"elementor-widget-container\">\n\t\t\t\t\t<h3 class=\"elementor-heading-title elementor-size-default\">SHIPPING<\/h3>\t\t\t\t<\/div>\n\t\t\t\t<\/div>\n\t\t\t\t<div class=\"elementor-element elementor-element-ffb4076 elementor-widget elementor-widget-text-editor\" data-id=\"ffb4076\" data-element_type=\"widget\" data-widget_type=\"text-editor.default\">\n\t\t\t\t<div class=\"elementor-widget-container\">\n\t\t\t\t\t\t\t\t\t<p><u>Deliveries<\/u><\/p><p>Shipments can be delivered to the address of your choice (home, work, etc. \u2013 never in the post office box, military bases, or hotels).<\/p><p>Lorna Earth offers shipping all over the world. Shipping costs vary depending on the destination country. Free shipping on all orders over \u20ac250 in the EU.<\/p><p>Standard delivery: 3-4 business days in the EU.<\/p>\t\t\t\t\t\t\t\t<\/div>\n\t\t\t\t<\/div>\n\t\t\t\t<div class=\"elementor-element elementor-element-4455819 elementor-widget elementor-widget-heading\" data-id=\"4455819\" data-element_type=\"widget\" data-widget_type=\"heading.default\">\n\t\t\t\t<div class=\"elementor-widget-container\">\n\t\t\t\t\t<h3 class=\"elementor-heading-title elementor-size-default\">RETURNS<\/h3>\t\t\t\t<\/div>\n\t\t\t\t<\/div>\n\t\t\t\t<div class=\"elementor-element elementor-element-d273074 elementor-widget elementor-widget-text-editor\" data-id=\"d273074\" data-element_type=\"widget\" data-widget_type=\"text-editor.default\">\n\t\t\t\t<div class=\"elementor-widget-container\">\n\t\t\t\t\t\t\t\t\t<p><u>Return conditions<\/u><\/p><p>Our return policy allows you to return products as long as they have not been used, within 14 days of receipt. Garments, accessories or objects must be returned in perfect condition along with their complete original packaging, and unused, unwashed and with all the labels still attached. In case of making a return, the shipping costs do not will be returned Customs costs or taxes in the country will be borne by the customer.\u00a0<\/p><p>To make a return, contact us at <a href=\"mailto:lorna.earth\" target=\"_blank\" rel=\"noopener\"><span style=\"text-decoration: underline;\">info@lorna.earth<\/span><\/a>\u00a0with the following information: Order number, information about the garments \/ accessories or object to be exchanged or returned.<\/p><p>The return must be made from the same country to which the order was sent.<\/p><p><u>Return costs<\/u><\/p><p>The shipping costs of returns are borne by the buyer. We are not responsible for losses, delays or shipments to the wrong address of any product you want to return to us, so we recommend that you send it by registered mail or with acknowledgment of receipt.<\/p><p><u>Term and method of refund of payment<\/u><\/p><p>Once the return is approved, you will receive the amount in the same way as you made your purchase. Whatever the payment system used, the refund of the amount will be implemented as soon as possible but in any case within 15 days of receipt of the product.<\/p><p><u>Refund of the wrong payment<\/u><\/p><p>If you receive an erroneous payment refund, let us know at\u00a0<a href=\"mailto:info@lorna.earth\" target=\"_blank\" rel=\"noopener\"><span style=\"text-decoration: underline;\">info@lorna.earth<\/span><\/a>, we will solve the problem as soon as possible.<\/p><p>lorna.earth reserves the right to refuse returns communicated or sent after the deadline, or garments that are not in the same condition in which they were received.<\/p>\t\t\t\t\t\t\t\t<\/div>\n\t\t\t\t<\/div>\n\t\t\t\t<div class=\"elementor-element elementor-element-b734319 elementor-widget-divider--view-line elementor-widget elementor-widget-divider\" data-id=\"b734319\" data-element_type=\"widget\" data-widget_type=\"divider.default\">\n\t\t\t\t<div class=\"elementor-widget-container\">\n\t\t\t\t\t\t\t<div class=\"elementor-divider\">\n\t\t\t<span class=\"elementor-divider-separator\">\n\t\t\t\t\t\t<\/span>\n\t\t<\/div>\n\t\t\t\t\t\t<\/div>\n\t\t\t\t<\/div>\n\t\t\t\t\t<\/div>\n\t\t<\/div>\n\t\t\t\t\t<\/div>\n\t\t<\/section>\n\t\t\t\t<\/div>","protected":false},"excerpt":{"rendered":"<p>Condiciones de compra PAGO Pagos aceptados en lorna.earth En lorna.earth disponemos de los siguientes medios de pago: Tarjeta de cr\u00e9dito o d\u00e9bito (Visa, Visa electron, Mastercard), American Express, Discover y Apple Pay. Pago seguro con tarjeta de cr\u00e9dito. Los datos se transmiten de forma encriptada SSL. Para el pago con Visa y Mastercard s\u00f3lo se<a class=\"more-link\" href=\"https:\/\/lornaearth.com\/en\/envios-y-devoluciones\/\">Read more  &#10230;<\/a><\/p>","protected":false},"author":1,"featured_media":0,"parent":0,"menu_order":0,"comment_status":"closed","ping_status":"closed","template":"elementor_header_footer","meta":{"om_disable_all_campaigns":false,"_monsterinsights_skip_tracking":false,"_monsterinsights_sitenote_active":false,"_monsterinsights_sitenote_note":"","_monsterinsights_sitenote_category":0,"_uf_show_specific_survey":0,"_uf_disable_surveys":false,"footnotes":""},"class_list":["post-8354","page","type-page","status-publish","hentry"],"_links":{"self":[{"href":"https:\/\/lornaearth.com\/en\/wp-json\/wp\/v2\/pages\/8354","targetHints":{"allow":["GET"]}}],"collection":[{"href":"https:\/\/lornaearth.com\/en\/wp-json\/wp\/v2\/pages"}],"about":[{"href":"https:\/\/lornaearth.com\/en\/wp-json\/wp\/v2\/types\/page"}],"author":[{"embeddable":true,"href":"https:\/\/lornaearth.com\/en\/wp-json\/wp\/v2\/users\/1"}],"replies":[{"embeddable":true,"href":"https:\/\/lornaearth.com\/en\/wp-json\/wp\/v2\/comments?post=8354"}],"version-history":[{"count":7,"href":"https:\/\/lornaearth.com\/en\/wp-json\/wp\/v2\/pages\/8354\/revisions"}],"predecessor-version":[{"id":8508,"href":"https:\/\/lornaearth.com\/en\/wp-json\/wp\/v2\/pages\/8354\/revisions\/8508"}],"wp:attachment":[{"href":"https:\/\/lornaearth.com\/en\/wp-json\/wp\/v2\/media?parent=8354"}],"curies":[{"name":"wp","href":"https:\/\/api.w.org\/{rel}","templated":true}]}}