{"id":8315,"date":"2023-06-25T19:08:49","date_gmt":"2023-06-25T19:08:49","guid":{"rendered":"https:\/\/lornaearth.com\/?page_id=8315"},"modified":"2023-07-20T21:56:12","modified_gmt":"2023-07-20T21:56:12","slug":"cookies","status":"publish","type":"page","link":"https:\/\/lornaearth.com\/en\/cookies\/","title":{"rendered":"Cookies Policy"},"content":{"rendered":"<div data-elementor-type=\"wp-page\" data-elementor-id=\"8315\" class=\"elementor elementor-8315\">\n\t\t\t\t\t\t<section class=\"elementor-section elementor-top-section elementor-element elementor-element-2621c50 elementor-section-full_width elementor-section-stretched elementor-section-height-default elementor-section-height-default\" data-id=\"2621c50\" data-element_type=\"section\" data-settings=\"{&quot;stretch_section&quot;:&quot;section-stretched&quot;}\">\n\t\t\t\t\t\t<div class=\"elementor-container elementor-column-gap-default\">\n\t\t\t\t\t<div class=\"elementor-column elementor-col-100 elementor-top-column elementor-element elementor-element-e75b18d\" data-id=\"e75b18d\" data-element_type=\"column\">\n\t\t\t<div class=\"elementor-widget-wrap elementor-element-populated\">\n\t\t\t\t\t\t<div class=\"elementor-element elementor-element-aa0dba1 elementor-widget elementor-widget-heading\" data-id=\"aa0dba1\" data-element_type=\"widget\" data-widget_type=\"heading.default\">\n\t\t\t\t<div class=\"elementor-widget-container\">\n\t\t\t\t\t<h2 class=\"elementor-heading-title elementor-size-default\">Cookies Policy<\/h3>\t\t\t\t<\/div>\n\t\t\t\t<\/div>\n\t\t\t\t<div class=\"elementor-element elementor-element-8060708 elementor-widget-divider--view-line elementor-widget elementor-widget-divider\" data-id=\"8060708\" data-element_type=\"widget\" data-widget_type=\"divider.default\">\n\t\t\t\t<div class=\"elementor-widget-container\">\n\t\t\t\t\t\t\t<div class=\"elementor-divider\">\n\t\t\t<span class=\"elementor-divider-separator\">\n\t\t\t\t\t\t<\/span>\n\t\t<\/div>\n\t\t\t\t\t\t<\/div>\n\t\t\t\t<\/div>\n\t\t\t\t\t<\/div>\n\t\t<\/div>\n\t\t\t\t\t<\/div>\n\t\t<\/section>\n\t\t\t\t<section class=\"elementor-section elementor-top-section elementor-element elementor-element-84e23a7 elementor-section-full_width elementor-section-stretched slg-static-page-content elementor-section-height-default elementor-section-height-default\" data-id=\"84e23a7\" data-element_type=\"section\" data-settings=\"{&quot;stretch_section&quot;:&quot;section-stretched&quot;}\">\n\t\t\t\t\t\t<div class=\"elementor-container elementor-column-gap-default\">\n\t\t\t\t\t<div class=\"elementor-column elementor-col-100 elementor-top-column elementor-element elementor-element-fa4f07b\" data-id=\"fa4f07b\" data-element_type=\"column\">\n\t\t\t<div class=\"elementor-widget-wrap elementor-element-populated\">\n\t\t\t\t\t\t<div class=\"elementor-element elementor-element-8992a0c elementor-widget elementor-widget-heading\" data-id=\"8992a0c\" data-element_type=\"widget\" data-widget_type=\"heading.default\">\n\t\t\t\t<div class=\"elementor-widget-container\">\n\t\t\t\t\t<h3 class=\"elementor-heading-title elementor-size-default\">What are cookies?<\/h3>\t\t\t\t<\/div>\n\t\t\t\t<\/div>\n\t\t\t\t<div class=\"elementor-element elementor-element-02b8c3c elementor-widget elementor-widget-text-editor\" data-id=\"02b8c3c\" data-element_type=\"widget\" data-widget_type=\"text-editor.default\">\n\t\t\t\t<div class=\"elementor-widget-container\">\n\t\t\t\t\t\t\t\t\t<p>This website uses cookies and\/or similar technologies that store and retrieve information when you browse. In general, these technologies can serve various purposes, such as recognizing you as a user, obtaining information about your browsing habits, or personalizing the way content is displayed. The specific uses we make of these technologies are described below.<\/p>\t\t\t\t\t\t\t\t<\/div>\n\t\t\t\t<\/div>\n\t\t\t\t<div class=\"elementor-element elementor-element-6871fd1 elementor-widget elementor-widget-heading\" data-id=\"6871fd1\" data-element_type=\"widget\" data-widget_type=\"heading.default\">\n\t\t\t\t<div class=\"elementor-widget-container\">\n\t\t\t\t\t<h3 class=\"elementor-heading-title elementor-size-default\">What does this website use cookies for?<\/h3>\t\t\t\t<\/div>\n\t\t\t\t<\/div>\n\t\t\t\t<div class=\"elementor-element elementor-element-ffb4076 elementor-widget elementor-widget-text-editor\" data-id=\"ffb4076\" data-element_type=\"widget\" data-widget_type=\"text-editor.default\">\n\t\t\t\t<div class=\"elementor-widget-container\">\n\t\t\t\t\t\t\t\t\t<p>This website uses cookies for a variety of purposes, including:<\/p><p>\u2022 Analysis cookies: These are cookies that, processed by us or third parties, allow us to quantify the number of users and perform statistical measurement and analysis of the usage of the service offered. By analyzing your navigation on our website, we aim to improve the range of products or services we offer to you.<\/p><p>\u2022 Behavioral advertising cookies: These are cookies that, processed by us or third parties, allow us to analyze your internet browsing habits in order to display advertisements related to your browsing profile.<\/p>\t\t\t\t\t\t\t\t<\/div>\n\t\t\t\t<\/div>\n\t\t\t\t<div class=\"elementor-element elementor-element-4455819 elementor-widget elementor-widget-heading\" data-id=\"4455819\" data-element_type=\"widget\" data-widget_type=\"heading.default\">\n\t\t\t\t<div class=\"elementor-widget-container\">\n\t\t\t\t\t<h3 class=\"elementor-heading-title elementor-size-default\">Who uses cookies on this website?<\/h3>\t\t\t\t<\/div>\n\t\t\t\t<\/div>\n\t\t\t\t<div class=\"elementor-element elementor-element-d273074 elementor-widget elementor-widget-text-editor\" data-id=\"d273074\" data-element_type=\"widget\" data-widget_type=\"text-editor.default\">\n\t\t\t\t<div class=\"elementor-widget-container\">\n\t\t\t\t\t\t\t\t\t<p>The identification of who uses cookies, the types of cookies used, and other details are indicated below:<\/p>\t\t\t\t\t\t\t\t<\/div>\n\t\t\t\t<\/div>\n\t\t\t\t<div class=\"elementor-element elementor-element-64f1f02 elementor-widget elementor-widget-text-editor\" data-id=\"64f1f02\" data-element_type=\"widget\" data-widget_type=\"text-editor.default\">\n\t\t\t\t<div class=\"elementor-widget-container\">\n\t\t\t\t\t\t\t\t\t<div style=\"overflow-x: auto;\">\n<table id=\"cookiesTable\">\n<tbody>\n<tr>\n<th>Entity<\/th>\n<th>Type<\/th>\n<th>Purpose<\/th>\n<th>More information<\/th>\n<\/tr>\n<tr>\n<td>Google\nAnalytics<\/td>\n<td>Third-party<\/td>\n<td>Collect information about users' browsing on the site to understand the origin of visits and other similar statistical data. Google Analytics also uses these cookies to display advertisements related to the user's browsing profile.<\/td>\n<td><span style=\"text-decoration: underline;\"><a href=\"https:\/\/developers.google.com\/analytics\/devguides\/collection\/analyticsjs\/cookie-usage\" target=\"_blank\" rel=\"noopener\">Google Analytics<\/a><\/span>\n\n<span style=\"text-decoration: underline;\"><a href=\"https:\/\/policies.google.com\/privacy?hl=es\" target=\"_blank\" rel=\"noopener\">Google Privacy Center<\/a><\/span><\/td>\n<\/tr>\n\n<tr>\n<td>YouTube<\/td>\n<td>Third-party<\/td>\n<td>Collect anonymous statistical data through embedded YouTube videos.<\/td>\n<td><span style=\"text-decoration: underline;\"><a href=\"https:\/\/www.youtube.com\/intl\/ALL_es\/howyoutubeworks\/our-commitments\/protecting-user-data\/\" target=\"_blank\" rel=\"noopener\">Privacy Policy of YouTube<\/a><\/span>\n<\/td>\n<\/tr>\n\n<tr>\n<td>Spotify<\/td>\n<td>Third-party<\/td>\n<td>Implement Spotify audio content on the website and record user interaction information related to the audio content.<\/td>\n<td><span style=\"text-decoration: underline;\"><a href=\"https:\/\/www.spotify.com\/es\/legal\/privacy-policy\/\" target=\"_blank\" rel=\"noopener\">Privacy Policy of Spotify<\/a><\/span>\n<\/td>\n<\/tr>\n<\/tbody>\n<\/table>\n<\/div>\t\t\t\t\t\t\t\t<\/div>\n\t\t\t\t<\/div>\n\t\t\t\t<div class=\"elementor-element elementor-element-ea68189 elementor-widget elementor-widget-text-editor\" data-id=\"ea68189\" data-element_type=\"widget\" data-widget_type=\"text-editor.default\">\n\t\t\t\t<div class=\"elementor-widget-container\">\n\t\t\t\t\t\t\t\t\t<p>Note: \"First-party\" cookies are used only by the owner of this website, while \"Third-party\" cookies are also used by the service provider detailed in the previous table.<\/p><p>You can find information about the transfers to third countries made by the third parties identified in this cookie policy in their respective policies (see the links provided in the \"More Information\" section of the previous table).<\/p>\t\t\t\t\t\t\t\t<\/div>\n\t\t\t\t<\/div>\n\t\t\t\t<div class=\"elementor-element elementor-element-92c0f40 elementor-widget elementor-widget-heading\" data-id=\"92c0f40\" data-element_type=\"widget\" data-widget_type=\"heading.default\">\n\t\t\t\t<div class=\"elementor-widget-container\">\n\t\t\t\t\t<h3 class=\"elementor-heading-title elementor-size-default\">How can I disable or delete these cookies?<\/h3>\t\t\t\t<\/div>\n\t\t\t\t<\/div>\n\t\t\t\t<div class=\"elementor-element elementor-element-727b493 elementor-widget elementor-widget-text-editor\" data-id=\"727b493\" data-element_type=\"widget\" data-widget_type=\"text-editor.default\">\n\t\t\t\t<div class=\"elementor-widget-container\">\n\t\t\t\t\t\t\t\t\t<p>You can allow or block cookies, as well as delete your browsing data (including cookies) from the browser you are using. Please refer to your browser's options and instructions for this purpose. Keep in mind that if you accept third-party cookies, you will need to delete them from the browser's settings.<\/p><p>Below, you have the links with information on managing cookies for the most commonly used browsers:<\/p><p><strong>\u2022 Firefox:<\/strong> <span style=\"text-decoration: underline;\"><a href=\"http:\/\/support.mozilla.org\/es\/kb\/habilitar-y-deshabilitar-cookies-que-los-sitios-we\" target=\"_blank\" rel=\"noopener\">http:\/\/support.mozilla.org\/es\/kb\/habilitar-y-deshabilitar-cookies-que-los-sitios-we<\/a><\/span><\/p><p><strong>\u2022 Chrome:<\/strong> <span style=\"text-decoration: underline;\"><a href=\"http:\/\/support.google.com\/chrome\/bin\/answer.py?hl=es&amp;answer=95647\" target=\"_blank\" rel=\"noopener\">http:\/\/support.google.com\/chrome\/bin\/answer.py?hl=es&amp;answer=95647<\/a><\/span><\/p><p><strong>\u2022 Internet Explorer:<\/strong> <span style=\"text-decoration: underline;\"><a href=\"https:\/\/support.microsoft.com\/es-es\/help\/278835\/how-to-delete-cookie-files-in-internet-explorer\" target=\"_blank\" rel=\"noopener\">https:\/\/support.microsoft.com\/es-es\/help\/278835\/how-to-delete-cookie-files-in-internet-explorer<\/a><\/span><\/p><p><strong>\u2022 Microsoft Edge:<\/strong> <span style=\"text-decoration: underline;\"><a href=\"https:\/\/support.microsoft.com\/es-es\/help\/4027947\/microsoft-edge-delete-cookies\" target=\"_blank\" rel=\"noopener\">https:\/\/support.microsoft.com\/es-es\/help\/4027947\/microsoft-edge-delete-cookies<\/a><\/span><\/p><p><strong>\u2022 Safari:<\/strong> <a href=\"http:\/\/support.apple.com\/kb\/ph5042\" target=\"_blank\" rel=\"noopener\"><span style=\"text-decoration: underline;\">http:\/\/support.apple.com\/kb\/ph5042<\/span><\/a><\/p><p><strong>\u2022 Opera:<\/strong> <span style=\"text-decoration: underline;\"><a href=\"http:\/\/help.opera.com\/Windows\/11.50\/es-ES\/cookies.html\" target=\"_blank\" rel=\"noopener\">http:\/\/help.opera.com\/Windows\/11.50\/es-ES\/cookies.html<\/a><\/span><\/p><p><strong>\u2022 Other browsers:<\/strong> Please refer to the documentation of the browser you have installed.<\/p>\t\t\t\t\t\t\t\t<\/div>\n\t\t\t\t<\/div>\n\t\t\t\t<div class=\"elementor-element elementor-element-4b15933 elementor-widget elementor-widget-heading\" data-id=\"4b15933\" data-element_type=\"widget\" data-widget_type=\"heading.default\">\n\t\t\t\t<div class=\"elementor-widget-container\">\n\t\t\t\t\t<h4 class=\"elementor-heading-title elementor-size-default\">Google Analytics Opt-out Browser Add-on<\/h4>\t\t\t\t<\/div>\n\t\t\t\t<\/div>\n\t\t\t\t<div class=\"elementor-element elementor-element-57c4afd elementor-widget elementor-widget-text-editor\" data-id=\"57c4afd\" data-element_type=\"widget\" data-widget_type=\"text-editor.default\">\n\t\t\t\t<div class=\"elementor-widget-container\">\n\t\t\t\t\t\t\t\t\t<p>If you want to reject Google Analytics analytical cookies across all browsers, preventing your information from being sent to Google Analytics, you can download an add-on that performs this function from this link: <span style=\"text-decoration: underline;\"><a href=\"https:\/\/tools.google.com\/dlpage\/gaoptout\" target=\"_blank\" rel=\"noopener\">https:\/\/tools.google.com\/dlpage\/gaoptout<\/a><\/span>.<\/p>\t\t\t\t\t\t\t\t<\/div>\n\t\t\t\t<\/div>\n\t\t\t\t<div class=\"elementor-element elementor-element-15db724 elementor-widget elementor-widget-heading\" data-id=\"15db724\" data-element_type=\"widget\" data-widget_type=\"heading.default\">\n\t\t\t\t<div class=\"elementor-widget-container\">\n\t\t\t\t\t<h3 class=\"elementor-heading-title elementor-size-default\">Exercise of Rights<\/h3>\t\t\t\t<\/div>\n\t\t\t\t<\/div>\n\t\t\t\t<div class=\"elementor-element elementor-element-9ee567e elementor-widget elementor-widget-text-editor\" data-id=\"9ee567e\" data-element_type=\"widget\" data-widget_type=\"text-editor.default\">\n\t\t\t\t<div class=\"elementor-widget-container\">\n\t\t\t\t\t\t\t\t\t<p>You can learn about and exercise your rights regarding data protection by accessing our <a href=\"https:\/\/lornaearth.com\/en\/privacy\/\"><span style=\"text-decoration: underline;\">Privacy Policy<\/span><\/a>.<\/p>\t\t\t\t\t\t\t\t<\/div>\n\t\t\t\t<\/div>\n\t\t\t\t<div class=\"elementor-element elementor-element-b734319 elementor-widget-divider--view-line elementor-widget elementor-widget-divider\" data-id=\"b734319\" data-element_type=\"widget\" data-widget_type=\"divider.default\">\n\t\t\t\t<div class=\"elementor-widget-container\">\n\t\t\t\t\t\t\t<div class=\"elementor-divider\">\n\t\t\t<span class=\"elementor-divider-separator\">\n\t\t\t\t\t\t<\/span>\n\t\t<\/div>\n\t\t\t\t\t\t<\/div>\n\t\t\t\t<\/div>\n\t\t\t\t\t<\/div>\n\t\t<\/div>\n\t\t\t\t\t<\/div>\n\t\t<\/section>\n\t\t\t\t<\/div>","protected":false},"excerpt":{"rendered":"<p>Pol\u00edtica de cookies \u00bfQu\u00e9 son las cookies? Este sitio web utiliza cookies y\/o tecnolog\u00edas similares que almacenan y recuperan informaci\u00f3n cuando navegas. En general, estas tecnolog\u00edas pueden servir para finalidades muy diversas, como, por ejemplo, reconocerte como usuario, obtener informaci\u00f3n sobre tus h\u00e1bitos de navegaci\u00f3n, o personalizar la forma en que se muestra el contenido.<a class=\"more-link\" href=\"https:\/\/lornaearth.com\/en\/cookies\/\">Read more  &#10230;<\/a><\/p>","protected":false},"author":1,"featured_media":0,"parent":0,"menu_order":0,"comment_status":"closed","ping_status":"closed","template":"elementor_header_footer","meta":{"om_disable_all_campaigns":false,"_monsterinsights_skip_tracking":false,"_monsterinsights_sitenote_active":false,"_monsterinsights_sitenote_note":"","_monsterinsights_sitenote_category":0,"_uf_show_specific_survey":0,"_uf_disable_surveys":false,"footnotes":""},"class_list":["post-8315","page","type-page","status-publish","hentry"],"_links":{"self":[{"href":"https:\/\/lornaearth.com\/en\/wp-json\/wp\/v2\/pages\/8315","targetHints":{"allow":["GET"]}}],"collection":[{"href":"https:\/\/lornaearth.com\/en\/wp-json\/wp\/v2\/pages"}],"about":[{"href":"https:\/\/lornaearth.com\/en\/wp-json\/wp\/v2\/types\/page"}],"author":[{"embeddable":true,"href":"https:\/\/lornaearth.com\/en\/wp-json\/wp\/v2\/users\/1"}],"replies":[{"embeddable":true,"href":"https:\/\/lornaearth.com\/en\/wp-json\/wp\/v2\/comments?post=8315"}],"version-history":[{"count":40,"href":"https:\/\/lornaearth.com\/en\/wp-json\/wp\/v2\/pages\/8315\/revisions"}],"predecessor-version":[{"id":8814,"href":"https:\/\/lornaearth.com\/en\/wp-json\/wp\/v2\/pages\/8315\/revisions\/8814"}],"wp:attachment":[{"href":"https:\/\/lornaearth.com\/en\/wp-json\/wp\/v2\/media?parent=8315"}],"curies":[{"name":"wp","href":"https:\/\/api.w.org\/{rel}","templated":true}]}}