{"id":8234,"date":"2023-06-20T16:36:30","date_gmt":"2023-06-20T16:36:30","guid":{"rendered":"https:\/\/lornaearth.com\/?page_id=8234"},"modified":"2025-10-24T12:15:12","modified_gmt":"2025-10-24T12:15:12","slug":"newsletter","status":"publish","type":"page","link":"https:\/\/lornaearth.com\/en\/newsletter\/","title":{"rendered":"Newsletter"},"content":{"rendered":"<div data-elementor-type=\"wp-page\" data-elementor-id=\"8234\" class=\"elementor elementor-8234\">\n\t\t\t\t\t\t<section class=\"elementor-section elementor-top-section elementor-element elementor-element-2621c50 elementor-section-full_width elementor-section-stretched elementor-section-height-default elementor-section-height-default\" data-id=\"2621c50\" data-element_type=\"section\" data-settings=\"{&quot;stretch_section&quot;:&quot;section-stretched&quot;}\">\n\t\t\t\t\t\t<div class=\"elementor-container elementor-column-gap-default\">\n\t\t\t\t\t<div class=\"elementor-column elementor-col-100 elementor-top-column elementor-element elementor-element-e75b18d\" data-id=\"e75b18d\" data-element_type=\"column\">\n\t\t\t<div class=\"elementor-widget-wrap elementor-element-populated\">\n\t\t\t\t\t\t<div class=\"elementor-element elementor-element-8060708 elementor-widget-divider--view-line elementor-widget elementor-widget-divider\" data-id=\"8060708\" data-element_type=\"widget\" data-widget_type=\"divider.default\">\n\t\t\t\t<div class=\"elementor-widget-container\">\n\t\t\t\t\t\t\t<div class=\"elementor-divider\">\n\t\t\t<span class=\"elementor-divider-separator\">\n\t\t\t\t\t\t<\/span>\n\t\t<\/div>\n\t\t\t\t\t\t<\/div>\n\t\t\t\t<\/div>\n\t\t\t\t\t<\/div>\n\t\t<\/div>\n\t\t\t\t\t<\/div>\n\t\t<\/section>\n\t\t\t\t<section class=\"elementor-section elementor-top-section elementor-element elementor-element-fc5e843 elementor-section-stretched animated-slow elementor-section-full_width elementor-section-height-default elementor-section-height-default elementor-invisible\" data-id=\"fc5e843\" data-element_type=\"section\" data-settings=\"{&quot;stretch_section&quot;:&quot;section-stretched&quot;,&quot;animation&quot;:&quot;fadeIn&quot;}\">\n\t\t\t\t\t\t<div class=\"elementor-container elementor-column-gap-no\">\n\t\t\t\t\t<div class=\"elementor-column elementor-col-50 elementor-top-column elementor-element elementor-element-6e2fb8e\" data-id=\"6e2fb8e\" data-element_type=\"column\" data-settings=\"{&quot;background_background&quot;:&quot;classic&quot;}\">\n\t\t\t<div class=\"elementor-widget-wrap\">\n\t\t\t\t\t\t\t<\/div>\n\t\t<\/div>\n\t\t\t\t<div class=\"elementor-column elementor-col-50 elementor-top-column elementor-element elementor-element-d7d4f49\" data-id=\"d7d4f49\" data-element_type=\"column\">\n\t\t\t<div class=\"elementor-widget-wrap elementor-element-populated\">\n\t\t\t\t\t\t<div class=\"elementor-element elementor-element-edb6085 elementor-widget elementor-widget-html\" data-id=\"edb6085\" data-element_type=\"widget\" data-widget_type=\"html.default\">\n\t\t\t\t<div class=\"elementor-widget-container\">\n\t\t\t\t\t<!-- Begin Brevo Form -->\r\n<!-- START - We recommend to place the below code in head tag of your website html  -->\r\n<style>\r\n  @font-face {\r\n    font-display: block;\r\n    font-family: Roboto;\r\n    src: url(https:\/\/assets.brevo.com\/font\/Roboto\/Latin\/normal\/normal\/7529907e9eaf8ebb5220c5f9850e3811.woff2) format(\"woff2\"), url(https:\/\/assets.brevo.com\/font\/Roboto\/Latin\/normal\/normal\/25c678feafdc175a70922a116c9be3e7.woff) format(\"woff\")\r\n  }\r\n\r\n  @font-face {\r\n    font-display: fallback;\r\n    font-family: Roboto;\r\n    font-weight: 600;\r\n    src: url(https:\/\/assets.brevo.com\/font\/Roboto\/Latin\/medium\/normal\/6e9caeeafb1f3491be3e32744bc30440.woff2) format(\"woff2\"), url(https:\/\/assets.brevo.com\/font\/Roboto\/Latin\/medium\/normal\/71501f0d8d5aa95960f6475d5487d4c2.woff) format(\"woff\")\r\n  }\r\n\r\n  @font-face {\r\n    font-display: fallback;\r\n    font-family: Roboto;\r\n    font-weight: 700;\r\n    src: url(https:\/\/assets.brevo.com\/font\/Roboto\/Latin\/bold\/normal\/3ef7cf158f310cf752d5ad08cd0e7e60.woff2) format(\"woff2\"), url(https:\/\/assets.brevo.com\/font\/Roboto\/Latin\/bold\/normal\/ece3a1d82f18b60bcce0211725c476aa.woff) format(\"woff\")\r\n  }\r\n\r\n  #sib-container input:-ms-input-placeholder {\r\n    text-align: left;\r\n    font-family: \"Helvetica\", sans-serif;\r\n    color: #c0ccda;\r\n  }\r\n\r\n  #sib-container input::placeholder {\r\n    text-align: left;\r\n    font-family: \"Helvetica\", sans-serif;\r\n    color: #c0ccda;\r\n  }\r\n\r\n  #sib-container textarea::placeholder {\r\n    text-align: left;\r\n    font-family: \"Helvetica\", sans-serif;\r\n    color: #c0ccda;\r\n  }\r\n<\/style>\r\n<link rel=\"stylesheet\" href=\"https:\/\/sibforms.com\/forms\/end-form\/build\/sib-styles.css\">\r\n<!--  END - We recommend to place the above code in head tag of your website html -->\r\n\r\n<!-- START - We recommend to place the below code where you want the form in your website html  -->\r\n<div class=\"sib-form\" style=\"text-align: center; background-color: #transparent;\">\r\n  <div id=\"sib-form-container\" class=\"sib-form-container\">\r\n    \r\n    <div id=\"error-message\" class=\"sib-form-message-panel\" style=\"text-align:left; border-radius:3px; border-color:#ff4949;max-width:540px;\">\r\n      <div class=\"sib-form-message-panel__text sib-form-message-panel__text--center\">\r\n        <svg viewbox=\"0 0 512 512\" class=\"sib-icon sib-notification__icon\">\r\n          <path d=\"M256 40c118.621 0 216 96.075 216 216 0 119.291-96.61 216-216 216-119.244 0-216-96.562-216-216 0-119.203 96.602-216 216-216m0-32C119.043 8 8 119.083 8 256c0 136.997 111.043 248 248 248s248-111.003 248-248C504 119.083 392.957 8 256 8zm-11.49 120h22.979c6.823 0 12.274 5.682 11.99 12.5l-7 168c-.268 6.428-5.556 11.5-11.99 11.5h-8.979c-6.433 0-11.722-5.073-11.99-11.5l-7-168c-.283-6.818 5.167-12.5 11.99-12.5zM256 340c-15.464 0-28 12.536-28 28s12.536 28 28 28 28-12.536 28-28-12.536-28-28-28z\" \/>\r\n        <\/svg>\r\n        <span class=\"sib-form-message-panel__inner-text\">We were unable to validate your subscription.<\/span>\r\n      <\/div>\r\n    <\/div>\r\n    <div><\/div>\r\n    \r\n    <div id=\"success-message\" class=\"sib-form-message-panel\" style=\"text-align:left; border-radius:3px; border-color:#13ce66;max-width:540px;\">\r\n      <div class=\"sib-form-message-panel__text sib-form-message-panel__text--center\">\r\n        <svg viewbox=\"0 0 512 512\" class=\"sib-icon sib-notification__icon\">\r\n          <path d=\"M256 8C119.033 8 8 119.033 8 256s111.033 248 248 248 248-111.033 248-248S392.967 8 256 8zm0 464c-118.664 0-216-96.055-216-216 0-118.663 96.055-216 216-216 118.664 0 216 96.055 216 216 0 118.663-96.055 216-216 216zm141.63-274.961L217.15 376.071c-4.705 4.667-12.303 4.637-16.97-.068l-85.878-86.572c-4.667-4.705-4.637-12.303.068-16.97l8.52-8.451c4.705-4.667 12.303-4.637 16.97.068l68.976 69.533 163.441-162.13c4.705-4.667 12.303-4.637 16.97.068l8.451 8.52c4.668 4.705 4.637 12.303-.068 16.97z\" \/>\r\n        <\/svg>\r\n        <span class=\"sib-form-message-panel__inner-text\">Your subscription has been completed.<\/span>\r\n      <\/div>\r\n    <\/div>\r\n    <div><\/div>\r\n    \r\n    <div id=\"sib-container\" class=\"sib-container--large sib-container--vertical\" style=\"text-align:center; max-width:540px; border-radius:3px; border-width:0px; border-style:solid; direction:ltr\">\r\n      <form id=\"sib-form\" method=\"POST\" action=\"https:\/\/e74e72a7.sibforms.com\/serve\/MUIFAGtbpeHoGnqexIottf30KW6bpsR6PhmslUqAlR1NxiZszY2v51wZ0ItWLKlcyudTN76beUduBeMwS6sEmT_j4LM3_MU4wykDA4DrDf1fLYWHPekyuMmkblSRkpO_-nyXHsg5MQc-wv3c7pOzMpAIpM7S3v0Sj7SD7qwoc13HzW2OL6ZGFCpsZAt3JW2387bmREvpDKk2tlqY\" data-type=\"subscription\">\r\n        \r\n       \r\n        \r\n        <div id=\"newsletter-action-phrase\" style=\"padding: 20px 0;\">\r\n          <div class=\"sib-form-block\" style=\"text-align:center; background-color:transparent; text-align:center\">\r\n            <div class=\"sib-text-form-block\">\r\n                <p>Join our community! \r\n                    <br><br>\r\n                    <span id=\"textJoinOurCommunity\">By subscribing, you will have access to private sales, exclusive discounts, and be the first to discover new releases, collaborations, and events.\r\n                        <br><br>\r\n                        In addition, you will receive our guide on how to dress in harmony with your inner self.\r\n                    <\/span>\r\n                <\/p>\r\n            <\/div>\r\n          <\/div>\r\n        <\/div>\r\n\r\n        <div id=\"newsletter-email-label\" style=\"padding: 8px 0;\">\r\n          <div class=\"sib-input sib-form-block\">\r\n            <div class=\"form__entry entry_block\">\r\n              <div class=\"form__label-row\">\r\n                <label class=\"entry__label\" style=\"text-align:left;\" for=\"EMAIL\" data-required=\"*\">Enter your email<\/label>\r\n\r\n                <div class=\"entry__field\" style=\"background-color: transparent; border: 1px solid #3f3d3a;\">\r\n  <input class=\"input\" type=\"text\" id=\"EMAIL\" name=\"EMAIL\" autocomplete=\"off\" placeholder=\"EMAIL\" data-required=\"true\" required \/>\r\n<\/div>\r\n              <\/div>\r\n\r\n              <label class=\"entry__error entry__error--primary\" style=\"text-align:left;\">\r\n              <\/label>\r\n              <label class=\"entry__specification\" style=\"text-align:left;\">\r\n                Introduzca su direcci\u00f3n de e-mail para suscribirse. Ej.: abc@xyz.com\r\n              <\/label>\r\n            <\/div>\r\n          <\/div>\r\n        <\/div>\r\n\r\n        <div id=\"newsletter-conditions\" style=\"padding: 8px 0;\">\r\n          <div class=\"sib-optin sib-form-block\" data-required=\"true\">\r\n            <div class=\"form__entry entry_mcq\">\r\n              <div class=\"form__label-row\">\r\n                <div class=\"entry__choice\" style=\"\">\r\n                  <label>\r\n                    <input type=\"checkbox\" class=\"input_replaced\" value=\"1\" id=\"OPT_IN\" name=\"OPT_IN\" required \/>\r\n                    <span class=\"checkbox checkbox_tick_positive\"><\/span>\r\n                    <span style=\"text-align:left; background-color:transparent;\"><p>I have read and accept the <a href=\"https:\/\/lornaearth.com\/en\/privacy\/\" target=\"_blank\">Privacy Policy<\/a>.<\/p><\/span>\r\n                  <\/label>\r\n                <\/div>\r\n              <\/div>\r\n              <label class=\"entry__error entry__error--primary\" style=\"text-align:left;\">\r\n              <\/label>\r\n              <label class=\"entry__specification\" style=\"text-align:left;\">\r\n                You can unsubscribe at any time using the link in our newsletter.\r\n              <\/label>\r\n            <\/div>\r\n          <\/div>\r\n        <\/div>\r\n\r\n        <div id=\"newsletter-captcha\" style=\"padding: 20px 0;\">\r\n          <div class=\"sib-captcha sib-form-block\">\r\n            <div class=\"form__entry entry_block\">\r\n              <div class=\"form__label-row\">\r\n                <script>\r\n                  function handleCaptchaResponse() {\r\n                    var event = new Event('captchaChange');\r\n                    document.getElementById('sib-captcha').dispatchEvent(event);\r\n                  }\r\n                <\/script>\r\n                <div class=\"g-recaptcha sib-visible-recaptcha\" id=\"sib-captcha\" data-sitekey=\"6LfoNLUmAAAAAKLuLkz0iDZ1t21pKRptIA4nwa7l\" data-callback=\"handleCaptchaResponse\" style=\"direction:ltr\"><\/div>\r\n              <\/div>\r\n              <label class=\"entry__error entry__error--primary\">\r\n              <\/label>\r\n            <\/div>\r\n          <\/div>\r\n        <\/div>\r\n\r\n        <div id=\"newsletter-brevo\" style=\"padding: 8px 30px;\">\r\n          <div class=\"sib-form__declaration\" style=\"direction:ltr\">\r\n            <div class=\"declaration-block-icon\">\r\n              <svg class=\"icon__SVG\" width=\"0\" height=\"0\" version=\"1.1\" xmlns=\"http:\/\/www.w3.org\/2000\/svg\">\r\n                <defs>\r\n                  <symbol id=\"svgIcon-sphere\" viewbox=\"0 0 63 63\">\r\n                    <path class=\"path1\" d=\"M31.54 0l1.05 3.06 3.385-.01-2.735 1.897 1.05 3.042-2.748-1.886-2.738 1.886 1.044-3.05-2.745-1.897h3.393zm13.97 3.019L46.555 6.4l3.384.01-2.743 2.101 1.048 3.387-2.752-2.1-2.752 2.1 1.054-3.382-2.745-2.105h3.385zm9.998 10.056l1.039 3.382h3.38l-2.751 2.1 1.05 3.382-2.744-2.091-2.743 2.091 1.054-3.381-2.754-2.1h3.385zM58.58 27.1l1.04 3.372h3.379l-2.752 2.096 1.05 3.387-2.744-2.091-2.75 2.092 1.054-3.387-2.747-2.097h3.376zm-3.076 14.02l1.044 3.364h3.385l-2.743 2.09 1.05 3.392-2.744-2.097-2.743 2.097 1.052-3.377-2.752-2.117 3.385-.01zm-9.985 9.91l1.045 3.364h3.393l-2.752 2.09 1.05 3.393-2.745-2.097-2.743 2.097 1.05-3.383-2.751-2.1 3.384-.01zM31.45 55.01l1.044 3.043 3.393-.008-2.752 1.9L34.19 63l-2.744-1.895-2.748 1.891 1.054-3.05-2.743-1.9h3.384zm-13.934-3.98l1.036 3.364h3.402l-2.752 2.09 1.053 3.393-2.747-2.097-2.752 2.097 1.053-3.382-2.743-2.1 3.384-.01zm-9.981-9.91l1.045 3.364h3.398l-2.748 2.09 1.05 3.392-2.753-2.1-2.752 2.096 1.053-3.382-2.743-2.102 3.384-.009zM4.466 27.1l1.038 3.372H8.88l-2.752 2.097 1.053 3.387-2.743-2.09-2.748 2.09 1.053-3.387L0 30.472h3.385zm3.069-14.025l1.045 3.382h3.395L9.23 18.56l1.05 3.381-2.752-2.09-2.752 2.09 1.053-3.381-2.744-2.1h3.384zm9.99-10.056L18.57 6.4l3.393.01-2.743 2.1 1.05 3.373-2.754-2.092-2.751 2.092 1.053-3.382-2.744-2.1h3.384zm24.938 19.394l-10-4.22a2.48 2.48 0 00-1.921 0l-10 4.22A2.529 2.529 0 0019 24.75c0 10.47 5.964 17.705 11.537 20.057a2.48 2.48 0 001.921 0C36.921 42.924 44 36.421 44 24.75a2.532 2.532 0 00-1.537-2.336zm-2.46 6.023l-9.583 9.705a.83.83 0 01-1.177 0l-5.416-5.485a.855.855 0 010-1.192l1.177-1.192a.83.83 0 011.177 0l3.65 3.697 7.819-7.916a.83.83 0 011.177 0l1.177 1.191a.843.843 0 010 1.192z\" fill=\"#0092FF\"><\/path>\r\n                  <\/symbol>\r\n                <\/defs>\r\n              <\/svg>\r\n              <svg class=\"svgIcon-sphere\" style=\"width:50px; height:50px;\">\r\n                <use xlink:href=\"#svgIcon-sphere\"><\/use>\r\n              <\/svg>\r\n            <\/div>\r\n            <p style=\"text-align:left; background-color:transparent;\">\r\n              We use Brevo as our marketing platform. By clicking below to submit this form, you consent to the information provided being transferred to Brevo for processing in accordance with their <a target=\"_blank\" class=\"clickable_link\" href=\"https:\/\/es.sendinblue.com\/legal\/termsofuse\/\" rel=\"noopener\">terms of use<\/a>\r\n            <\/p>\r\n          <\/div>\r\n        <\/div>\r\n\r\n        <div id=\"newsletter-submit\" style=\"padding: 20px 0;\">\r\n          <div class=\"sib-form-block\" style=\"text-align: center\">\r\n            <button class=\"sib-form-block__button sib-form-block__button-with-loader\" style=\"text-align:center; border-radius:3px; border-width:0px;\" form=\"sib-form\" type=\"submit\">\r\n              <svg class=\"icon clickable__icon progress-indicator__icon sib-hide-loader-icon\" viewbox=\"0 0 512 512\">\r\n                <path d=\"M460.116 373.846l-20.823-12.022c-5.541-3.199-7.54-10.159-4.663-15.874 30.137-59.886 28.343-131.652-5.386-189.946-33.641-58.394-94.896-95.833-161.827-99.676C261.028 55.961 256 50.751 256 44.352V20.309c0-6.904 5.808-12.337 12.703-11.982 83.556 4.306 160.163 50.864 202.11 123.677 42.063 72.696 44.079 162.316 6.031 236.832-3.14 6.148-10.75 8.461-16.728 5.01z\" \/>\r\n              <\/svg>\r\n              SUBSCRIBE\r\n            <\/button>\r\n          <\/div>\r\n        <\/div>\r\n\r\n        <input type=\"text\" name=\"email_address_check\" value=\"\" class=\"input--hidden\">\r\n        <input type=\"hidden\" name=\"locale\" value=\"es\">\r\n      <\/form>\r\n    <\/div>\r\n  <\/div>\r\n<\/div>\r\n<!-- END - We recommend to place the below code where you want the form in your website html  -->\r\n\r\n<!-- START - We recommend to place the below code in footer or bottom of your website html  -->\r\n<script>\r\n  window.REQUIRED_CODE_ERROR_MESSAGE = 'Elija un c\u00f3digo de pa\u00eds';\r\n  window.LOCALE = 'es';\r\n  window.EMAIL_INVALID_MESSAGE = window.SMS_INVALID_MESSAGE = \"La informaci\u00f3n que ha proporcionado no es v\u00e1lida. Compruebe el formato del campo e int\u00e9ntelo de nuevo.\";\r\n\r\n  window.REQUIRED_ERROR_MESSAGE = \"Este campo no puede quedarse vac\u00edo. \";\r\n\r\n  window.GENERIC_INVALID_MESSAGE = \"La informaci\u00f3n que ha proporcionado no es v\u00e1lida. Compruebe el formato del campo e int\u00e9ntelo de nuevo.\";\r\n\r\n\r\n\r\n\r\n  window.translation = {\r\n    common: {\r\n      selectedList: '{quantity} lista seleccionada',\r\n      selectedLists: '{quantity} listas seleccionadas'\r\n    }\r\n  };\r\n\r\n  var AUTOHIDE = Boolean(0);\r\n<\/script>\r\n<script defer src=\"https:\/\/sibforms.com\/forms\/end-form\/build\/main.js\"><\/script>\r\n\r\n<script src=\"https:\/\/www.google.com\/recaptcha\/api.js?hl=es\"><\/script>\r\n\r\n<!-- END - We recommend to place the above code in footer or bottom of your website html  -->\r\n<!-- End Brevo Form -->\t\t\t\t<\/div>\n\t\t\t\t<\/div>\n\t\t\t\t\t<\/div>\n\t\t<\/div>\n\t\t\t\t\t<\/div>\n\t\t<\/section>\n\t\t\t\t<section class=\"elementor-section elementor-top-section elementor-element elementor-element-84e23a7 elementor-section-full_width elementor-section-stretched elementor-section-height-default elementor-section-height-default\" data-id=\"84e23a7\" data-element_type=\"section\" data-settings=\"{&quot;stretch_section&quot;:&quot;section-stretched&quot;}\">\n\t\t\t\t\t\t<div class=\"elementor-container elementor-column-gap-default\">\n\t\t\t\t\t<div class=\"elementor-column elementor-col-100 elementor-top-column elementor-element elementor-element-fa4f07b\" data-id=\"fa4f07b\" data-element_type=\"column\">\n\t\t\t<div class=\"elementor-widget-wrap elementor-element-populated\">\n\t\t\t\t\t\t<div class=\"elementor-element elementor-element-32796ce elementor-widget-divider--view-line elementor-widget elementor-widget-divider\" data-id=\"32796ce\" data-element_type=\"widget\" data-widget_type=\"divider.default\">\n\t\t\t\t<div class=\"elementor-widget-container\">\n\t\t\t\t\t\t\t<div class=\"elementor-divider\">\n\t\t\t<span class=\"elementor-divider-separator\">\n\t\t\t\t\t\t<\/span>\n\t\t<\/div>\n\t\t\t\t\t\t<\/div>\n\t\t\t\t<\/div>\n\t\t\t\t\t<\/div>\n\t\t<\/div>\n\t\t\t\t\t<\/div>\n\t\t<\/section>\n\t\t\t\t<\/div>","protected":false},"excerpt":{"rendered":"<p>No hemos podido validar su suscripci\u00f3n. Se ha realizado su suscripci\u00f3n. \u00a1\u00danete a nuestra comunidad! Al suscribirte tendr\u00e1s acceso a ventas privadas, descuentos exclusivos y ser\u00e1s la primera en descubrir nuevos lanzamientos, colaboraciones y eventos. Adem\u00e1s, recibir\u00e1s nuestra gu\u00eda sobre c\u00f3mo vestir en armon\u00eda con tu yo interior. Introduce tu email Introduzca su direcci\u00f3n de<a class=\"more-link\" href=\"https:\/\/lornaearth.com\/en\/newsletter\/\">Read more  &#10230;<\/a><\/p>","protected":false},"author":1,"featured_media":0,"parent":0,"menu_order":0,"comment_status":"closed","ping_status":"closed","template":"elementor_header_footer","meta":{"om_disable_all_campaigns":false,"_monsterinsights_skip_tracking":false,"_monsterinsights_sitenote_active":false,"_monsterinsights_sitenote_note":"","_monsterinsights_sitenote_category":0,"_uf_show_specific_survey":0,"_uf_disable_surveys":false,"footnotes":""},"class_list":["post-8234","page","type-page","status-publish","hentry"],"_links":{"self":[{"href":"https:\/\/lornaearth.com\/en\/wp-json\/wp\/v2\/pages\/8234","targetHints":{"allow":["GET"]}}],"collection":[{"href":"https:\/\/lornaearth.com\/en\/wp-json\/wp\/v2\/pages"}],"about":[{"href":"https:\/\/lornaearth.com\/en\/wp-json\/wp\/v2\/types\/page"}],"author":[{"embeddable":true,"href":"https:\/\/lornaearth.com\/en\/wp-json\/wp\/v2\/users\/1"}],"replies":[{"embeddable":true,"href":"https:\/\/lornaearth.com\/en\/wp-json\/wp\/v2\/comments?post=8234"}],"version-history":[{"count":52,"href":"https:\/\/lornaearth.com\/en\/wp-json\/wp\/v2\/pages\/8234\/revisions"}],"predecessor-version":[{"id":10517,"href":"https:\/\/lornaearth.com\/en\/wp-json\/wp\/v2\/pages\/8234\/revisions\/10517"}],"wp:attachment":[{"href":"https:\/\/lornaearth.com\/en\/wp-json\/wp\/v2\/media?parent=8234"}],"curies":[{"name":"wp","href":"https:\/\/api.w.org\/{rel}","templated":true}]}}