{"id":7824,"date":"2023-06-11T16:48:14","date_gmt":"2023-06-11T16:48:14","guid":{"rendered":"https:\/\/lornaearth.com\/?page_id=7824"},"modified":"2023-07-26T16:49:03","modified_gmt":"2023-07-26T16:49:03","slug":"the-journey","status":"publish","type":"page","link":"https:\/\/lornaearth.com\/en\/the-journey\/","title":{"rendered":"The Journey"},"content":{"rendered":"<div data-elementor-type=\"wp-page\" data-elementor-id=\"7824\" class=\"elementor elementor-7824\">\n\t\t\t\t\t\t<section class=\"elementor-section elementor-top-section elementor-element elementor-element-a8879e4 elementor-section-full_width elementor-section-stretched elementor-section-height-default elementor-section-height-default\" data-id=\"a8879e4\" data-element_type=\"section\" data-settings=\"{&quot;stretch_section&quot;:&quot;section-stretched&quot;}\">\n\t\t\t\t\t\t<div class=\"elementor-container elementor-column-gap-default\">\n\t\t\t\t\t<div class=\"elementor-column elementor-col-100 elementor-top-column elementor-element elementor-element-3aeb666\" data-id=\"3aeb666\" data-element_type=\"column\">\n\t\t\t<div class=\"elementor-widget-wrap elementor-element-populated\">\n\t\t\t\t\t\t<div class=\"elementor-element elementor-element-eb388d5 elementor-widget elementor-widget-heading\" data-id=\"eb388d5\" data-element_type=\"widget\" data-widget_type=\"heading.default\">\n\t\t\t\t<div class=\"elementor-widget-container\">\n\t\t\t\t\t<h2 class=\"elementor-heading-title elementor-size-default\">The Journey<\/h3>\t\t\t\t<\/div>\n\t\t\t\t<\/div>\n\t\t\t\t<div class=\"elementor-element elementor-element-71f9474 elementor-widget elementor-widget-text-editor\" data-id=\"71f9474\" data-element_type=\"widget\" data-widget_type=\"text-editor.default\">\n\t\t\t\t<div class=\"elementor-widget-container\">\n\t\t\t\t\t\t\t\t\t<p>The luxury of taking time for yourself. Wind down and find some inspiration in our selection of articles about lifestyle, self-care and more.<\/p>\t\t\t\t\t\t\t\t<\/div>\n\t\t\t\t<\/div>\n\t\t\t\t\t<\/div>\n\t\t<\/div>\n\t\t\t\t\t<\/div>\n\t\t<\/section>\n\t\t\t\t<section class=\"elementor-section elementor-top-section elementor-element elementor-element-cce3416 elementor-section-stretched elementor-section-boxed elementor-section-height-default elementor-section-height-default\" data-id=\"cce3416\" data-element_type=\"section\" data-settings=\"{&quot;stretch_section&quot;:&quot;section-stretched&quot;}\">\n\t\t\t\t\t\t<div class=\"elementor-container elementor-column-gap-default\">\n\t\t\t\t\t<div class=\"elementor-column elementor-col-100 elementor-top-column elementor-element elementor-element-8817865\" data-id=\"8817865\" data-element_type=\"column\">\n\t\t\t<div class=\"elementor-widget-wrap elementor-element-populated\">\n\t\t\t\t\t\t<div class=\"elementor-element elementor-element-56d0290 blfe-pagination-align-center elementor-invisible elementor-widget elementor-widget-blfe-post-grid\" data-id=\"56d0290\" data-element_type=\"widget\" data-settings=\"{&quot;_animation&quot;:&quot;slideInUp&quot;,&quot;columns&quot;:&quot;3&quot;,&quot;columns_tablet&quot;:&quot;6&quot;,&quot;columns_mobile&quot;:&quot;12&quot;,&quot;hero3_navigation&quot;:&quot;arrows&quot;,&quot;hero3_layout_column_gap&quot;:{&quot;unit&quot;:&quot;px&quot;,&quot;size&quot;:5,&quot;sizes&quot;:[]},&quot;hero3_layout_column_gap_tablet&quot;:{&quot;unit&quot;:&quot;px&quot;,&quot;size&quot;:&quot;&quot;,&quot;sizes&quot;:[]},&quot;hero3_layout_column_gap_mobile&quot;:{&quot;unit&quot;:&quot;px&quot;,&quot;size&quot;:&quot;&quot;,&quot;sizes&quot;:[]},&quot;hero3_layout_row_gap&quot;:{&quot;unit&quot;:&quot;px&quot;,&quot;size&quot;:5,&quot;sizes&quot;:[]},&quot;hero3_layout_row_gap_tablet&quot;:{&quot;unit&quot;:&quot;px&quot;,&quot;size&quot;:&quot;&quot;,&quot;sizes&quot;:[]},&quot;hero3_layout_row_gap_mobile&quot;:{&quot;unit&quot;:&quot;px&quot;,&quot;size&quot;:&quot;&quot;,&quot;sizes&quot;:[]}}\" data-widget_type=\"blfe-post-grid.hero3\">\n\t\t\t\t<div class=\"elementor-widget-container\">\n\t\t\t\t\t\n                        <div class=\"blfe-post-grid-container blfe-active-post-loader\">\n            \n                <div data-skin=\"hero3\" class=\"blfe-row blfe-posts-inner blfe-hero3 blfe-posts-inner blfe-col-3 blfe-col-tab-6 blfe-col-mob-12\">\n                            <div class=\"blfe-post-grid-item\">\n            <div class=\"blfe-post-grid-item-inner blfe-modern-zoom\">\n                        <div class=\"blfe-post-grid-bg-image\">\n            <a class=\"blfe-post-grid-image-inner\" href=\"https:\/\/lornaearth.com\/en\/interludio\/\" title=\"Interludio: El Arte de Habitar el Tiempo\" rel=\"nofollow\" target=\"_self\"><img decoding=\"async\" src=\"https:\/\/lornaearth.com\/wp-content\/uploads\/2023\/07\/how-to-sleep-well-3-600x871-1.jpg\" alt=\"Interludio: El Arte de Habitar el Tiempo\"\/><\/a>        <\/div>\n                        <div class=\"blfe-post-grid-details\">\n                    <div class=\"blfe-post-grid-details-inner\">\n                        <span class=\"blfe-post-category\"><a href=\"https:\/\/lornaearth.com\/en\/category\/self-care\/\">Self-Care<\/a><a href=\"https:\/\/lornaearth.com\/en\/category\/sustainability\/\">Sustainability<\/a><\/span>                        <h3 class=\"blfe-post-grid-title\">\n            <a href=\"https:\/\/lornaearth.com\/en\/interludio\/\" title=\"Interludio: El Arte de Habitar el Tiempo\" rel=\"nofollow\" target=\"_blank\">Interludio: El Arte de Habitar el Tiempo<\/a>\n            <\/h3>                                                <p class=\"blfe-post-grid-excerpt\">Interludio: El Arte de Habitar el Tiempo Oto\u00f1o\/ Invierno 2025\u200b Hay momentos del d\u00eda que no pertenecen del todo al...<\/p>                                            <\/div>\n                <\/div>\n\n            <\/div>\n        <\/div>\n                <div class=\"blfe-post-grid-item\">\n            <div class=\"blfe-post-grid-item-inner blfe-modern-zoom\">\n                        <div class=\"blfe-post-grid-bg-image\">\n            <a class=\"blfe-post-grid-image-inner\" href=\"https:\/\/lornaearth.com\/en\/lorna-earth-music\/\" title=\"LORNA EARTH Music\" rel=\"nofollow\" target=\"_self\"><img decoding=\"async\" src=\"https:\/\/lornaearth.com\/wp-content\/uploads\/2023\/07\/music-lorna-earth-2.jpg\" alt=\"LORNA EARTH Music\"\/><\/a>        <\/div>\n                        <div class=\"blfe-post-grid-details\">\n                    <div class=\"blfe-post-grid-details-inner\">\n                        <span class=\"blfe-post-category\"><a href=\"https:\/\/lornaearth.com\/en\/category\/music\/\">Music<\/a><\/span>                        <h3 class=\"blfe-post-grid-title\">\n            <a href=\"https:\/\/lornaearth.com\/en\/lorna-earth-music\/\" title=\"LORNA EARTH Music\" rel=\"nofollow\" target=\"_blank\">LORNA EARTH Music<\/a>\n            <\/h3>                                                <p class=\"blfe-post-grid-excerpt\">Our favourite selection of playlists for romanticising any moment.<\/p>                                            <\/div>\n                <\/div>\n\n            <\/div>\n        <\/div>\n                <div class=\"blfe-post-grid-item\">\n            <div class=\"blfe-post-grid-item-inner blfe-modern-zoom\">\n                        <div class=\"blfe-post-grid-bg-image\">\n            <a class=\"blfe-post-grid-image-inner\" href=\"https:\/\/lornaearth.com\/en\/la-vida-siendo-tu-propia-jefa\/\" title=\"Life As Your Own Boss\" rel=\"nofollow\" target=\"_self\"><img decoding=\"async\" src=\"https:\/\/lornaearth.com\/wp-content\/uploads\/2023\/06\/tu-propia-jefa-scaled.jpg\" alt=\"La vida Siendo Tu Propia Jefa\"\/><\/a>        <\/div>\n                        <div class=\"blfe-post-grid-details\">\n                    <div class=\"blfe-post-grid-details-inner\">\n                        <span class=\"blfe-post-category\"><a href=\"https:\/\/lornaearth.com\/en\/category\/people\/\">People<\/a><\/span>                        <h3 class=\"blfe-post-grid-title\">\n            <a href=\"https:\/\/lornaearth.com\/en\/la-vida-siendo-tu-propia-jefa\/\" title=\"Life As Your Own Boss\" rel=\"nofollow\" target=\"_blank\">Life As Your Own Boss<\/a>\n            <\/h3>                                                <p class=\"blfe-post-grid-excerpt\">The life of the self-employed is often glamourised. Whether you seek greater autonomy over your career, or the freedom to...<\/p>                                            <\/div>\n                <\/div>\n\n            <\/div>\n        <\/div>\n                <div class=\"blfe-post-grid-item\">\n            <div class=\"blfe-post-grid-item-inner blfe-modern-zoom\">\n                        <div class=\"blfe-post-grid-bg-image\">\n            <a class=\"blfe-post-grid-image-inner\" href=\"https:\/\/lornaearth.com\/en\/lorna-laundry-guide\/\" title=\"Lorna laundry guide\" rel=\"nofollow\" target=\"_self\"><img decoding=\"async\" src=\"https:\/\/lornaearth.com\/wp-content\/uploads\/2023\/06\/clothes-laundry-guide-600x900-1.jpg\" alt=\"Lorna laundry guide\"\/><\/a>        <\/div>\n                        <div class=\"blfe-post-grid-details\">\n                    <div class=\"blfe-post-grid-details-inner\">\n                        <span class=\"blfe-post-category\"><a href=\"https:\/\/lornaearth.com\/en\/category\/sustainability\/\">Sustainability<\/a><\/span>                        <h3 class=\"blfe-post-grid-title\">\n            <a href=\"https:\/\/lornaearth.com\/en\/lorna-laundry-guide\/\" title=\"Lorna laundry guide\" rel=\"nofollow\" target=\"_blank\">Lorna laundry guide<\/a>\n            <\/h3>                                                <p class=\"blfe-post-grid-excerpt\">We live in a world where is cheaper to buy new clothes than it is to take care of...<\/p>                                            <\/div>\n                <\/div>\n\n            <\/div>\n        <\/div>\n                <div class=\"blfe-post-grid-item\">\n            <div class=\"blfe-post-grid-item-inner blfe-modern-zoom\">\n                        <div class=\"blfe-post-grid-bg-image\">\n            <a class=\"blfe-post-grid-image-inner\" href=\"https:\/\/lornaearth.com\/en\/__trashed-2\/\" title=\"Lorna Earth Books\" rel=\"nofollow\" target=\"_self\"><img decoding=\"async\" src=\"https:\/\/lornaearth.com\/wp-content\/uploads\/2023\/06\/reading-list-2-scaled.jpg\" alt=\"Lorna Earth Books\"\/><\/a>        <\/div>\n                        <div class=\"blfe-post-grid-details\">\n                    <div class=\"blfe-post-grid-details-inner\">\n                        <span class=\"blfe-post-category\"><a href=\"https:\/\/lornaearth.com\/en\/category\/books\/\">Books<\/a><\/span>                        <h3 class=\"blfe-post-grid-title\">\n            <a href=\"https:\/\/lornaearth.com\/en\/__trashed-2\/\" title=\"Lorna Earth Books\" rel=\"nofollow\" target=\"_blank\">Lorna Earth Books<\/a>\n            <\/h3>                                                <p class=\"blfe-post-grid-excerpt\">A reading list with all you need to live a life more connected to...<\/p>                                            <\/div>\n                <\/div>\n\n            <\/div>\n        <\/div>\n                        <\/div>\n\n                        <\/div>\n            \n                        <div class=\"blfe-post-footer\">\n                        <\/div>\n            \t\t\t\t<\/div>\n\t\t\t\t<\/div>\n\t\t\t\t\t<\/div>\n\t\t<\/div>\n\t\t\t\t\t<\/div>\n\t\t<\/section>\n\t\t\t\t<\/div>","protected":false},"excerpt":{"rendered":"<p>The Journey Disfruta del lujo de dedicarte tiempo a ti misma. Baja el ritmo y encuentra un momento de inspiraci\u00f3n con nuestra selecci\u00f3n de art\u00edculos sobre estilo de vida, self-care, arte y m\u00e1s. Music LORNA EARTH Music LORNA EARTH Music Nuestra selecci\u00f3n favorita de listas de reproducci\u00f3n para idealizar cualquier momento. Lorna Earth Music PlaylistSelecci\u00f3n<a class=\"more-link\" href=\"https:\/\/lornaearth.com\/en\/__trashed-2\/\">Read more  &#10230;<\/a><\/p>","protected":false},"author":1,"featured_media":0,"parent":0,"menu_order":0,"comment_status":"closed","ping_status":"closed","template":"elementor_header_footer","meta":{"om_disable_all_campaigns":false,"_monsterinsights_skip_tracking":false,"_monsterinsights_sitenote_active":false,"_monsterinsights_sitenote_note":"","_monsterinsights_sitenote_category":0,"_uf_show_specific_survey":0,"_uf_disable_surveys":false,"footnotes":""},"class_list":["post-7824","page","type-page","status-publish","hentry"],"_links":{"self":[{"href":"https:\/\/lornaearth.com\/en\/wp-json\/wp\/v2\/pages\/7824","targetHints":{"allow":["GET"]}}],"collection":[{"href":"https:\/\/lornaearth.com\/en\/wp-json\/wp\/v2\/pages"}],"about":[{"href":"https:\/\/lornaearth.com\/en\/wp-json\/wp\/v2\/types\/page"}],"author":[{"embeddable":true,"href":"https:\/\/lornaearth.com\/en\/wp-json\/wp\/v2\/users\/1"}],"replies":[{"embeddable":true,"href":"https:\/\/lornaearth.com\/en\/wp-json\/wp\/v2\/comments?post=7824"}],"version-history":[{"count":29,"href":"https:\/\/lornaearth.com\/en\/wp-json\/wp\/v2\/pages\/7824\/revisions"}],"predecessor-version":[{"id":9123,"href":"https:\/\/lornaearth.com\/en\/wp-json\/wp\/v2\/pages\/7824\/revisions\/9123"}],"wp:attachment":[{"href":"https:\/\/lornaearth.com\/en\/wp-json\/wp\/v2\/media?parent=7824"}],"curies":[{"name":"wp","href":"https:\/\/api.w.org\/{rel}","templated":true}]}}