{"id":9945,"date":"2025-04-23T10:08:19","date_gmt":"2025-04-23T10:08:19","guid":{"rendered":"https:\/\/lornaearth.com\/?post_type=product&#038;p=9945"},"modified":"2025-10-22T09:09:41","modified_gmt":"2025-10-22T09:09:41","slug":"balsamo-brillo","status":"publish","type":"product","link":"http:\/\/lornaearth.com\/en\/product\/balsamo-brillo\/","title":{"rendered":"GLOW BALM"},"content":{"rendered":"<p class=\"\" data-start=\"0\" data-end=\"261\">PERS Glow Balm for Lips and Cheeks provides instant comfort and glow-up. It gives lips and cheeks a natural radiance.<br data-start=\"152\" data-end=\"155\" \/>Enriched with vitamin C, caffeine and peptide, it awakens the complexion and enhances natural lip color.<\/p>\n<p class=\"\" data-start=\"263\" data-end=\"453\">\u2714\ufe0f Repairs damaged or dried-out lips.<br data-start=\"298\" data-end=\"301\" \/>\u2714\ufe0f Plumps up lips.<br data-start=\"332\" data-end=\"335\" data-is-only-node=\"\" \/>\u2714\ufe0f Enhances lip and complexion tone.<br data-start=\"379\" data-end=\"382\" \/>\u2714\ufe0f Anti-grey-ish effect.<br data-start=\"411\" data-end=\"414\" \/>\u2714\ufe0f Adapts to all skin tones<\/p>\n<p class=\"\" data-start=\"455\" data-end=\"552\">Softly enhances or awakens the complexion. Apply as needed throughout the day<\/p>\n<p>{{detalles}}<\/p>\n<p>\u00b7 Made in France<\/p>\n<p>\u00b7 97% Natural Origin. Vegan Formula.<\/p>\n<p>\u00b7 5 ml<\/p>\n<p>\u00b7 Ingredients: Helianthus Annuus (sunflower) Seed Oil, Aqua (water), Glyceryl Behenate, Glyceryl Stearate, Hydrogenated Castor Oil, Caprylic\/Capric Triglyceride, Jojoba Esters, Helianthus Annuus (sunflower) Seed Wax, Caffeine, Ascorbyl Palmitate, Glycine Soja (soybean) Oil, Cetyl Palmitate, Parfum (fragrance), Polysorbate 80, Sorbitan Stearate, Polyglycerin-3, Acacia Decurrens Flower Wax, Citric Acid, Tocopherol, Stevia Rebaudiana Extract, Beta-Sitosterol, Sodium Benzoate, Hydrogenated Lecithin, Squalene, Bixa Orellana Seed Oil, Palmitoyl Tetrapeptide-10, CI 45380 (red 21)<\/p>\n<p>{{\/detalles}}<\/p>\n<p>{{instrucciones}}<\/p>\n<p class=\"\" data-start=\"0\" data-end=\"64\">Take a small amount of product from your fingertips.<\/p>\n<ol>\n<li data-start=\"66\" data-end=\"271\">Gently pat the balm onto your lips.<\/li>\n<li data-start=\"66\" data-end=\"271\">Then, smile and position the balm on the top of your cheekbones. Gently pat on for an instant healthy-glow effect.<\/li>\n<\/ol>\n<p>{{\/instrucciones}}<\/p>","protected":false},"excerpt":{"rendered":"<p>PERS Glow Balm para labios y mejillas proporciona confort instant\u00e1neo y un brillo revitalizante. Aporta a los labios y mejillas una luminosidad natural.Enriquecido con vitamina C, cafe\u00edna y p\u00e9ptidos, despierta la piel y realza el color natural de los labios. \u2714\ufe0f Repara labios da\u00f1ados o resecos.\u2714\ufe0f Aporta volumen a los labios.\u2714\ufe0f Realza el tono de<a class=\"more-link\" href=\"http:\/\/lornaearth.com\/en\/product\/balsamo-brillo\/\">Read more  &#10230;<\/a><\/p>","protected":false},"featured_media":9977,"template":"","meta":{"om_disable_all_campaigns":false,"_monsterinsights_skip_tracking":false,"_monsterinsights_sitenote_active":false,"_monsterinsights_sitenote_note":"","_monsterinsights_sitenote_category":0,"_uf_show_specific_survey":0,"_uf_disable_surveys":false},"product_brand":[],"product_cat":[70],"product_tag":[],"class_list":{"0":"post-9945","1":"product","2":"type-product","3":"status-publish","4":"has-post-thumbnail","6":"product_cat-autocuidado","8":"first","9":"instock","10":"taxable","11":"shipping-taxable","12":"purchasable","13":"product-type-simple"},"_links":{"self":[{"href":"http:\/\/lornaearth.com\/en\/wp-json\/wp\/v2\/product\/9945","targetHints":{"allow":["GET"]}}],"collection":[{"href":"http:\/\/lornaearth.com\/en\/wp-json\/wp\/v2\/product"}],"about":[{"href":"http:\/\/lornaearth.com\/en\/wp-json\/wp\/v2\/types\/product"}],"wp:featuredmedia":[{"embeddable":true,"href":"http:\/\/lornaearth.com\/en\/wp-json\/wp\/v2\/media\/9977"}],"wp:attachment":[{"href":"http:\/\/lornaearth.com\/en\/wp-json\/wp\/v2\/media?parent=9945"}],"wp:term":[{"taxonomy":"product_brand","embeddable":true,"href":"http:\/\/lornaearth.com\/en\/wp-json\/wp\/v2\/product_brand?post=9945"},{"taxonomy":"product_cat","embeddable":true,"href":"http:\/\/lornaearth.com\/en\/wp-json\/wp\/v2\/product_cat?post=9945"},{"taxonomy":"product_tag","embeddable":true,"href":"http:\/\/lornaearth.com\/en\/wp-json\/wp\/v2\/product_tag?post=9945"}],"curies":[{"name":"wp","href":"https:\/\/api.w.org\/{rel}","templated":true}]}}