{"id":9228,"date":"2023-09-13T10:10:08","date_gmt":"2023-09-13T10:10:08","guid":{"rendered":"https:\/\/lornaearth.com\/?post_type=product&#038;p=9228"},"modified":"2025-12-09T16:41:12","modified_gmt":"2025-12-09T16:41:12","slug":"rana-top-volante","status":"publish","type":"product","link":"http:\/\/lornaearth.com\/en\/product\/rana-top-volante\/","title":{"rendered":"RANA RUFFLED TOP"},"content":{"rendered":"<p>Expressing LORNA EARTH\u2019s perception of contemporary dressing, Rana top is constructed from romantic ruffle details  and inspired by our most-loved Ennis top. Elegant and chic yet contemporary, a staple piece for today\u2019s woman.<\/p>\n<p>{{detalles}}<\/p>\n<p><span class=\"fontstyle0\">Round neck top with short ruffled sleeves. Zipper closure on the back.<br \/>\n\u00b7 Material: 100% organic cotton<br \/>\n\u00b7 Color: beige\/black print<br \/>\n\u00b7 Made in Spain<\/span><\/p>\n<p>{{\/detalles}}<\/p>\n<p>{{mima_tu_prenda}}<\/p>\n<p><span class=\"fontstyle0\"> Machine wash at maximum 30 degrees, do not bleach, iron at medium temperature, do not dry clean. <\/span><\/p>\n<p><span class=\"fontstyle0\">It is not recommended to use fabric softener or tumble dry. <\/span><\/p>\n<p><span class=\"fontstyle0\">Learn an environmentally friendly way to\ntake care of your clothes <a href=\"https:\/\/lornaearth.com\/en\/lorna-laundry-guide\/\">here.<\/a><\/span><\/p>\n<p>{{\/mima_tu_prenda}}<\/p>","protected":false},"excerpt":{"rendered":"<p>Expresando la percepci\u00f3n de LORNA EARTH sobre la vestimenta contempor\u00e1nea, el top Rana est\u00e1 confeccionado con rom\u00e1nticos detalles de volantes e inspirado en nuestro top Ennis m\u00e1s querido. Elegante y chic pero contempor\u00e1neo, una pieza b\u00e1sica para la mujer actual. {{detalles}} Top de punto algod\u00f3n org\u00e1nico ajustado con mangas cortas de volantes y cuello a<a class=\"more-link\" href=\"http:\/\/lornaearth.com\/en\/product\/rana-top-volante\/\">Read more  &#10230;<\/a><\/p>","protected":false},"featured_media":10971,"template":"","meta":{"om_disable_all_campaigns":false,"_monsterinsights_skip_tracking":false,"_monsterinsights_sitenote_active":false,"_monsterinsights_sitenote_note":"","_monsterinsights_sitenote_category":0,"_uf_show_specific_survey":0,"_uf_disable_surveys":false},"product_brand":[],"product_cat":[25,100,26],"product_tag":[],"class_list":{"0":"post-9228","1":"product","2":"type-product","3":"status-publish","4":"has-post-thumbnail","6":"product_cat-colecciones","7":"product_cat-rebajas","8":"product_cat-tops","10":"first","11":"instock","12":"sale","13":"taxable","14":"shipping-taxable","15":"purchasable","16":"product-type-variable"},"_links":{"self":[{"href":"http:\/\/lornaearth.com\/en\/wp-json\/wp\/v2\/product\/9228","targetHints":{"allow":["GET"]}}],"collection":[{"href":"http:\/\/lornaearth.com\/en\/wp-json\/wp\/v2\/product"}],"about":[{"href":"http:\/\/lornaearth.com\/en\/wp-json\/wp\/v2\/types\/product"}],"wp:featuredmedia":[{"embeddable":true,"href":"http:\/\/lornaearth.com\/en\/wp-json\/wp\/v2\/media\/10971"}],"wp:attachment":[{"href":"http:\/\/lornaearth.com\/en\/wp-json\/wp\/v2\/media?parent=9228"}],"wp:term":[{"taxonomy":"product_brand","embeddable":true,"href":"http:\/\/lornaearth.com\/en\/wp-json\/wp\/v2\/product_brand?post=9228"},{"taxonomy":"product_cat","embeddable":true,"href":"http:\/\/lornaearth.com\/en\/wp-json\/wp\/v2\/product_cat?post=9228"},{"taxonomy":"product_tag","embeddable":true,"href":"http:\/\/lornaearth.com\/en\/wp-json\/wp\/v2\/product_tag?post=9228"}],"curies":[{"name":"wp","href":"https:\/\/api.w.org\/{rel}","templated":true}]}}