{"id":9049,"date":"2023-08-31T10:21:02","date_gmt":"2023-08-31T10:21:02","guid":{"rendered":"https:\/\/lornaearth.com\/?post_type=product&#038;p=9049"},"modified":"2025-06-25T10:33:07","modified_gmt":"2025-06-25T10:33:07","slug":"selma-bolso-rejilla","status":"publish","type":"product","link":"http:\/\/lornaearth.com\/en\/product\/selma-bolso-rejilla\/","title":{"rendered":"SELMA MESH BAG"},"content":{"rendered":"<p>SELMA &#8211; Elaborado con intenci\u00f3n, a\u00f1adiendo brillo a tu look de d\u00eda o de noche. Acabado con tachuelas met\u00e1licas y bolsillo interior.<\/p>\n<p>{{detalles}}<\/p>\n<p>Bolso de rejilla negro con bolsillo interior<\/p>\n<p><span class=\"fontstyle0\">Material: 100% Organic Cotton<br \/>\nColor: Negro.<br \/>\nMade in Spain<\/span><\/p>\n<p>{{\/detalles}}<\/p>\n<p>{{mima_tu_prenda}}<\/p>\n<p>Do not wash.<\/p>\n<p>Learn an environmentally friendly way to\ntake care of your clothes <a href=\"https:\/\/lornaearth.com\/en\/lorna-laundry-guide\/\">here.<\/a><\/p>\n<p>{{\/mima_tu_prenda}}<\/p>","protected":false},"excerpt":{"rendered":"<p>SELMA &#8211; Elaborado con intenci\u00f3n, a\u00f1adiendo brillo a tu look de d\u00eda o de noche. Acabado con tachuelas met\u00e1licas y bolsillo interior. {{detalles}} Bolso de rejilla negro con bolsillo interior Material: 100% Algod\u00f3n Org\u00e1nico Color: Negro. Hecho en Espa\u00f1a {{\/detalles}} {{mima_tu_prenda}} No lavar. Aprende a cuidar de tus prendas respetando el planeta aqu\u00ed. {{\/mima_tu_prenda}}<\/p>","protected":false},"featured_media":9156,"template":"","meta":{"om_disable_all_campaigns":false,"_monsterinsights_skip_tracking":false,"_monsterinsights_sitenote_active":false,"_monsterinsights_sitenote_note":"","_monsterinsights_sitenote_category":0,"_uf_show_specific_survey":0,"_uf_disable_surveys":false},"product_brand":[],"product_cat":[69,84,100],"product_tag":[],"class_list":{"0":"post-9049","1":"product","2":"type-product","3":"status-publish","4":"has-post-thumbnail","6":"product_cat-accesorios","7":"product_cat-bolsos","8":"product_cat-rebajas","10":"first","11":"instock","12":"sale","13":"taxable","14":"shipping-taxable","15":"purchasable","16":"product-type-variable"},"_links":{"self":[{"href":"http:\/\/lornaearth.com\/en\/wp-json\/wp\/v2\/product\/9049","targetHints":{"allow":["GET"]}}],"collection":[{"href":"http:\/\/lornaearth.com\/en\/wp-json\/wp\/v2\/product"}],"about":[{"href":"http:\/\/lornaearth.com\/en\/wp-json\/wp\/v2\/types\/product"}],"wp:featuredmedia":[{"embeddable":true,"href":"http:\/\/lornaearth.com\/en\/wp-json\/wp\/v2\/media\/9156"}],"wp:attachment":[{"href":"http:\/\/lornaearth.com\/en\/wp-json\/wp\/v2\/media?parent=9049"}],"wp:term":[{"taxonomy":"product_brand","embeddable":true,"href":"http:\/\/lornaearth.com\/en\/wp-json\/wp\/v2\/product_brand?post=9049"},{"taxonomy":"product_cat","embeddable":true,"href":"http:\/\/lornaearth.com\/en\/wp-json\/wp\/v2\/product_cat?post=9049"},{"taxonomy":"product_tag","embeddable":true,"href":"http:\/\/lornaearth.com\/en\/wp-json\/wp\/v2\/product_tag?post=9049"}],"curies":[{"name":"wp","href":"https:\/\/api.w.org\/{rel}","templated":true}]}}