{"id":7979,"date":"2023-06-14T16:58:52","date_gmt":"2023-06-14T16:58:52","guid":{"rendered":"https:\/\/lornaearth.com\/?post_type=product&#038;p=7979"},"modified":"2025-03-24T11:38:00","modified_gmt":"2025-03-24T11:38:00","slug":"mona-coletero-rosa-algodon-organico","status":"publish","type":"product","link":"http:\/\/lornaearth.com\/en\/product\/mona-coletero-rosa-algodon-organico\/","title":{"rendered":"MONA COLETERO ROSA"},"content":{"rendered":"<p><span class=\"fontstyle0\">The perfect accessory to add fun to any outfit. <\/span><\/p>\n<p><span class=\"fontstyle0\">Made with cut offs from our certified organic cotton.<\/span><\/p>\n<p>{{detalles}}<\/p>\n<p>\u00b7 Material: 100% Certified Organic Cotton<br \/>\n\u00b7 Colour: dark old pink<br \/>\n\u00b7 Made in Spain<\/p>\n<p>{{\/detalles}}<\/p>\n<p>{{mima_tu_prenda}}<\/p>\n<p>Machine wash at maximum 30 degrees, do not bleach, iron at medium temperature, do not dry clean.<\/p>\n<p>It is not recommended to use fabric softener or tumble dry.<\/p>\n<p>Learn an environmentally friendly way to\ntake care of your clothes <a href=\"https:\/\/lornaearth.com\/en\/lorna-laundry-guide\/\">here.<\/a><\/p>\n<p>{{\/mima_tu_prenda}}<\/p>","protected":false},"excerpt":{"rendered":"<p>El accesorio perfecto para a\u00f1adir diversi\u00f3n a cualquier look. Confeccionado con retales de nuestro algod\u00f3n org\u00e1nico certificado. {{detalles}} \u00b7 Tejido: 100% Algod\u00f3n Org\u00e1nico Certificado \u00b7 Color: rosa empolvado \u00b7 Hecho en Espa\u00f1a {{\/detalles}} {{mima_tu_prenda}} Lavado a m\u00e1quina a m\u00e1ximo 30 grados, no blanquear, planchar a temperatura media, no limpiar en seco. No es recomendable utilizar<a class=\"more-link\" href=\"http:\/\/lornaearth.com\/en\/product\/mona-coletero-rosa-algodon-organico\/\">Read more  &#10230;<\/a><\/p>","protected":false},"featured_media":7982,"template":"","meta":{"om_disable_all_campaigns":false,"_monsterinsights_skip_tracking":false,"_monsterinsights_sitenote_active":false,"_monsterinsights_sitenote_note":"","_monsterinsights_sitenote_category":0,"_uf_show_specific_survey":0,"_uf_disable_surveys":false},"product_brand":[],"product_cat":[69,70],"product_tag":[],"class_list":{"0":"post-7979","1":"product","2":"type-product","3":"status-publish","4":"has-post-thumbnail","6":"product_cat-accesorios","7":"product_cat-autocuidado","9":"first","10":"instock","11":"sale","12":"taxable","13":"shipping-taxable","14":"purchasable","15":"product-type-simple"},"_links":{"self":[{"href":"http:\/\/lornaearth.com\/en\/wp-json\/wp\/v2\/product\/7979","targetHints":{"allow":["GET"]}}],"collection":[{"href":"http:\/\/lornaearth.com\/en\/wp-json\/wp\/v2\/product"}],"about":[{"href":"http:\/\/lornaearth.com\/en\/wp-json\/wp\/v2\/types\/product"}],"wp:featuredmedia":[{"embeddable":true,"href":"http:\/\/lornaearth.com\/en\/wp-json\/wp\/v2\/media\/7982"}],"wp:attachment":[{"href":"http:\/\/lornaearth.com\/en\/wp-json\/wp\/v2\/media?parent=7979"}],"wp:term":[{"taxonomy":"product_brand","embeddable":true,"href":"http:\/\/lornaearth.com\/en\/wp-json\/wp\/v2\/product_brand?post=7979"},{"taxonomy":"product_cat","embeddable":true,"href":"http:\/\/lornaearth.com\/en\/wp-json\/wp\/v2\/product_cat?post=7979"},{"taxonomy":"product_tag","embeddable":true,"href":"http:\/\/lornaearth.com\/en\/wp-json\/wp\/v2\/product_tag?post=7979"}],"curies":[{"name":"wp","href":"https:\/\/api.w.org\/{rel}","templated":true}]}}