{"id":7524,"date":"2023-06-07T15:20:43","date_gmt":"2023-06-07T15:20:43","guid":{"rendered":"https:\/\/lornaearth.com\/?post_type=product&#038;p=7524"},"modified":"2026-02-26T11:27:45","modified_gmt":"2026-02-26T11:27:45","slug":"mala-vestido-algodon-organico","status":"publish","type":"product","link":"http:\/\/lornaearth.com\/en\/product\/mala-vestido-algodon-organico\/","title":{"rendered":"MALA DRESS"},"content":{"rendered":"<p><span class=\"fontstyle0\">Embrace your body wearing Mala dress. The dress\nto celebrate yourself or any other moment in life, its shape and colour makes it versatile. <\/span><\/p>\n<p><span class=\"fontstyle0\">The asymmetric cuts and frills makes it contemporary while confortable and chic. <\/span><\/p>\n<p><span class=\"fontstyle0\">Recommended to style it with heeled shoes and a Luachanna bag.<\/span><\/p>\n<p>{{detalles}}<\/p>\n<p><span class=\"fontstyle0\">Asymmetric midi dress with ruffles and short sleeves.<br \/>\nMaterial: 100% organic cotton<br \/>\nColour: Dust pink<br \/>\nMade in Spain<\/span><\/p>\n<p>{{\/detalles}}<\/p>\n<p>{{mima_tu_prenda}}<\/p>\n<p><span class=\"fontstyle0\">Machine wash at maximum 30 degrees, do not bleach, iron at medium temperature, do not dry\nclean.<br \/>\nIt is not recommended to use fabric softener or tumble dry. Learn an environmentally\nfriendly way to take care of your clothes <a href=\"https:\/\/lornaearth.com\/en\/lorna-laundry-guide\/\">here.<\/a><\/span><\/p>\n<p>{{\/mima_tu_prenda}}<\/p>","protected":false},"excerpt":{"rendered":"<p>Abraza tu cuerpo con el vestido Mala. El vestido para celebrarte a ti misma o cualquier otro momento de la vida, su forma y color lo hacen vers\u00e1til. Los cortes asim\u00e9tricos y los volantes lo hacen contempor\u00e1neo a la vez que c\u00f3modo y chic. Recomendamos combinarlo con zapatos de tac\u00f3n y el bolso Luachanna. {{detalles}}<a class=\"more-link\" href=\"http:\/\/lornaearth.com\/en\/product\/mala-vestido-algodon-organico\/\">Read more  &#10230;<\/a><\/p>","protected":false},"featured_media":8112,"template":"","meta":{"om_disable_all_campaigns":false,"_monsterinsights_skip_tracking":false,"_monsterinsights_sitenote_active":false,"_monsterinsights_sitenote_note":"","_monsterinsights_sitenote_category":0,"_uf_show_specific_survey":0,"_uf_disable_surveys":false},"product_brand":[],"product_cat":[25,100,82],"product_tag":[],"class_list":{"0":"post-7524","1":"product","2":"type-product","3":"status-publish","4":"has-post-thumbnail","6":"product_cat-colecciones","7":"product_cat-rebajas","8":"product_cat-vestidos","10":"first","11":"instock","12":"sale","13":"taxable","14":"shipping-taxable","15":"purchasable","16":"product-type-variable"},"_links":{"self":[{"href":"http:\/\/lornaearth.com\/en\/wp-json\/wp\/v2\/product\/7524","targetHints":{"allow":["GET"]}}],"collection":[{"href":"http:\/\/lornaearth.com\/en\/wp-json\/wp\/v2\/product"}],"about":[{"href":"http:\/\/lornaearth.com\/en\/wp-json\/wp\/v2\/types\/product"}],"wp:featuredmedia":[{"embeddable":true,"href":"http:\/\/lornaearth.com\/en\/wp-json\/wp\/v2\/media\/8112"}],"wp:attachment":[{"href":"http:\/\/lornaearth.com\/en\/wp-json\/wp\/v2\/media?parent=7524"}],"wp:term":[{"taxonomy":"product_brand","embeddable":true,"href":"http:\/\/lornaearth.com\/en\/wp-json\/wp\/v2\/product_brand?post=7524"},{"taxonomy":"product_cat","embeddable":true,"href":"http:\/\/lornaearth.com\/en\/wp-json\/wp\/v2\/product_cat?post=7524"},{"taxonomy":"product_tag","embeddable":true,"href":"http:\/\/lornaearth.com\/en\/wp-json\/wp\/v2\/product_tag?post=7524"}],"curies":[{"name":"wp","href":"https:\/\/api.w.org\/{rel}","templated":true}]}}