{"id":11496,"date":"2026-04-24T15:22:59","date_gmt":"2026-04-24T15:22:59","guid":{"rendered":"https:\/\/lornaearth.com\/?post_type=product&#038;p=11496"},"modified":"2026-04-24T15:29:07","modified_gmt":"2026-04-24T15:29:07","slug":"tango-pantalon-globo-negro-copia","status":"publish","type":"product","link":"http:\/\/lornaearth.com\/en\/product\/tango-pantalon-globo-negro-copia\/","title":{"rendered":"TANGO PANTAL\u00d3N GLOBO CREMA"},"content":{"rendered":"<p>Relajado y elegante.<\/p>\n<p class=\"p1\">Pantal\u00f3n de lunares con cinturilla el\u00e1stica y silueta bombacho, dise\u00f1ado para ofrecer comodidad sin renunciar al estilo. Su volumen suave y ca\u00edda ligera crean un look desenfadado y elegante, mientras que sus pr\u00e1cticos bolsillos lo convierten en una pieza funcional para el d\u00eda a d\u00eda o para elevar conjuntos m\u00e1s especiales.<\/p>\n<p>{{detalles}}<\/p>\n<p><span class=\"fontstyle0\">Material: 100% organic cotton<br \/>\nColor: crema<br \/>\nMade in Spain<\/span><\/p>\n<p>{{\/detalles}}<\/p>\n<p>{{mima_tu_prenda}}<\/p>\n<p><span class=\"fontstyle0\">Machine wash at maximum 30 degrees, do not bleach, iron at medium temperature, do not dry clean. <\/span><\/p>\n<p><span class=\"fontstyle0\">It is not recommended to use fabric softener or tumble dry. <\/span><\/p>\n<p><span class=\"fontstyle0\">Learn an environmentally friendly way to\ntake care of your clothes <a href=\"https:\/\/lornaearth.com\/en\/lorna-laundry-guide\/\">here.<\/a><\/span><\/p>\n<p>{{\/mima_tu_prenda}}<\/p>","protected":false},"excerpt":{"rendered":"<p>Relajado y elegante. Pantal\u00f3n de lunares con cinturilla el\u00e1stica y silueta bombacho, dise\u00f1ado para ofrecer comodidad sin renunciar al estilo. Su volumen suave y ca\u00edda ligera crean un look desenfadado y elegante, mientras que sus pr\u00e1cticos bolsillos lo convierten en una pieza funcional para el d\u00eda a d\u00eda o para elevar conjuntos m\u00e1s especiales. {{detalles}}<a class=\"more-link\" href=\"http:\/\/lornaearth.com\/en\/product\/tango-pantalon-globo-negro-copia\/\">Read more  &#10230;<\/a><\/p>","protected":false},"featured_media":11500,"template":"","meta":{"om_disable_all_campaigns":false,"_monsterinsights_skip_tracking":false,"_monsterinsights_sitenote_active":false,"_monsterinsights_sitenote_note":"","_monsterinsights_sitenote_category":0,"_uf_show_specific_survey":0,"_uf_disable_surveys":false},"product_brand":[],"product_cat":[25,72],"product_tag":[],"class_list":{"0":"post-11496","1":"product","2":"type-product","3":"status-publish","4":"has-post-thumbnail","6":"product_cat-colecciones","7":"product_cat-pantalones-faldas","9":"first","10":"instock","11":"taxable","12":"shipping-taxable","13":"purchasable","14":"product-type-variable"},"_links":{"self":[{"href":"http:\/\/lornaearth.com\/en\/wp-json\/wp\/v2\/product\/11496","targetHints":{"allow":["GET"]}}],"collection":[{"href":"http:\/\/lornaearth.com\/en\/wp-json\/wp\/v2\/product"}],"about":[{"href":"http:\/\/lornaearth.com\/en\/wp-json\/wp\/v2\/types\/product"}],"wp:featuredmedia":[{"embeddable":true,"href":"http:\/\/lornaearth.com\/en\/wp-json\/wp\/v2\/media\/11500"}],"wp:attachment":[{"href":"http:\/\/lornaearth.com\/en\/wp-json\/wp\/v2\/media?parent=11496"}],"wp:term":[{"taxonomy":"product_brand","embeddable":true,"href":"http:\/\/lornaearth.com\/en\/wp-json\/wp\/v2\/product_brand?post=11496"},{"taxonomy":"product_cat","embeddable":true,"href":"http:\/\/lornaearth.com\/en\/wp-json\/wp\/v2\/product_cat?post=11496"},{"taxonomy":"product_tag","embeddable":true,"href":"http:\/\/lornaearth.com\/en\/wp-json\/wp\/v2\/product_tag?post=11496"}],"curies":[{"name":"wp","href":"https:\/\/api.w.org\/{rel}","templated":true}]}}