{"id":11458,"date":"2026-04-17T09:47:22","date_gmt":"2026-04-17T09:47:22","guid":{"rendered":"https:\/\/lornaearth.com\/?post_type=product&#038;p=11458"},"modified":"2026-04-17T09:50:20","modified_gmt":"2026-04-17T09:50:20","slug":"pure-collar","status":"publish","type":"product","link":"http:\/\/lornaearth.com\/en\/product\/pure-collar\/","title":{"rendered":"PURE NECKLACE"},"content":{"rendered":"<p data-start=\"139\" data-end=\"299\">Necklace made with Agate and onyx stones. Features a gold-tone stainless steel clasp.<\/p>\n<p class=\"p1\">Onyx protects and grounds, while agate balances and softens: a union of strength and calm.<\/p>\n<p>&nbsp;<\/p>\n<p>{{detalles}}<\/p>\n<p><span class=\"fontstyle0\">Material: Stainless Steel and natural stones<br \/>\nBeads: onyx and agate<br \/>\nHandcrafted in Spain<\/span><\/p>\n<p>{{\/detalles}}<\/p>\n<p>{{mima_tu_prenda}}<\/p>\n<p>Do not wash.<\/p>\n<p>Learn an environmentally friendly way to\ntake care of your clothes <a href=\"https:\/\/lornaearth.com\/en\/lorna-laundry-guide\/\">here.<\/a><\/p>\n<p>{{\/mima_tu_prenda}}<\/p>","protected":false},"excerpt":{"rendered":"<p>Collar elaborado con piedras de \u00d3nix y \u00c1gata. Incorpora un cierre dorado de acero inoxidable. El \u00f3nix protege y enra\u00edza, mientras la \u00e1gata equilibra y suaviza: una uni\u00f3n de fuerza y calma. &nbsp; {{detalles}} Material: Acero Inoxidable y piedras naturales Abalorios: \u00d3nixy \u00c1gata Hecho a mano en Espa\u00f1a {{\/detalles}} {{mima_tu_prenda}} No lavar. Aprende a cuidar<a class=\"more-link\" href=\"http:\/\/lornaearth.com\/en\/product\/pure-collar\/\">Read more  &#10230;<\/a><\/p>","protected":false},"featured_media":11459,"template":"","meta":{"om_disable_all_campaigns":false,"_monsterinsights_skip_tracking":false,"_monsterinsights_sitenote_active":false,"_monsterinsights_sitenote_note":"","_monsterinsights_sitenote_category":0,"_uf_show_specific_survey":0,"_uf_disable_surveys":false},"product_brand":[],"product_cat":[69,86],"product_tag":[],"class_list":{"0":"post-11458","1":"product","2":"type-product","3":"status-publish","4":"has-post-thumbnail","6":"product_cat-accesorios","7":"product_cat-joyas","9":"first","10":"instock","11":"taxable","12":"shipping-taxable","13":"purchasable","14":"product-type-simple"},"_links":{"self":[{"href":"http:\/\/lornaearth.com\/en\/wp-json\/wp\/v2\/product\/11458","targetHints":{"allow":["GET"]}}],"collection":[{"href":"http:\/\/lornaearth.com\/en\/wp-json\/wp\/v2\/product"}],"about":[{"href":"http:\/\/lornaearth.com\/en\/wp-json\/wp\/v2\/types\/product"}],"wp:featuredmedia":[{"embeddable":true,"href":"http:\/\/lornaearth.com\/en\/wp-json\/wp\/v2\/media\/11459"}],"wp:attachment":[{"href":"http:\/\/lornaearth.com\/en\/wp-json\/wp\/v2\/media?parent=11458"}],"wp:term":[{"taxonomy":"product_brand","embeddable":true,"href":"http:\/\/lornaearth.com\/en\/wp-json\/wp\/v2\/product_brand?post=11458"},{"taxonomy":"product_cat","embeddable":true,"href":"http:\/\/lornaearth.com\/en\/wp-json\/wp\/v2\/product_cat?post=11458"},{"taxonomy":"product_tag","embeddable":true,"href":"http:\/\/lornaearth.com\/en\/wp-json\/wp\/v2\/product_tag?post=11458"}],"curies":[{"name":"wp","href":"https:\/\/api.w.org\/{rel}","templated":true}]}}