{"id":11324,"date":"2026-03-21T11:16:32","date_gmt":"2026-03-21T11:16:32","guid":{"rendered":"https:\/\/lornaearth.com\/?post_type=product&#038;p=11324"},"modified":"2026-04-19T11:41:08","modified_gmt":"2026-04-19T11:41:08","slug":"quejio-chaqueta-bordada-rojo","status":"publish","type":"product","link":"http:\/\/lornaearth.com\/en\/product\/quejio-chaqueta-bordada-rojo\/","title":{"rendered":"QUEJ\u00cdO RED EMBROIDERED JACKET"},"content":{"rendered":"<p class=\"p1\">Embroidered jacket made of <span class=\"s1\">100% Tencel\u2122<\/span>, a soft, lightweight plant-based fibre with a fluid drape. Features a relaxed silhouette with long sleeves and a front tie that adds a feminine and versatile touch.<\/p>\n<p class=\"p1\">The raised floral embroidery in fuchsia on a red base adds texture and sophistication. It is fully lined in <span class=\"s1\">100% organic cotton<\/span>, offering comfort and breathability.<\/p>\n<p class=\"p1\">A special piece that blends craftsmanship and contemporaneity, perfect for elevating any look.<\/p>\n<p>{{detalles}}<\/p>\n<p><span class=\"fontstyle0\">Materials: Main: 100% Tencel, Lining: 100% organic cotton<br \/>\nColour: fuchsia, red<br \/>\nMade in Spain<\/span><\/p>\n<p>{{\/detalles}}<\/p>\n<p>{{mima_tu_prenda}}<\/p>\n<p><span class=\"fontstyle0\"> Hand wash cold. do not bleach, do not iron, do not dry clean. <\/span><span class=\"fontstyle0\">Is not recommended to use fabric softener. <\/span><\/p>\n<p><span class=\"fontstyle0\">Learn an environmentally friendly way to\ntake care of your clothes <a href=\"https:\/\/lornaearth.com\/en\/lorna-laundry-guide\/\">here.<\/a><\/span><\/p>\n<p>{{\/mima_tu_prenda}}<\/p>","protected":false},"excerpt":{"rendered":"<p>Chaqueta bordada confeccionada en 100% Tencel\u2122, una fibra de origen vegetal suave, ligera y con una ca\u00edda fluida. Presenta una silueta amplia con manga larga y lazada frontal que aporta un toque femenino y vers\u00e1til. El bordado floral en relieve en fucsia sobre base rojo a\u00f1ade textura y sofisticaci\u00f3n. Est\u00e1 completamente forrada en 100% algod\u00f3n<a class=\"more-link\" href=\"http:\/\/lornaearth.com\/en\/product\/quejio-chaqueta-bordada-rojo\/\">Read more  &#10230;<\/a><\/p>","protected":false},"featured_media":11470,"template":"","meta":{"om_disable_all_campaigns":false,"_monsterinsights_skip_tracking":false,"_monsterinsights_sitenote_active":false,"_monsterinsights_sitenote_note":"","_monsterinsights_sitenote_category":0,"_uf_show_specific_survey":0,"_uf_disable_surveys":false},"product_brand":[],"product_cat":[25,106],"product_tag":[],"class_list":{"0":"post-11324","1":"product","2":"type-product","3":"status-publish","4":"has-post-thumbnail","6":"product_cat-colecciones","7":"product_cat-chaquetas","9":"first","10":"instock","11":"taxable","12":"shipping-taxable","13":"purchasable","14":"product-type-simple"},"_links":{"self":[{"href":"http:\/\/lornaearth.com\/en\/wp-json\/wp\/v2\/product\/11324","targetHints":{"allow":["GET"]}}],"collection":[{"href":"http:\/\/lornaearth.com\/en\/wp-json\/wp\/v2\/product"}],"about":[{"href":"http:\/\/lornaearth.com\/en\/wp-json\/wp\/v2\/types\/product"}],"wp:featuredmedia":[{"embeddable":true,"href":"http:\/\/lornaearth.com\/en\/wp-json\/wp\/v2\/media\/11470"}],"wp:attachment":[{"href":"http:\/\/lornaearth.com\/en\/wp-json\/wp\/v2\/media?parent=11324"}],"wp:term":[{"taxonomy":"product_brand","embeddable":true,"href":"http:\/\/lornaearth.com\/en\/wp-json\/wp\/v2\/product_brand?post=11324"},{"taxonomy":"product_cat","embeddable":true,"href":"http:\/\/lornaearth.com\/en\/wp-json\/wp\/v2\/product_cat?post=11324"},{"taxonomy":"product_tag","embeddable":true,"href":"http:\/\/lornaearth.com\/en\/wp-json\/wp\/v2\/product_tag?post=11324"}],"curies":[{"name":"wp","href":"https:\/\/api.w.org\/{rel}","templated":true}]}}