{"id":11235,"date":"2026-03-06T11:02:47","date_gmt":"2026-03-06T11:02:47","guid":{"rendered":"https:\/\/lornaearth.com\/?post_type=product&#038;p=11235"},"modified":"2026-03-08T12:10:40","modified_gmt":"2026-03-08T12:10:40","slug":"lunar-chaqueta-acolchada","status":"publish","type":"product","link":"http:\/\/lornaearth.com\/en\/product\/lunar-chaqueta-acolchada\/","title":{"rendered":"LUNAR QUILTED JACKET"},"content":{"rendered":"<p class=\"p1\">Quilted jacket crafted from <span class=\"s1\">organic cotton<\/span>featuring a delicate leopard print that adds character and timeless appeal. It has <span class=\"s1\">a front knot closure<\/span>, patch front pockets, and contrasting trims that enhance its silhouette.<\/p>\n<p class=\"p1\">Lightweight and comfortable, it is a versatile piece designed for everyday wear with a natural and conscious approach.<\/p>\n<p>{{detalles}}<\/p>\n<p><span class=\"fontstyle0\">Material: 100% organic cotton<br \/>\nColour: black,  brown<br \/>\nMade in Spain<\/span><\/p>\n<p>{{\/detalles}}<\/p>\n<p>{{mima_tu_prenda}}<\/p>\n<p><span class=\"fontstyle0\"> Hand wash cold. do not bleach, do not iron, do not dry clean. <\/span><span class=\"fontstyle0\">Is not recommended to use fabric softener. <\/span><\/p>\n<p><span class=\"fontstyle0\">Learn an environmentally friendly way to\ntake care of your clothes <a href=\"https:\/\/lornaearth.com\/en\/lorna-laundry-guide\/\">here.<\/a><\/span><\/p>\n<p>{{\/mima_tu_prenda}}<\/p>","protected":false},"excerpt":{"rendered":"<p>Chaqueta acolchada confeccionada en algod\u00f3n org\u00e1nico, con un delicado estampado de leopardo que aporta car\u00e1cter y atemporalidad. Presenta cierre frontal de nudo, bolsillos delanteros de parche y ribetes en contraste que realzan su silueta. Ligera y c\u00f3moda, es una prenda vers\u00e1til pensada para acompa\u00f1ar el d\u00eda a d\u00eda con un enfoque natural y consciente. {{detalles}}<a class=\"more-link\" href=\"http:\/\/lornaearth.com\/en\/product\/lunar-chaqueta-acolchada\/\">Read more  &#10230;<\/a><\/p>","protected":false},"featured_media":11239,"template":"","meta":{"om_disable_all_campaigns":false,"_monsterinsights_skip_tracking":false,"_monsterinsights_sitenote_active":false,"_monsterinsights_sitenote_note":"","_monsterinsights_sitenote_category":0,"_uf_show_specific_survey":0,"_uf_disable_surveys":false},"product_brand":[],"product_cat":[25,106],"product_tag":[],"class_list":{"0":"post-11235","1":"product","2":"type-product","3":"status-publish","4":"has-post-thumbnail","6":"product_cat-colecciones","7":"product_cat-chaquetas","9":"first","10":"instock","11":"taxable","12":"shipping-taxable","13":"purchasable","14":"product-type-variable"},"_links":{"self":[{"href":"http:\/\/lornaearth.com\/en\/wp-json\/wp\/v2\/product\/11235","targetHints":{"allow":["GET"]}}],"collection":[{"href":"http:\/\/lornaearth.com\/en\/wp-json\/wp\/v2\/product"}],"about":[{"href":"http:\/\/lornaearth.com\/en\/wp-json\/wp\/v2\/types\/product"}],"wp:featuredmedia":[{"embeddable":true,"href":"http:\/\/lornaearth.com\/en\/wp-json\/wp\/v2\/media\/11239"}],"wp:attachment":[{"href":"http:\/\/lornaearth.com\/en\/wp-json\/wp\/v2\/media?parent=11235"}],"wp:term":[{"taxonomy":"product_brand","embeddable":true,"href":"http:\/\/lornaearth.com\/en\/wp-json\/wp\/v2\/product_brand?post=11235"},{"taxonomy":"product_cat","embeddable":true,"href":"http:\/\/lornaearth.com\/en\/wp-json\/wp\/v2\/product_cat?post=11235"},{"taxonomy":"product_tag","embeddable":true,"href":"http:\/\/lornaearth.com\/en\/wp-json\/wp\/v2\/product_tag?post=11235"}],"curies":[{"name":"wp","href":"https:\/\/api.w.org\/{rel}","templated":true}]}}