{"id":11151,"date":"2026-01-27T11:47:02","date_gmt":"2026-01-27T11:47:02","guid":{"rendered":"https:\/\/lornaearth.com\/?post_type=product&#038;p=11151"},"modified":"2026-01-27T16:05:49","modified_gmt":"2026-01-27T16:05:49","slug":"panuelo-copenhague","status":"publish","type":"product","link":"http:\/\/lornaearth.com\/en\/product\/panuelo-copenhague\/","title":{"rendered":"COPENHAGEN SCARF"},"content":{"rendered":"<p>Dress in art and elegance with our Copenhagen Cupro Scarf \u2013 a timeless gem.<\/p>\n<p>Every detail is printed with unmatched delicacy on 100% cupro, a sustainable fabric with a soft, silky texture that surpasses even silk in its qualities. It also comes beautifully packaged with a protective dust bag for storage.<span class=\"Apple-converted-space\">\u00a0<\/span><\/p>\n<p>Perfect for adding a sophisticated touch to any look.<\/p>\n<p>{{detalles}}<\/p>\n<p><span class=\"fontstyle0\">\u00b7 Material: 100% Cupro \u2013 Cupro is a organic recycled cotton fabric with a silk-like feel<br \/>\n\u00b7 Colour: sage green, chocolate brown, lilac<br \/>\n\u00b7 Dimensiones: 60&#215;60 o 120 x 120cm<br \/>\n\u00b7 Made in Spain<\/span><\/p>\n<p>{{\/detalles}}<\/p>\n<p>{{mima_tu_prenda}}<\/p>\n<p><span class=\"fontstyle0\">Hand wash cold, do not bleach, low iron, do not dry clean. <\/span><\/p>\n<p><span class=\"fontstyle0\">Do not use fabric softener or tumble dry. <\/span><\/p>\n<p><span class=\"fontstyle0\">Learn an environmentally friendly way to\ntake care of your clothes <a href=\"https:\/\/lornaearth.com\/en\/lorna-laundry-guide\/\">here.<\/a><\/span><\/p>\n<p>{{\/mima_tu_prenda}}<\/p>","protected":false},"excerpt":{"rendered":"<p>Viste arte y elegancia con nuestro pa\u00f1uelo Copenhague de Cupro, una joya atemporal forjada con amor y dedicaci\u00f3n. Cada detalle est\u00e1 impreso con una delicadeza inigualable sobre 100% cupro, un tejido sostenible con una textura suave y sedosa, superando incluso a la seda en propiedades. Adem\u00e1s, viene exquisitamente acompa\u00f1ado de una bolsa guardapolvo para almacenarlo.\u00a0<a class=\"more-link\" href=\"http:\/\/lornaearth.com\/en\/product\/panuelo-copenhague\/\">Read more  &#10230;<\/a><\/p>","protected":false},"featured_media":11158,"template":"","meta":{"om_disable_all_campaigns":false,"_monsterinsights_skip_tracking":false,"_monsterinsights_sitenote_active":false,"_monsterinsights_sitenote_note":"","_monsterinsights_sitenote_category":0,"_uf_show_specific_survey":0,"_uf_disable_surveys":false},"product_brand":[],"product_cat":[69,85],"product_tag":[],"class_list":{"0":"post-11151","1":"product","2":"type-product","3":"status-publish","4":"has-post-thumbnail","6":"product_cat-accesorios","7":"product_cat-panuelos","9":"first","10":"instock","11":"taxable","12":"shipping-taxable","13":"purchasable","14":"product-type-variable"},"_links":{"self":[{"href":"http:\/\/lornaearth.com\/en\/wp-json\/wp\/v2\/product\/11151","targetHints":{"allow":["GET"]}}],"collection":[{"href":"http:\/\/lornaearth.com\/en\/wp-json\/wp\/v2\/product"}],"about":[{"href":"http:\/\/lornaearth.com\/en\/wp-json\/wp\/v2\/types\/product"}],"wp:featuredmedia":[{"embeddable":true,"href":"http:\/\/lornaearth.com\/en\/wp-json\/wp\/v2\/media\/11158"}],"wp:attachment":[{"href":"http:\/\/lornaearth.com\/en\/wp-json\/wp\/v2\/media?parent=11151"}],"wp:term":[{"taxonomy":"product_brand","embeddable":true,"href":"http:\/\/lornaearth.com\/en\/wp-json\/wp\/v2\/product_brand?post=11151"},{"taxonomy":"product_cat","embeddable":true,"href":"http:\/\/lornaearth.com\/en\/wp-json\/wp\/v2\/product_cat?post=11151"},{"taxonomy":"product_tag","embeddable":true,"href":"http:\/\/lornaearth.com\/en\/wp-json\/wp\/v2\/product_tag?post=11151"}],"curies":[{"name":"wp","href":"https:\/\/api.w.org\/{rel}","templated":true}]}}