{"id":10768,"date":"2025-11-22T17:37:34","date_gmt":"2025-11-22T17:37:34","guid":{"rendered":"https:\/\/lornaearth.com\/?post_type=product&#038;p=10768"},"modified":"2026-03-10T11:00:18","modified_gmt":"2026-03-10T11:00:18","slug":"mira-sombrero-lana-menta","status":"publish","type":"product","link":"http:\/\/lornaearth.com\/en\/product\/mira-sombrero-lana-menta\/","title":{"rendered":"MIRA SOMBRERO LANA MENTA"},"content":{"rendered":"<article class=\"text-token-text-primary w-full focus:outline-none [--shadow-height:45px] has-data-writing-block:pointer-events-none has-data-writing-block:-mt-(--shadow-height) has-data-writing-block:pt-(--shadow-height) [&amp;:has([data-writing-block])&gt;*]:pointer-events-auto scroll-mt-(--header-height)\" dir=\"auto\" tabindex=\"-1\" data-turn-id=\"ed3ba5bf-df79-4572-b70c-4bc907a0496b\" data-testid=\"conversation-turn-1\" data-scroll-anchor=\"false\" data-turn=\"user\">\n<div class=\"text-base my-auto mx-auto pt-3 [--thread-content-margin:--spacing(4)] thread-sm:[--thread-content-margin:--spacing(6)] thread-lg:[--thread-content-margin:--spacing(16)] px-(--thread-content-margin)\">\n<div class=\"[--thread-content-max-width:40rem] thread-lg:[--thread-content-max-width:48rem] mx-auto max-w-(--thread-content-max-width) flex-1 group\/turn-messages focus-visible:outline-hidden relative flex w-full min-w-0 flex-col\" tabindex=\"-1\">\n<div class=\"flex max-w-full flex-col grow\">\n<div class=\"min-h-8 text-message relative flex w-full flex-col items-end gap-2 text-start break-words whitespace-normal [.text-message+&amp;]:mt-1\" dir=\"auto\" data-message-author-role=\"user\" data-message-id=\"ed3ba5bf-df79-4572-b70c-4bc907a0496b\">\n<div class=\"flex w-full flex-col gap-1 empty:hidden items-end rtl:items-start\">\n<div class=\"user-message-bubble-color relative rounded-[18px] px-4 py-1.5 data-[multiline]:py-3 max-w-[var(--user-chat-width,70%)]\" data-multiline=\"\">\n<div class=\"whitespace-pre-wrap\"><\/div>\n<\/div>\n<\/div>\n<\/div>\n<\/div>\n<div class=\"z-0 flex justify-end\">Add a sophisticated touch to your looks with our hat made of <span data-start=\"9\" data-end=\"50\">OEKO-TEX virgin wool<\/span>, suave, c\u00e1lido y atemporal. Un b\u00e1sico de temporada.<\/div>\n<\/div>\n<\/div>\n<\/article>\n<p data-start=\"0\" data-end=\"102\">{{detalles}}<\/p>\n<p><span class=\"fontstyle0\">Material: 100% virgin wool <span data-start=\"9\" data-end=\"50\">OEKO-TEX, Lining: 100% organic cotton<\/span><br \/>\nColor: menta<br \/>\nMade in Spain<\/span><\/p>\n<p>{{\/detalles}}<\/p>\n<p>{{mima_tu_prenda}}<\/p>\n<p>Do not wash.<\/p>\n<p>Learn an environmentally friendly way to\ntake care of your clothes <a href=\"https:\/\/lornaearth.com\/en\/lorna-laundry-guide\/\">here.<\/a><\/p>\n<p>{{\/mima_tu_prenda}}<\/p>","protected":false},"excerpt":{"rendered":"<p>Dale un toque sofisticado a tus looks con nuestro sombrero de 100% lana virgen certificada OEKO-TEX, suave, c\u00e1lido y atemporal. Un b\u00e1sico de temporada. {{detalles}} Material: 100% Lana virgen OEKO-TEX, Forro, 100% algod\u00f3n org\u00e1nico Color: menta Hecho en Espa\u00f1a {{\/detalles}} {{mima_tu_prenda}} No lavar. Aprende a cuidar de tus prendas respetando el planeta aqu\u00ed. {{\/mima_tu_prenda}}<\/p>","protected":false},"featured_media":10769,"template":"","meta":{"om_disable_all_campaigns":false,"_monsterinsights_skip_tracking":false,"_monsterinsights_sitenote_active":false,"_monsterinsights_sitenote_note":"","_monsterinsights_sitenote_category":0,"_uf_show_specific_survey":0,"_uf_disable_surveys":false},"product_brand":[],"product_cat":[69,107,103],"product_tag":[],"class_list":{"0":"post-10768","1":"product","2":"type-product","3":"status-publish","4":"has-post-thumbnail","6":"product_cat-accesorios","7":"product_cat-gorros-sombreros","8":"product_cat-under-50","10":"first","11":"instock","12":"sale","13":"taxable","14":"shipping-taxable","15":"purchasable","16":"product-type-simple"},"_links":{"self":[{"href":"http:\/\/lornaearth.com\/en\/wp-json\/wp\/v2\/product\/10768","targetHints":{"allow":["GET"]}}],"collection":[{"href":"http:\/\/lornaearth.com\/en\/wp-json\/wp\/v2\/product"}],"about":[{"href":"http:\/\/lornaearth.com\/en\/wp-json\/wp\/v2\/types\/product"}],"wp:featuredmedia":[{"embeddable":true,"href":"http:\/\/lornaearth.com\/en\/wp-json\/wp\/v2\/media\/10769"}],"wp:attachment":[{"href":"http:\/\/lornaearth.com\/en\/wp-json\/wp\/v2\/media?parent=10768"}],"wp:term":[{"taxonomy":"product_brand","embeddable":true,"href":"http:\/\/lornaearth.com\/en\/wp-json\/wp\/v2\/product_brand?post=10768"},{"taxonomy":"product_cat","embeddable":true,"href":"http:\/\/lornaearth.com\/en\/wp-json\/wp\/v2\/product_cat?post=10768"},{"taxonomy":"product_tag","embeddable":true,"href":"http:\/\/lornaearth.com\/en\/wp-json\/wp\/v2\/product_tag?post=10768"}],"curies":[{"name":"wp","href":"https:\/\/api.w.org\/{rel}","templated":true}]}}