{"id":10410,"date":"2025-10-19T10:38:54","date_gmt":"2025-10-19T10:38:54","guid":{"rendered":"https:\/\/lornaearth.com\/?post_type=product&#038;p=10410"},"modified":"2026-02-18T12:24:22","modified_gmt":"2026-02-18T12:24:22","slug":"yoru-falda-larga","status":"publish","type":"product","link":"http:\/\/lornaearth.com\/en\/product\/yoru-falda-larga\/","title":{"rendered":"YORU LONG SKIRT"},"content":{"rendered":"<p><span data-start=\"119\" data-end=\"127\">Yoru,<\/span>a contemporary, sustainable piece with a silhouette designed for those winter days when you want to feel both comfortable and chic.<br data-start=\"255\" data-end=\"258\" \/>A full-length skirt in an elegant forest green tone, featuring an elastic waistband and a tie for a perfectly feminine fit.<\/p>\n<p>{{detalles}}<\/p>\n<p><span class=\"fontstyle0\">Fabric: 100% Organic cotton<br \/>\nColour: forest green<br \/>\nMade in Spain<\/span><\/p>\n<p>{{\/detalles}}<\/p>\n<p>{{mima_tu_prenda}}<\/p>\n<p><span class=\"fontstyle0\"> Hand wash cold. do not bleach, do not iron, do not dry clean. <\/span><span class=\"fontstyle0\">Is not recommended to use fabric softener. <\/span><\/p>\n<p><span class=\"fontstyle0\">Learn an environmentally friendly way to\ntake care of your clothes <a href=\"https:\/\/lornaearth.com\/en\/lorna-laundry-guide\/\">here.<\/a><\/span><\/p>\n<p>{{\/mima_tu_prenda}}<\/p>","protected":false},"excerpt":{"rendered":"<p>Yoru, una pieza contempor\u00e1nea y sostenible con una silueta ideal para los d\u00edas de invierno en los que buscas sentirte c\u00f3moda y chic.Falda larga de capa en un elegante tono verde bosque, con cinturilla el\u00e1stica y lazo para un ajuste perfecto y femenino. {{detalles}} Tejido: 100% Algod\u00f3n org\u00e1nico Color: verde oscuro Hecho en Espa\u00f1a {{\/detalles}}<a class=\"more-link\" href=\"http:\/\/lornaearth.com\/en\/product\/yoru-falda-larga\/\">Read more  &#10230;<\/a><\/p>","protected":false},"featured_media":10414,"template":"","meta":{"om_disable_all_campaigns":false,"_monsterinsights_skip_tracking":false,"_monsterinsights_sitenote_active":false,"_monsterinsights_sitenote_note":"","_monsterinsights_sitenote_category":0,"_uf_show_specific_survey":0,"_uf_disable_surveys":false},"product_brand":[],"product_cat":[25,72],"product_tag":[],"class_list":{"0":"post-10410","1":"product","2":"type-product","3":"status-publish","4":"has-post-thumbnail","6":"product_cat-colecciones","7":"product_cat-pantalones-faldas","9":"first","10":"instock","11":"sale","12":"taxable","13":"shipping-taxable","14":"purchasable","15":"product-type-variable"},"_links":{"self":[{"href":"http:\/\/lornaearth.com\/en\/wp-json\/wp\/v2\/product\/10410","targetHints":{"allow":["GET"]}}],"collection":[{"href":"http:\/\/lornaearth.com\/en\/wp-json\/wp\/v2\/product"}],"about":[{"href":"http:\/\/lornaearth.com\/en\/wp-json\/wp\/v2\/types\/product"}],"wp:featuredmedia":[{"embeddable":true,"href":"http:\/\/lornaearth.com\/en\/wp-json\/wp\/v2\/media\/10414"}],"wp:attachment":[{"href":"http:\/\/lornaearth.com\/en\/wp-json\/wp\/v2\/media?parent=10410"}],"wp:term":[{"taxonomy":"product_brand","embeddable":true,"href":"http:\/\/lornaearth.com\/en\/wp-json\/wp\/v2\/product_brand?post=10410"},{"taxonomy":"product_cat","embeddable":true,"href":"http:\/\/lornaearth.com\/en\/wp-json\/wp\/v2\/product_cat?post=10410"},{"taxonomy":"product_tag","embeddable":true,"href":"http:\/\/lornaearth.com\/en\/wp-json\/wp\/v2\/product_tag?post=10410"}],"curies":[{"name":"wp","href":"https:\/\/api.w.org\/{rel}","templated":true}]}}