{"id":10318,"date":"2025-10-12T11:04:20","date_gmt":"2025-10-12T11:04:20","guid":{"rendered":"https:\/\/lornaearth.com\/?post_type=product&#038;p=10318"},"modified":"2025-10-23T11:31:38","modified_gmt":"2025-10-23T11:31:38","slug":"taiji-necklace","status":"publish","type":"product","link":"http:\/\/lornaearth.com\/en\/product\/taiji-necklace\/","title":{"rendered":"TAIJI NECKLACE"},"content":{"rendered":"<p data-start=\"143\" data-end=\"305\">Necklace crafted with 4mm<i>\u00a0<\/i>Unakite beads and four evenly arranged freshwater pearls. Features a gold stainless steel clasp.<\/p>\n<p data-start=\"307\" data-end=\"506\">- <em data-start=\"310\" data-end=\"319\">Unakita<\/em>\u00a0is a stone associated with emotional balance and heart energy. It is said to promote calm, compassion, and self-connection, helping to harmonize body and mind.<\/p>\n<p data-start=\"508\" data-end=\"691\">A piece that celebrates duality and serenity, combining the earthy energy of <em data-start=\"594\" data-end=\"603\">unakite<\/em> with the soft purity of the pearls in a design that exudes balance and presence.<\/p>\n<p>{{detalles}}<\/p>\n<p><span class=\"fontstyle0\">Material: Stainless Steel Clasp<br \/>\nBeads: Natural Unakite and Cultured Freshwater Pearl<br \/>\nHandcrafted in Spain<\/span><\/p>\n<p>{{\/detalles}}<\/p>\n<p>{{mima_tu_prenda}}<\/p>\n<p>Do not wash.<\/p>\n<p>Learn an environmentally friendly way to\ntake care of your clothes <a href=\"https:\/\/lornaearth.com\/en\/lorna-laundry-guide\/\">here.<\/a><\/p>\n<p>{{\/mima_tu_prenda}}<\/p>","protected":false},"excerpt":{"rendered":"<p>Collar elaborado con piedras de\u00a0Unakita\u00a0de 6 mm y cuatro perlas de agua dulce dispuestas de forma equilibrada. Incorpora un cierre dorado de acero inoxidable. La Unakita\u00a0es una piedra vinculada al equilibrio emocional y a la energ\u00eda del coraz\u00f3n. Se dice que fomenta la calma, la compasi\u00f3n y la conexi\u00f3n con uno mismo, ayudando a armonizar<a class=\"more-link\" href=\"http:\/\/lornaearth.com\/en\/product\/taiji-necklace\/\">Read more  &#10230;<\/a><\/p>","protected":false},"featured_media":10484,"template":"","meta":{"om_disable_all_campaigns":false,"_monsterinsights_skip_tracking":false,"_monsterinsights_sitenote_active":false,"_monsterinsights_sitenote_note":"","_monsterinsights_sitenote_category":0,"_uf_show_specific_survey":0,"_uf_disable_surveys":false},"product_brand":[],"product_cat":[69,86],"product_tag":[],"class_list":{"0":"post-10318","1":"product","2":"type-product","3":"status-publish","4":"has-post-thumbnail","6":"product_cat-accesorios","7":"product_cat-joyas","9":"first","10":"instock","11":"taxable","12":"shipping-taxable","13":"purchasable","14":"product-type-simple"},"_links":{"self":[{"href":"http:\/\/lornaearth.com\/en\/wp-json\/wp\/v2\/product\/10318","targetHints":{"allow":["GET"]}}],"collection":[{"href":"http:\/\/lornaearth.com\/en\/wp-json\/wp\/v2\/product"}],"about":[{"href":"http:\/\/lornaearth.com\/en\/wp-json\/wp\/v2\/types\/product"}],"wp:featuredmedia":[{"embeddable":true,"href":"http:\/\/lornaearth.com\/en\/wp-json\/wp\/v2\/media\/10484"}],"wp:attachment":[{"href":"http:\/\/lornaearth.com\/en\/wp-json\/wp\/v2\/media?parent=10318"}],"wp:term":[{"taxonomy":"product_brand","embeddable":true,"href":"http:\/\/lornaearth.com\/en\/wp-json\/wp\/v2\/product_brand?post=10318"},{"taxonomy":"product_cat","embeddable":true,"href":"http:\/\/lornaearth.com\/en\/wp-json\/wp\/v2\/product_cat?post=10318"},{"taxonomy":"product_tag","embeddable":true,"href":"http:\/\/lornaearth.com\/en\/wp-json\/wp\/v2\/product_tag?post=10318"}],"curies":[{"name":"wp","href":"https:\/\/api.w.org\/{rel}","templated":true}]}}