{"id":10316,"date":"2025-10-12T10:58:25","date_gmt":"2025-10-12T10:58:25","guid":{"rendered":"https:\/\/lornaearth.com\/?post_type=product&#038;p=10316"},"modified":"2025-10-23T11:32:08","modified_gmt":"2025-10-23T11:32:08","slug":"dualis-necklace","status":"publish","type":"product","link":"http:\/\/lornaearth.com\/en\/product\/dualis-necklace\/","title":{"rendered":"DUALIS NECKLACE"},"content":{"rendered":"<p data-start=\"118\" data-end=\"269\">Choker-style necklace crafted with 4 mm <em data-start=\"136\" data-end=\"148\">bloodstone<\/em> beads and an asymmetrically placed freshwater pearl. Features a gold stainless steel clasp.<\/p>\n<p data-start=\"271\" data-end=\"522\">- <span data-start=\"274\" data-end=\"286\">bloodstone<\/span>, also known as heliotrope, is valued for its revitalizing and protective energy. It is said to promote strength, balance, and mental clarity, helping to maintain calm and determination even in times of change.<\/p>\n<p data-start=\"524\" data-end=\"704\">A piece that embodies harmony and contrast \u2014the solidity of <em data-start=\"584\" data-end=\"596\">bloodstone<\/em> combined with the organic delicacy of the pearl.<\/p>\n<p>{{detalles}}<\/p>\n<p><span class=\"fontstyle0\">Material: Stainless Steel Clasp<br \/>\nBeads: Bloodstone and Cultured Freshwater Pearl<br \/>\nHandcrafted in Spain<\/span><\/p>\n<p>{{\/detalles}}<\/p>\n<p>{{mima_tu_prenda}}<\/p>\n<p>Do not wash.<\/p>\n<p>Learn an environmentally friendly way to\ntake care of your clothes <a href=\"https:\/\/lornaearth.com\/en\/lorna-laundry-guide\/\">here.<\/a><\/p>\n<p>{{\/mima_tu_prenda}}<\/p>","protected":false},"excerpt":{"rendered":"<p>Collar tipo gargantilla elaborado con piedras bloodstone de 4 mm y una perla de agua dulce situada de forma asim\u00e9trica. Incorpora un cierre dorado de acero inoxidable. La bloodstone, tambi\u00e9n conocida como piedra heliotropo, es apreciada por su energ\u00eda revitalizante y protectora. Se dice que aporta fuerza, equilibrio y claridad mental, ayudando a mantener la<a class=\"more-link\" href=\"http:\/\/lornaearth.com\/en\/product\/dualis-necklace\/\">Read more  &#10230;<\/a><\/p>","protected":false},"featured_media":10478,"template":"","meta":{"om_disable_all_campaigns":false,"_monsterinsights_skip_tracking":false,"_monsterinsights_sitenote_active":false,"_monsterinsights_sitenote_note":"","_monsterinsights_sitenote_category":0,"_uf_show_specific_survey":0,"_uf_disable_surveys":false},"product_brand":[],"product_cat":[69,86],"product_tag":[],"class_list":{"0":"post-10316","1":"product","2":"type-product","3":"status-publish","4":"has-post-thumbnail","6":"product_cat-accesorios","7":"product_cat-joyas","9":"first","10":"instock","11":"taxable","12":"shipping-taxable","13":"purchasable","14":"product-type-simple"},"_links":{"self":[{"href":"http:\/\/lornaearth.com\/en\/wp-json\/wp\/v2\/product\/10316","targetHints":{"allow":["GET"]}}],"collection":[{"href":"http:\/\/lornaearth.com\/en\/wp-json\/wp\/v2\/product"}],"about":[{"href":"http:\/\/lornaearth.com\/en\/wp-json\/wp\/v2\/types\/product"}],"wp:featuredmedia":[{"embeddable":true,"href":"http:\/\/lornaearth.com\/en\/wp-json\/wp\/v2\/media\/10478"}],"wp:attachment":[{"href":"http:\/\/lornaearth.com\/en\/wp-json\/wp\/v2\/media?parent=10316"}],"wp:term":[{"taxonomy":"product_brand","embeddable":true,"href":"http:\/\/lornaearth.com\/en\/wp-json\/wp\/v2\/product_brand?post=10316"},{"taxonomy":"product_cat","embeddable":true,"href":"http:\/\/lornaearth.com\/en\/wp-json\/wp\/v2\/product_cat?post=10316"},{"taxonomy":"product_tag","embeddable":true,"href":"http:\/\/lornaearth.com\/en\/wp-json\/wp\/v2\/product_tag?post=10316"}],"curies":[{"name":"wp","href":"https:\/\/api.w.org\/{rel}","templated":true}]}}