{"id":10315,"date":"2025-10-12T10:53:24","date_gmt":"2025-10-12T10:53:24","guid":{"rendered":"https:\/\/lornaearth.com\/?post_type=product&#038;p=10315"},"modified":"2026-04-16T12:25:08","modified_gmt":"2026-04-16T12:25:08","slug":"thalassa-necklace","status":"publish","type":"product","link":"http:\/\/lornaearth.com\/en\/product\/thalassa-necklace\/","title":{"rendered":"THALASSA NECKLACE"},"content":{"rendered":"<p data-start=\"139\" data-end=\"299\">Necklace crafted with 4mm <em data-start=\"171\" data-end=\"186\">Dalmatian Jasper<\/em> de 8 mm. Incorpora un cierre dorado de acero inoxidable.<\/p>\n<p data-start=\"301\" data-end=\"542\">- <em data-start=\"304\" data-end=\"319\">Dalmatian Jasper<\/em> is a stone associated with joy, protection, and a connection to nature. It is said to help balance emotions and provide positive, steady energy, promoting spontaneity and inner calm.<\/p>\n<p data-start=\"544\" data-end=\"713\">A piece full of character and balance, where the earthy strength of <em data-start=\"610\" data-end=\"625\">Dalmatian Jasper<\/em> meets the natural delicacy of the pearl, creating an elegant and organic contrast.<\/p>\n<p>{{detalles}}<\/p>\n<p><span class=\"fontstyle0\">Material: Stainless Steel<br \/>\nAbalorio: Jape<br \/>\nHandcrafted in Spain<\/span><\/p>\n<p>{{\/detalles}}<\/p>\n<p>{{mima_tu_prenda}}<\/p>\n<p>Do not wash.<\/p>\n<p>Learn an environmentally friendly way to\ntake care of your clothes <a href=\"https:\/\/lornaearth.com\/en\/lorna-laundry-guide\/\">here.<\/a><\/p>\n<p>{{\/mima_tu_prenda}}<\/p>","protected":false},"excerpt":{"rendered":"<p>Collar elaborado con piedras de jaspe d\u00e1lmata de 8 mm. Incorpora un cierre dorado de acero inoxidable. El jaspe d\u00e1lmata es una piedra asociada con la alegr\u00eda, la protecci\u00f3n y la conexi\u00f3n con la naturaleza. Se dice que ayuda a equilibrar las emociones y aporta una energ\u00eda positiva y estable, fomentando la espontaneidad y la<a class=\"more-link\" href=\"http:\/\/lornaearth.com\/en\/product\/thalassa-necklace\/\">Read more  &#10230;<\/a><\/p>","protected":false},"featured_media":11420,"template":"","meta":{"om_disable_all_campaigns":false,"_monsterinsights_skip_tracking":false,"_monsterinsights_sitenote_active":false,"_monsterinsights_sitenote_note":"","_monsterinsights_sitenote_category":0,"_uf_show_specific_survey":0,"_uf_disable_surveys":false},"product_brand":[],"product_cat":[69,86],"product_tag":[],"class_list":{"0":"post-10315","1":"product","2":"type-product","3":"status-publish","4":"has-post-thumbnail","6":"product_cat-accesorios","7":"product_cat-joyas","9":"first","10":"instock","11":"taxable","12":"shipping-taxable","13":"purchasable","14":"product-type-simple"},"_links":{"self":[{"href":"http:\/\/lornaearth.com\/en\/wp-json\/wp\/v2\/product\/10315","targetHints":{"allow":["GET"]}}],"collection":[{"href":"http:\/\/lornaearth.com\/en\/wp-json\/wp\/v2\/product"}],"about":[{"href":"http:\/\/lornaearth.com\/en\/wp-json\/wp\/v2\/types\/product"}],"wp:featuredmedia":[{"embeddable":true,"href":"http:\/\/lornaearth.com\/en\/wp-json\/wp\/v2\/media\/11420"}],"wp:attachment":[{"href":"http:\/\/lornaearth.com\/en\/wp-json\/wp\/v2\/media?parent=10315"}],"wp:term":[{"taxonomy":"product_brand","embeddable":true,"href":"http:\/\/lornaearth.com\/en\/wp-json\/wp\/v2\/product_brand?post=10315"},{"taxonomy":"product_cat","embeddable":true,"href":"http:\/\/lornaearth.com\/en\/wp-json\/wp\/v2\/product_cat?post=10315"},{"taxonomy":"product_tag","embeddable":true,"href":"http:\/\/lornaearth.com\/en\/wp-json\/wp\/v2\/product_tag?post=10315"}],"curies":[{"name":"wp","href":"https:\/\/api.w.org\/{rel}","templated":true}]}}