{"id":10075,"date":"2025-06-05T12:08:24","date_gmt":"2025-06-05T12:08:24","guid":{"rendered":"https:\/\/lornaearth.com\/?post_type=product&#038;p=10075"},"modified":"2026-03-10T11:10:09","modified_gmt":"2026-03-10T11:10:09","slug":"arhat-bucket-hat","status":"publish","type":"product","link":"http:\/\/lornaearth.com\/en\/product\/arhat-bucket-hat\/","title":{"rendered":"ARHAT BUCKET HAT"},"content":{"rendered":"<p>Con un dise\u00f1o atemporal y una silueta suave, este bucket hat en tono verde menta est\u00e1 confeccionado en algod\u00f3n org\u00e1nico con un delicado tejido de rejilla. Su estilo sutil y fresco lo convierte en el accesorio ideal para elevar cualquier look con un toque de naturalidad y sofisticaci\u00f3n.<\/p>\n<p>{{detalles}}<\/p>\n<p><span class=\"fontstyle0\">Sombrero estilo Bucket con tejido de rejilla y forro beige.<br \/>\n\u00b7 Material: 100% organic cotton<br \/>\n\u00b7 Color: menta<br \/>\n\u00b7 Made in Spain<\/span><\/p>\n<p>{{\/detalles}}<\/p>\n<p>{{mima_tu_prenda}}<\/p>\n<p><span class=\"fontstyle0\"> Lavado a mano a m\u00e1ximo 30 grados, no blanquear, planchar a temperatura media, no limpiar en seco. No lavar a m\u00e1quina.<\/span><\/p>\n<p><span class=\"fontstyle0\">It is not recommended to use fabric softener or tumble dry. <\/span><\/p>\n<p><span class=\"fontstyle0\">Learn an environmentally friendly way to\ntake care of your clothes <a href=\"https:\/\/lornaearth.com\/en\/lorna-laundry-guide\/\">here.<\/a><\/span><\/p>\n<p>{{\/mima_tu_prenda}}<\/p>","protected":false},"excerpt":{"rendered":"<p>Con un dise\u00f1o atemporal y una silueta suave, este bucket hat en tono verde menta est\u00e1 confeccionado en algod\u00f3n org\u00e1nico con un delicado tejido de rejilla. Su estilo sutil y fresco lo convierte en el accesorio ideal para elevar cualquier look con un toque de naturalidad y sofisticaci\u00f3n. {{detalles}} Sombrero estilo Bucket con tejido de<a class=\"more-link\" href=\"http:\/\/lornaearth.com\/en\/product\/arhat-bucket-hat\/\">Read more  &#10230;<\/a><\/p>","protected":false},"featured_media":10135,"template":"","meta":{"om_disable_all_campaigns":false,"_monsterinsights_skip_tracking":false,"_monsterinsights_sitenote_active":false,"_monsterinsights_sitenote_note":"","_monsterinsights_sitenote_category":0,"_uf_show_specific_survey":0,"_uf_disable_surveys":false},"product_brand":[],"product_cat":[69,107],"product_tag":[],"class_list":{"0":"post-10075","1":"product","2":"type-product","3":"status-publish","4":"has-post-thumbnail","6":"product_cat-accesorios","7":"product_cat-gorros-sombreros","9":"first","10":"instock","11":"sale","12":"taxable","13":"shipping-taxable","14":"purchasable","15":"product-type-simple"},"_links":{"self":[{"href":"http:\/\/lornaearth.com\/en\/wp-json\/wp\/v2\/product\/10075","targetHints":{"allow":["GET"]}}],"collection":[{"href":"http:\/\/lornaearth.com\/en\/wp-json\/wp\/v2\/product"}],"about":[{"href":"http:\/\/lornaearth.com\/en\/wp-json\/wp\/v2\/types\/product"}],"wp:featuredmedia":[{"embeddable":true,"href":"http:\/\/lornaearth.com\/en\/wp-json\/wp\/v2\/media\/10135"}],"wp:attachment":[{"href":"http:\/\/lornaearth.com\/en\/wp-json\/wp\/v2\/media?parent=10075"}],"wp:term":[{"taxonomy":"product_brand","embeddable":true,"href":"http:\/\/lornaearth.com\/en\/wp-json\/wp\/v2\/product_brand?post=10075"},{"taxonomy":"product_cat","embeddable":true,"href":"http:\/\/lornaearth.com\/en\/wp-json\/wp\/v2\/product_cat?post=10075"},{"taxonomy":"product_tag","embeddable":true,"href":"http:\/\/lornaearth.com\/en\/wp-json\/wp\/v2\/product_tag?post=10075"}],"curies":[{"name":"wp","href":"https:\/\/api.w.org\/{rel}","templated":true}]}}