{"id":10031,"date":"2025-05-25T11:27:48","date_gmt":"2025-05-25T11:27:48","guid":{"rendered":"https:\/\/lornaearth.com\/?post_type=product&#038;p=10031"},"modified":"2025-09-26T12:18:03","modified_gmt":"2025-09-26T12:18:03","slug":"panuelo-de-cupro-breath","status":"publish","type":"product","link":"http:\/\/lornaearth.com\/en\/product\/panuelo-de-cupro-breath\/","title":{"rendered":"BREATH CUPRO SCARF"},"content":{"rendered":"<p>Wear art and elegance with this scarf, a timeless gem crafted with love and dedication. It is a part of the Life in Art collection, a unique fusion of art, music, and fashion, created by Carmen, the artist and designer behind LORNA EARTH.<\/p>\n<p>Every detail is printed with unmatched delicacy on 100% cupro, a sustainable fabric with a soft, silky texture that surpasses even silk in its qualities. It also comes beautifully packaged with a protective dust bag for storage.<span class=\"Apple-converted-space\">\u00a0<\/span><\/p>\n<p>With the Cupro BREATH scarf, carry with you the harmony of music and the beauty of art, creating a lasting connection between fashion and artistic expression.<span class=\"Apple-converted-space\">\u00a0<\/span><\/p>\n<p>{{detalles}}<\/p>\n<p><span class=\"fontstyle0\">\u00b7 Material: 100% Cupro \u2013 Cupro is a organic recycled cotton fabric with a silk-like feel<br \/>\n\u00b7 Colour: green, blue<br \/>\n\u00b7 Dimensions: 62\u00d762 (cm)<br \/>\n\u00b7 Made in Spain<\/span><\/p>\n<p>{{\/detalles}}<\/p>\n<p>{{mima_tu_prenda}}<\/p>\n<p><span class=\"fontstyle0\">Hand wash cold, do not bleach, low iron, do not dry clean. <\/span><\/p>\n<p><span class=\"fontstyle0\">Do not use fabric softener or tumble dry. <\/span><\/p>\n<p><span class=\"fontstyle0\">Learn an environmentally friendly way to\ntake care of your clothes <a href=\"https:\/\/lornaearth.com\/en\/lorna-laundry-guide\/\">here.<\/a><\/span><\/p>\n<p>{{\/mima_tu_prenda}}<\/p>","protected":false},"excerpt":{"rendered":"<p>Viste arte y elegancia con nuestro pa\u00f1uelo BREATH de cupro, una joya atemporal forjada con amor y dedicaci\u00f3n. Forma parte de la colecci\u00f3n Life in Art, una fusi\u00f3n \u00fanica entre arte, m\u00fasica y moda, creada por Carmen, la artista y dise\u00f1adora detr\u00e1s de LORNA EARTH. Cada detalle est\u00e1 impreso con una delicadeza inigualable sobre 100%<a class=\"more-link\" href=\"http:\/\/lornaearth.com\/en\/product\/panuelo-de-cupro-breath\/\">Read more  &#10230;<\/a><\/p>","protected":false},"featured_media":10063,"template":"","meta":{"om_disable_all_campaigns":false,"_monsterinsights_skip_tracking":false,"_monsterinsights_sitenote_active":false,"_monsterinsights_sitenote_note":"","_monsterinsights_sitenote_category":0,"_uf_show_specific_survey":0,"_uf_disable_surveys":false},"product_brand":[],"product_cat":[69,85],"product_tag":[],"class_list":{"0":"post-10031","1":"product","2":"type-product","3":"status-publish","4":"has-post-thumbnail","6":"product_cat-accesorios","7":"product_cat-panuelos","9":"first","10":"instock","11":"taxable","12":"shipping-taxable","13":"purchasable","14":"product-type-simple"},"_links":{"self":[{"href":"http:\/\/lornaearth.com\/en\/wp-json\/wp\/v2\/product\/10031","targetHints":{"allow":["GET"]}}],"collection":[{"href":"http:\/\/lornaearth.com\/en\/wp-json\/wp\/v2\/product"}],"about":[{"href":"http:\/\/lornaearth.com\/en\/wp-json\/wp\/v2\/types\/product"}],"wp:featuredmedia":[{"embeddable":true,"href":"http:\/\/lornaearth.com\/en\/wp-json\/wp\/v2\/media\/10063"}],"wp:attachment":[{"href":"http:\/\/lornaearth.com\/en\/wp-json\/wp\/v2\/media?parent=10031"}],"wp:term":[{"taxonomy":"product_brand","embeddable":true,"href":"http:\/\/lornaearth.com\/en\/wp-json\/wp\/v2\/product_brand?post=10031"},{"taxonomy":"product_cat","embeddable":true,"href":"http:\/\/lornaearth.com\/en\/wp-json\/wp\/v2\/product_cat?post=10031"},{"taxonomy":"product_tag","embeddable":true,"href":"http:\/\/lornaearth.com\/en\/wp-json\/wp\/v2\/product_tag?post=10031"}],"curies":[{"name":"wp","href":"https:\/\/api.w.org\/{rel}","templated":true}]}}